{"id":6061,"date":"2024-01-09T20:39:02","date_gmt":"2024-01-09T20:39:02","guid":{"rendered":"https:\/\/zola-cosmetics.com\/product\/zola-lifting-tape-set\/"},"modified":"2025-07-26T08:28:22","modified_gmt":"2025-07-26T08:28:22","slug":"zola-lifting-tape-set","status":"publish","type":"product","link":"https:\/\/zola-cosmetics.com\/pl\/produkt\/zola-lifting-tape-set\/","title":{"rendered":"ZOLA Zestaw ta\u015bm liftinguj\u0105cych"},"content":{"rendered":"<p>Plastry s\u0105 przyklejane w odpowiednich miejscach na sk\u00f3rze twarzy: ko\u0142o uszu, na czole, podbr\u00f3dek. Pasek pewnie utrwala mi\u0119\u015bnie, wyg\u0142adza zmarszczki, znacz\u0105co napina owal twarzy.<\/p>\n","protected":false},"excerpt":{"rendered":"<p>Plastry s\u0105 przyklejane w odpowiednich miejscach na sk\u00f3rze twarzy: ko\u0142o uszu, na czole, podbr\u00f3dek. Pasek pewnie utrwala mi\u0119\u015bnie, wyg\u0142adza zmarszczki,&#8230;<\/p>\n","protected":false},"featured_media":4604,"template":"","meta":[],"etheme_brands":[],"product_cat":[142,141],"product_tag":[],"aioseo_notices":[],"_links":{"self":[{"href":"https:\/\/zola-cosmetics.com\/pl\/wp-json\/wp\/v2\/product\/6061"}],"collection":[{"href":"https:\/\/zola-cosmetics.com\/pl\/wp-json\/wp\/v2\/product"}],"about":[{"href":"https:\/\/zola-cosmetics.com\/pl\/wp-json\/wp\/v2\/types\/product"}],"version-history":[{"count":1,"href":"https:\/\/zola-cosmetics.com\/pl\/wp-json\/wp\/v2\/product\/6061\/revisions"}],"predecessor-version":[{"id":6205,"href":"https:\/\/zola-cosmetics.com\/pl\/wp-json\/wp\/v2\/product\/6061\/revisions\/6205"}],"wp:featuredmedia":[{"embeddable":true,"href":"https:\/\/zola-cosmetics.com\/pl\/wp-json\/wp\/v2\/media\/4604"}],"wp:attachment":[{"href":"https:\/\/zola-cosmetics.com\/pl\/wp-json\/wp\/v2\/media?parent=6061"}],"wp:term":[{"taxonomy":"brand","embeddable":true,"href":"https:\/\/zola-cosmetics.com\/pl\/wp-json\/wp\/v2\/etheme_brands?post=6061"},{"taxonomy":"product_cat","embeddable":true,"href":"https:\/\/zola-cosmetics.com\/pl\/wp-json\/wp\/v2\/product_cat?post=6061"},{"taxonomy":"product_tag","embeddable":true,"href":"https:\/\/zola-cosmetics.com\/pl\/wp-json\/wp\/v2\/product_tag?post=6061"}],"curies":[{"name":"wp","href":"https:\/\/api.w.org\/{rel}","templated":true}]}}