{"id":6060,"date":"2024-01-09T20:39:02","date_gmt":"2024-01-09T20:39:02","guid":{"rendered":"https:\/\/zola-cosmetics.com\/product\/zola-express-brush-cleanser-250-ml\/"},"modified":"2026-03-04T19:03:19","modified_gmt":"2026-03-04T19:03:19","slug":"zola-express-brush-cleanser-250-ml","status":"publish","type":"product","link":"https:\/\/zola-cosmetics.com\/pl\/produkt\/zola-express-brush-cleanser-250-ml\/","title":{"rendered":"ZOLA Ekspresowy oczyszczacz do p\u0119dzli 250 ml."},"content":{"rendered":"<p>Profesjonalny ekspresowy oczyszczacz zapewnia skuteczne czyszczenie i dezynfekcj\u0119 p\u0119dzli. Nadaje si\u0119 do wszystkich rodzaj\u00f3w w\u0142osia, delikatnie usuwa wszystkie rodzaje wodoodpornych produkt\u00f3w, nie uszkadzaj\u0105c przy tym w\u0142osia i nie skracaj\u0105c czasu u\u017cytkowania p\u0119dzli. Nie wymaga sp\u0142ukiwania wod\u0105.<\/p>\n<p>Spos\u00f3b u\u017cycia: Nanie\u015b niewielk\u0105 ilo\u015b\u0107 na p\u0119dzel i oczy\u015b\u0107 w\u0142osie wacikiem lub r\u0119cznikiem papierowym.<\/p>\n<p>Sk\u0142adniki produktu: Alkohol izopropylowy, alkohol denaturowany, woda, cyklopentasiloksan, substancja zapachowa, chlorek benzalkoniowy, octan linalilu, poliwinylopirolidon.<\/p>\n<p>Przeciwwskazania: Nadwra\u017cliwo\u015b\u0107 na sk\u0142adniki zawarte w produkcie.<\/p>\n","protected":false},"excerpt":{"rendered":"<p>Profesjonalny ekspresowy oczyszczacz zapewnia skuteczne czyszczenie i dezynfekcj\u0119 p\u0119dzli. Nadaje si\u0119 do wszystkich rodzaj\u00f3w w\u0142osia, delikatnie usuwa wszystkie rodzaje wodoodpornych&#8230;<\/p>\n","protected":false},"featured_media":4606,"template":"","meta":[],"etheme_brands":[],"product_cat":[141,143],"product_tag":[],"aioseo_notices":[],"_links":{"self":[{"href":"https:\/\/zola-cosmetics.com\/pl\/wp-json\/wp\/v2\/product\/6060"}],"collection":[{"href":"https:\/\/zola-cosmetics.com\/pl\/wp-json\/wp\/v2\/product"}],"about":[{"href":"https:\/\/zola-cosmetics.com\/pl\/wp-json\/wp\/v2\/types\/product"}],"version-history":[{"count":1,"href":"https:\/\/zola-cosmetics.com\/pl\/wp-json\/wp\/v2\/product\/6060\/revisions"}],"predecessor-version":[{"id":7257,"href":"https:\/\/zola-cosmetics.com\/pl\/wp-json\/wp\/v2\/product\/6060\/revisions\/7257"}],"wp:featuredmedia":[{"embeddable":true,"href":"https:\/\/zola-cosmetics.com\/pl\/wp-json\/wp\/v2\/media\/4606"}],"wp:attachment":[{"href":"https:\/\/zola-cosmetics.com\/pl\/wp-json\/wp\/v2\/media?parent=6060"}],"wp:term":[{"taxonomy":"brand","embeddable":true,"href":"https:\/\/zola-cosmetics.com\/pl\/wp-json\/wp\/v2\/etheme_brands?post=6060"},{"taxonomy":"product_cat","embeddable":true,"href":"https:\/\/zola-cosmetics.com\/pl\/wp-json\/wp\/v2\/product_cat?post=6060"},{"taxonomy":"product_tag","embeddable":true,"href":"https:\/\/zola-cosmetics.com\/pl\/wp-json\/wp\/v2\/product_tag?post=6060"}],"curies":[{"name":"wp","href":"https:\/\/api.w.org\/{rel}","templated":true}]}}