{"id":6059,"date":"2024-01-09T20:39:02","date_gmt":"2024-01-09T20:39:02","guid":{"rendered":"https:\/\/zola-cosmetics.com\/product\/zola-eyebrow-cleansing-foam-bubblegum-150-ml\/"},"modified":"2026-03-06T10:24:48","modified_gmt":"2026-03-06T10:24:48","slug":"zola-eyebrow-cleansing-foam-bubblegum-150-ml","status":"publish","type":"product","link":"https:\/\/zola-cosmetics.com\/pl\/produkt\/zola-eyebrow-cleansing-foam-bubblegum-150-ml\/","title":{"rendered":"ZOLA Pianka do oczyszczania brwi Bubblegum 150 ml"},"content":{"rendered":"<p>R\u00f3\u017cowa pianka do brwi to profesjonalny produkt oczyszczaj\u0105cy, kt\u00f3ry gwarantuje optymalne przygotowanie sk\u00f3ry i w\u0142osk\u00f3w do koloryzacji oraz innych zabieg\u00f3w. Pozwala szybko i ca\u0142kowicie usun\u0105\u0107 zanieczyszczenia, pozosta\u0142o\u015bci produkt\u00f3w do makija\u017cu, dzia\u0142a odt\u0142uszczaj\u0105co i bakteriob\u00f3jczo. Ma unikalny sk\u0142ad oparty na mchu islandzkim, kt\u00f3ry wykazuje dzia\u0142anie antybakteryjne, przeciwzapalne i antyoksydacyjne. Spos\u00f3b u\u017cycia: Na\u0142\u00f3\u017c piank\u0119 na okolice brwi i rozprowad\u017a okr\u0119\u017cnymi ruchami za pomoc\u0105 patyczka kosmetycznego, szczoteczki lub opuszk\u00f3w palc\u00f3w. Nast\u0119pnie dok\u0142adnie sp\u0142ucz wod\u0105. Pojemno\u015b\u0107: 150 ml<\/p>\n","protected":false},"excerpt":{"rendered":"<p>R\u00f3\u017cowa pianka do brwi to profesjonalny produkt oczyszczaj\u0105cy, kt\u00f3ry gwarantuje optymalne przygotowanie sk\u00f3ry i w\u0142osk\u00f3w do koloryzacji oraz innych zabieg\u00f3w&#8230;.<\/p>\n","protected":false},"featured_media":7208,"template":"","meta":[],"etheme_brands":[],"product_cat":[134],"product_tag":[197],"aioseo_notices":[],"_links":{"self":[{"href":"https:\/\/zola-cosmetics.com\/pl\/wp-json\/wp\/v2\/product\/6059"}],"collection":[{"href":"https:\/\/zola-cosmetics.com\/pl\/wp-json\/wp\/v2\/product"}],"about":[{"href":"https:\/\/zola-cosmetics.com\/pl\/wp-json\/wp\/v2\/types\/product"}],"version-history":[{"count":2,"href":"https:\/\/zola-cosmetics.com\/pl\/wp-json\/wp\/v2\/product\/6059\/revisions"}],"predecessor-version":[{"id":7207,"href":"https:\/\/zola-cosmetics.com\/pl\/wp-json\/wp\/v2\/product\/6059\/revisions\/7207"}],"wp:featuredmedia":[{"embeddable":true,"href":"https:\/\/zola-cosmetics.com\/pl\/wp-json\/wp\/v2\/media\/7208"}],"wp:attachment":[{"href":"https:\/\/zola-cosmetics.com\/pl\/wp-json\/wp\/v2\/media?parent=6059"}],"wp:term":[{"taxonomy":"brand","embeddable":true,"href":"https:\/\/zola-cosmetics.com\/pl\/wp-json\/wp\/v2\/etheme_brands?post=6059"},{"taxonomy":"product_cat","embeddable":true,"href":"https:\/\/zola-cosmetics.com\/pl\/wp-json\/wp\/v2\/product_cat?post=6059"},{"taxonomy":"product_tag","embeddable":true,"href":"https:\/\/zola-cosmetics.com\/pl\/wp-json\/wp\/v2\/product_tag?post=6059"}],"curies":[{"name":"wp","href":"https:\/\/api.w.org\/{rel}","templated":true}]}}