{"id":6056,"date":"2024-01-09T20:39:02","date_gmt":"2024-01-09T20:39:02","guid":{"rendered":"https:\/\/zola-cosmetics.com\/product\/zola-oxidant-3-30ml\/"},"modified":"2026-04-18T14:56:46","modified_gmt":"2026-04-18T14:56:46","slug":"zola-oxidant-3-30ml","status":"publish","type":"product","link":"https:\/\/zola-cosmetics.com\/pl\/produkt\/zola-oxidant-3-30ml\/","title":{"rendered":"ZOLA Utleniacz 3% 30ml"},"content":{"rendered":"<p>Sk\u0142ad utleniacza zosta\u0142 specjalnie opracowany dla farb ZOLA, zalecamy ich stosowanie w parach, aby osi\u0105gn\u0105\u0107 doskona\u0142y efekt koloryzacji i d\u0142ugotrwa\u0142e dzia\u0142anie. Zawieraj\u0105 3% i 1,8% nadtlenku wodoru, co pozwala uzyska\u0107 maksymalne nasycenie i jasno\u015b\u0107 tonu, jednocze\u015bnie dzia\u0142aj\u0105c delikatnie, nie uszkadzaj\u0105c struktury w\u0142os\u00f3w. Zalet\u0105 kremowej konsystencji jest jej ekonomiczne zu\u017cycie i \u0142atwo\u015b\u0107 u\u017cycia przez technika. U\u017cywany do koloryzacji rz\u0119s jest tylko utleniacz 1,8%.<\/p>\n","protected":false},"excerpt":{"rendered":"<p>Sk\u0142ad utleniacza zosta\u0142 specjalnie opracowany dla farb ZOLA, zalecamy ich stosowanie w parach, aby osi\u0105gn\u0105\u0107 doskona\u0142y efekt koloryzacji i d\u0142ugotrwa\u0142e&#8230;<\/p>\n","protected":false},"featured_media":7787,"template":"","meta":[],"etheme_brands":[],"product_cat":[154],"product_tag":[197],"aioseo_notices":[],"_links":{"self":[{"href":"https:\/\/zola-cosmetics.com\/pl\/wp-json\/wp\/v2\/product\/6056"}],"collection":[{"href":"https:\/\/zola-cosmetics.com\/pl\/wp-json\/wp\/v2\/product"}],"about":[{"href":"https:\/\/zola-cosmetics.com\/pl\/wp-json\/wp\/v2\/types\/product"}],"version-history":[{"count":1,"href":"https:\/\/zola-cosmetics.com\/pl\/wp-json\/wp\/v2\/product\/6056\/revisions"}],"predecessor-version":[{"id":6210,"href":"https:\/\/zola-cosmetics.com\/pl\/wp-json\/wp\/v2\/product\/6056\/revisions\/6210"}],"wp:featuredmedia":[{"embeddable":true,"href":"https:\/\/zola-cosmetics.com\/pl\/wp-json\/wp\/v2\/media\/7787"}],"wp:attachment":[{"href":"https:\/\/zola-cosmetics.com\/pl\/wp-json\/wp\/v2\/media?parent=6056"}],"wp:term":[{"taxonomy":"brand","embeddable":true,"href":"https:\/\/zola-cosmetics.com\/pl\/wp-json\/wp\/v2\/etheme_brands?post=6056"},{"taxonomy":"product_cat","embeddable":true,"href":"https:\/\/zola-cosmetics.com\/pl\/wp-json\/wp\/v2\/product_cat?post=6056"},{"taxonomy":"product_tag","embeddable":true,"href":"https:\/\/zola-cosmetics.com\/pl\/wp-json\/wp\/v2\/product_tag?post=6056"}],"curies":[{"name":"wp","href":"https:\/\/api.w.org\/{rel}","templated":true}]}}