{"id":6055,"date":"2024-01-09T20:39:02","date_gmt":"2024-01-09T20:39:02","guid":{"rendered":"https:\/\/zola-cosmetics.com\/product\/zola-skin-color-remover-200ml\/"},"modified":"2026-03-03T14:05:31","modified_gmt":"2026-03-03T14:05:31","slug":"zola-skin-color-remover-200ml","status":"publish","type":"product","link":"https:\/\/zola-cosmetics.com\/pl\/produkt\/zola-skin-color-remover-200ml\/","title":{"rendered":"ZOLA Zmywacz koloru sk\u00f3ry 200ml"},"content":{"rendered":"<p>Produkt zosta\u0142 zaprojektowany do usuwania pozosta\u0142o\u015bci farby ze sk\u00f3ry po koloryzacji. Konsystencja pozwala kontrolowa\u0107 zu\u017cycie produktu i usuwa\u0107 nawet ma\u0142e niuanse. Dzi\u0119ki specjalnej kompozycji opartej na ketonach malinowych delikatnie oczyszcza powierzchni\u0119 sk\u00f3ry i nie wysusza jej. Keton malinowy wykazuje og\u00f3lnie wzmacniaj\u0105ce dzia\u0142anie, stymuluje wzrost i zapobiega objawom wczesnej utraty w\u0142os\u00f3w.<\/p>\n","protected":false},"excerpt":{"rendered":"<p>Produkt zosta\u0142 zaprojektowany do usuwania pozosta\u0142o\u015bci farby ze sk\u00f3ry po koloryzacji. Konsystencja pozwala kontrolowa\u0107 zu\u017cycie produktu i usuwa\u0107 nawet ma\u0142e&#8230;<\/p>\n","protected":false},"featured_media":4616,"template":"","meta":[],"etheme_brands":[],"product_cat":[126,134],"product_tag":[],"aioseo_notices":[],"_links":{"self":[{"href":"https:\/\/zola-cosmetics.com\/pl\/wp-json\/wp\/v2\/product\/6055"}],"collection":[{"href":"https:\/\/zola-cosmetics.com\/pl\/wp-json\/wp\/v2\/product"}],"about":[{"href":"https:\/\/zola-cosmetics.com\/pl\/wp-json\/wp\/v2\/types\/product"}],"version-history":[{"count":1,"href":"https:\/\/zola-cosmetics.com\/pl\/wp-json\/wp\/v2\/product\/6055\/revisions"}],"predecessor-version":[{"id":6211,"href":"https:\/\/zola-cosmetics.com\/pl\/wp-json\/wp\/v2\/product\/6055\/revisions\/6211"}],"wp:featuredmedia":[{"embeddable":true,"href":"https:\/\/zola-cosmetics.com\/pl\/wp-json\/wp\/v2\/media\/4616"}],"wp:attachment":[{"href":"https:\/\/zola-cosmetics.com\/pl\/wp-json\/wp\/v2\/media?parent=6055"}],"wp:term":[{"taxonomy":"brand","embeddable":true,"href":"https:\/\/zola-cosmetics.com\/pl\/wp-json\/wp\/v2\/etheme_brands?post=6055"},{"taxonomy":"product_cat","embeddable":true,"href":"https:\/\/zola-cosmetics.com\/pl\/wp-json\/wp\/v2\/product_cat?post=6055"},{"taxonomy":"product_tag","embeddable":true,"href":"https:\/\/zola-cosmetics.com\/pl\/wp-json\/wp\/v2\/product_tag?post=6055"}],"curies":[{"name":"wp","href":"https:\/\/api.w.org\/{rel}","templated":true}]}}