{"id":6052,"date":"2024-01-09T20:39:02","date_gmt":"2024-01-09T20:39:02","guid":{"rendered":"https:\/\/zola-cosmetics.com\/product\/zola-eyebrow-tint-with-collagen-03-brown-15ml\/"},"modified":"2026-03-24T17:19:36","modified_gmt":"2026-03-24T17:19:36","slug":"zola-eyebrow-tint-with-collagen-03-brown-15ml","status":"publish","type":"product","link":"https:\/\/zola-cosmetics.com\/pl\/produkt\/zola-eyebrow-tint-with-collagen-03-brown-15ml\/","title":{"rendered":"ZOLA Farba do Brwi z Kolagenem 03 Br\u0105zowa 15ml."},"content":{"rendered":"<p>ZOLA Permanent Colour zapewnia wysokiej jako\u015bci i bezpieczne farbowanie brwi, a dzi\u0119ki przydatnym sk\u0142adnikom piel\u0119gnuje brwi. Kolagen wzmacnia w\u0142osy, nadaje im elastyczno\u015b\u0107 i blask. Lanolina oraz nawil\u017caj\u0105cy sorbitol g\u0142\u0119boko penetruj\u0105 struktur\u0119 w\u0142osa i intensywnie go nawil\u017caj\u0105. Unikalny sk\u0142ad i lamelarna tekstura pozwalaj\u0105 na stworzenie wysokiej jako\u015bci odbitki &quot;efekt henny na sk\u00f3rze&quot;. Farba ma mi\u0119kk\u0105 konsystencj\u0119, \u0142atwo si\u0119 miesza i nak\u0142ada na brwi. Instrukcja farbowania brwi: Wyci\u015bnij oko\u0142o 1 cm koloru i tyle samo Oksydanta ZOLA 3% do plastikowego lub szklanego pojemnika. Dok\u0142adnie wymieszaj mieszank\u0119 do uzyskania jednolitej konsystencji. Czas ekspozycji wynosi 5-15 minut, w zale\u017cno\u015bci od po\u017c\u0105danego odcienia. Wa\u017cne! Czas ekspozycji liczy si\u0119 od momentu rozpocz\u0119cia aplikacji. Stosunek mieszania to 1:1.<\/p>\n","protected":false},"excerpt":{"rendered":"<p>ZOLA Permanent Colour zapewnia wysokiej jako\u015bci i bezpieczne farbowanie brwi, a dzi\u0119ki przydatnym sk\u0142adnikom piel\u0119gnuje brwi. Kolagen wzmacnia w\u0142osy, nadaje&#8230;<\/p>\n","protected":false},"featured_media":6921,"template":"","meta":[],"etheme_brands":[],"product_cat":[126,131],"product_tag":[197],"aioseo_notices":[],"_links":{"self":[{"href":"https:\/\/zola-cosmetics.com\/pl\/wp-json\/wp\/v2\/product\/6052"}],"collection":[{"href":"https:\/\/zola-cosmetics.com\/pl\/wp-json\/wp\/v2\/product"}],"about":[{"href":"https:\/\/zola-cosmetics.com\/pl\/wp-json\/wp\/v2\/types\/product"}],"version-history":[{"count":1,"href":"https:\/\/zola-cosmetics.com\/pl\/wp-json\/wp\/v2\/product\/6052\/revisions"}],"predecessor-version":[{"id":6214,"href":"https:\/\/zola-cosmetics.com\/pl\/wp-json\/wp\/v2\/product\/6052\/revisions\/6214"}],"wp:featuredmedia":[{"embeddable":true,"href":"https:\/\/zola-cosmetics.com\/pl\/wp-json\/wp\/v2\/media\/6921"}],"wp:attachment":[{"href":"https:\/\/zola-cosmetics.com\/pl\/wp-json\/wp\/v2\/media?parent=6052"}],"wp:term":[{"taxonomy":"brand","embeddable":true,"href":"https:\/\/zola-cosmetics.com\/pl\/wp-json\/wp\/v2\/etheme_brands?post=6052"},{"taxonomy":"product_cat","embeddable":true,"href":"https:\/\/zola-cosmetics.com\/pl\/wp-json\/wp\/v2\/product_cat?post=6052"},{"taxonomy":"product_tag","embeddable":true,"href":"https:\/\/zola-cosmetics.com\/pl\/wp-json\/wp\/v2\/product_tag?post=6052"}],"curies":[{"name":"wp","href":"https:\/\/api.w.org\/{rel}","templated":true}]}}