{"id":6049,"date":"2024-01-09T20:39:03","date_gmt":"2024-01-09T20:39:03","guid":{"rendered":"https:\/\/zola-cosmetics.com\/product\/zola-set-of-eyebrow-tint-with-collagen-5x15ml-5-colors-and-oxidant\/"},"modified":"2026-04-09T18:49:04","modified_gmt":"2026-04-09T18:49:04","slug":"zola-set-of-eyebrow-tint-with-collagen-5x15ml-5-colors-and-oxidant","status":"publish","type":"product","link":"https:\/\/zola-cosmetics.com\/pl\/produkt\/zola-set-of-eyebrow-tint-with-collagen-5x15ml-5-colors-and-oxidant\/","title":{"rendered":"ZOLA Zestaw Farb do Brwi z Kolagenem 5x15ml (5 kolor\u00f3w i utleniacz)"},"content":{"rendered":"<p>Zestaw 5 odcieni koloru i utleniacza. Trwa\u0142a farba ZOLA maluje brwi wysokiej jako\u015bci i bezpiecznie, zapewniaj\u0105c jednocze\u015bnie piel\u0119gnacj\u0119 brwi dzi\u0119ki przydatnym sk\u0142adnikom. Kolagen wzmacnia w\u0142osy, nadaje im elastyczno\u015b\u0107 i blask. Lanolina i nawil\u017caj\u0105cy sorbitol g\u0142\u0119boko penetruj\u0105 struktur\u0119 w\u0142os\u00f3w i intensywnie je nawil\u017caj\u0105. Unikalny sk\u0142ad i lamelarna tekstura umo\u017cliwiaj\u0105 stworzenie wysokiej jako\u015bci odbitki \u201eefekt henny na sk\u00f3rze\u201d. Farba ma mi\u0119kk\u0105 konsystencj\u0119, jest \u0142atwa w mieszaniu i aplikacji na brwi. Instrukcje farbowania brwi: Wyci\u015bnij oko\u0142o 1 cm koloru i tyle samo Oksydanta ZOLA 3% do plastikowego lub szklanego pojemnika. Dok\u0142adnie wymieszaj mieszank\u0119 do uzyskania jednolitej konsystencji. Czas ekspozycji wynosi 5-15 minut, w zale\u017cno\u015bci od po\u017c\u0105danego odcienia. Wa\u017cne! Czas ekspozycji liczy si\u0119 od momentu rozpocz\u0119cia aplikacji. Stosunek mieszania to 1:1.<\/p>\n","protected":false},"excerpt":{"rendered":"<p>Zestaw 5 odcieni koloru i utleniacza. Trwa\u0142a farba ZOLA maluje brwi wysokiej jako\u015bci i bezpiecznie, zapewniaj\u0105c jednocze\u015bnie piel\u0119gnacj\u0119 brwi dzi\u0119ki&#8230;<\/p>\n","protected":false},"featured_media":6906,"template":"","meta":[],"etheme_brands":[],"product_cat":[126,131],"product_tag":[197],"aioseo_notices":[],"_links":{"self":[{"href":"https:\/\/zola-cosmetics.com\/pl\/wp-json\/wp\/v2\/product\/6049"}],"collection":[{"href":"https:\/\/zola-cosmetics.com\/pl\/wp-json\/wp\/v2\/product"}],"about":[{"href":"https:\/\/zola-cosmetics.com\/pl\/wp-json\/wp\/v2\/types\/product"}],"version-history":[{"count":1,"href":"https:\/\/zola-cosmetics.com\/pl\/wp-json\/wp\/v2\/product\/6049\/revisions"}],"predecessor-version":[{"id":6217,"href":"https:\/\/zola-cosmetics.com\/pl\/wp-json\/wp\/v2\/product\/6049\/revisions\/6217"}],"wp:featuredmedia":[{"embeddable":true,"href":"https:\/\/zola-cosmetics.com\/pl\/wp-json\/wp\/v2\/media\/6906"}],"wp:attachment":[{"href":"https:\/\/zola-cosmetics.com\/pl\/wp-json\/wp\/v2\/media?parent=6049"}],"wp:term":[{"taxonomy":"brand","embeddable":true,"href":"https:\/\/zola-cosmetics.com\/pl\/wp-json\/wp\/v2\/etheme_brands?post=6049"},{"taxonomy":"product_cat","embeddable":true,"href":"https:\/\/zola-cosmetics.com\/pl\/wp-json\/wp\/v2\/product_cat?post=6049"},{"taxonomy":"product_tag","embeddable":true,"href":"https:\/\/zola-cosmetics.com\/pl\/wp-json\/wp\/v2\/product_tag?post=6049"}],"curies":[{"name":"wp","href":"https:\/\/api.w.org\/{rel}","templated":true}]}}