{"id":6033,"date":"2024-01-09T20:39:04","date_gmt":"2024-01-09T20:39:04","guid":{"rendered":"https:\/\/zola-cosmetics.com\/product\/zola-cluster-lashes-10d-12-mm\/"},"modified":"2025-07-26T08:28:13","modified_gmt":"2025-07-26T08:28:13","slug":"zola-cluster-lashes-10d-12-mm","status":"publish","type":"product","link":"https:\/\/zola-cosmetics.com\/pl\/produkt\/zola-cluster-lashes-10d-12-mm\/","title":{"rendered":"ZOLA K\u0119pki rz\u0119s 10D 12 mm"},"content":{"rendered":"<p>Sztuczne rz\u0119sy w k\u0119pach pomagaj\u0105 doda\u0107 obj\u0119to\u015bci naturalnym rz\u0119som wzd\u0142u\u017c ca\u0142ej linii wzrostu lub cz\u0119\u015bciowo. Spojrzenie staje si\u0119 bardziej wyraziste, a wygl\u0105d oryginalny i nieskazitelny. Bardzo \u0142atwe w aplikacji i nie powoduj\u0105 dyskomfortu podczas noszenia. Upewnij si\u0119, \u017ce u\u017cywasz specjalnego kleju do rz\u0119s. Rz\u0119sy Zola s\u0105 ca\u0142kowicie niewidoczne dzi\u0119ki swojej p\u0142askiej podstawie, dlatego wygl\u0105daj\u0105 bardzo naturalnie. Dost\u0119pne w obj\u0119to\u015bci 10D i 20D, a tak\u017ce w wariacji Birdtail. D\u0142ugo\u015b\u0107 rz\u0119s: 8 mm, 9 mm, 10 mm, 11 mm, 12 mm, 13 mm i 14 mm.<\/p>\n","protected":false},"excerpt":{"rendered":"<p>Sztuczne rz\u0119sy w k\u0119pach pomagaj\u0105 doda\u0107 obj\u0119to\u015bci naturalnym rz\u0119som wzd\u0142u\u017c ca\u0142ej linii wzrostu lub cz\u0119\u015bciowo. Spojrzenie staje si\u0119 bardziej wyraziste,&#8230;<\/p>\n","protected":false},"featured_media":4660,"template":"","meta":[],"etheme_brands":[],"product_cat":[141,144],"product_tag":[],"aioseo_notices":[],"_links":{"self":[{"href":"https:\/\/zola-cosmetics.com\/pl\/wp-json\/wp\/v2\/product\/6033"}],"collection":[{"href":"https:\/\/zola-cosmetics.com\/pl\/wp-json\/wp\/v2\/product"}],"about":[{"href":"https:\/\/zola-cosmetics.com\/pl\/wp-json\/wp\/v2\/types\/product"}],"version-history":[{"count":1,"href":"https:\/\/zola-cosmetics.com\/pl\/wp-json\/wp\/v2\/product\/6033\/revisions"}],"predecessor-version":[{"id":6234,"href":"https:\/\/zola-cosmetics.com\/pl\/wp-json\/wp\/v2\/product\/6033\/revisions\/6234"}],"wp:featuredmedia":[{"embeddable":true,"href":"https:\/\/zola-cosmetics.com\/pl\/wp-json\/wp\/v2\/media\/4660"}],"wp:attachment":[{"href":"https:\/\/zola-cosmetics.com\/pl\/wp-json\/wp\/v2\/media?parent=6033"}],"wp:term":[{"taxonomy":"brand","embeddable":true,"href":"https:\/\/zola-cosmetics.com\/pl\/wp-json\/wp\/v2\/etheme_brands?post=6033"},{"taxonomy":"product_cat","embeddable":true,"href":"https:\/\/zola-cosmetics.com\/pl\/wp-json\/wp\/v2\/product_cat?post=6033"},{"taxonomy":"product_tag","embeddable":true,"href":"https:\/\/zola-cosmetics.com\/pl\/wp-json\/wp\/v2\/product_tag?post=6033"}],"curies":[{"name":"wp","href":"https:\/\/api.w.org\/{rel}","templated":true}]}}