{"id":6027,"date":"2024-01-09T20:39:04","date_gmt":"2024-01-09T20:39:04","guid":{"rendered":"https:\/\/zola-cosmetics.com\/product\/zola-x-maks-belokonskyi-powder-eyebrow-pencil\/"},"modified":"2025-07-26T08:28:13","modified_gmt":"2025-07-26T08:28:13","slug":"zola-x-maks-belokonskyi-powder-eyebrow-pencil","status":"publish","type":"product","link":"https:\/\/zola-cosmetics.com\/pl\/produkt\/zola-x-maks-belokonskyi-powder-eyebrow-pencil\/","title":{"rendered":"ZOLA x Maks Belokonskyi Kredka do Brwi w Pudrze"},"content":{"rendered":"<p>Niezr\u00f3wnana wsp\u00f3\u0142praca marki Zola z mistrzem brwi Maxem Belokonskim &#8211; nowy o\u0142\u00f3wek do brwi Maestro w formie pudrowej. Doskonale wytexturowany i uniwersalny odcie\u0144, odpowiedni do makija\u017cu oraz zaznaczania przed koloryzacj\u0105. O\u0142\u00f3wek jest mi\u0119kki i utrzymuje kontur.<\/p>\n","protected":false},"excerpt":{"rendered":"<p>Niezr\u00f3wnana wsp\u00f3\u0142praca marki Zola z mistrzem brwi Maxem Belokonskim &#8211; nowy o\u0142\u00f3wek do brwi Maestro w formie pudrowej. Doskonale wytexturowany&#8230;<\/p>\n","protected":false},"featured_media":7835,"template":"","meta":[],"etheme_brands":[],"product_cat":[126,130],"product_tag":[],"aioseo_notices":[],"_links":{"self":[{"href":"https:\/\/zola-cosmetics.com\/pl\/wp-json\/wp\/v2\/product\/6027"}],"collection":[{"href":"https:\/\/zola-cosmetics.com\/pl\/wp-json\/wp\/v2\/product"}],"about":[{"href":"https:\/\/zola-cosmetics.com\/pl\/wp-json\/wp\/v2\/types\/product"}],"version-history":[{"count":1,"href":"https:\/\/zola-cosmetics.com\/pl\/wp-json\/wp\/v2\/product\/6027\/revisions"}],"predecessor-version":[{"id":6241,"href":"https:\/\/zola-cosmetics.com\/pl\/wp-json\/wp\/v2\/product\/6027\/revisions\/6241"}],"wp:featuredmedia":[{"embeddable":true,"href":"https:\/\/zola-cosmetics.com\/pl\/wp-json\/wp\/v2\/media\/7835"}],"wp:attachment":[{"href":"https:\/\/zola-cosmetics.com\/pl\/wp-json\/wp\/v2\/media?parent=6027"}],"wp:term":[{"taxonomy":"brand","embeddable":true,"href":"https:\/\/zola-cosmetics.com\/pl\/wp-json\/wp\/v2\/etheme_brands?post=6027"},{"taxonomy":"product_cat","embeddable":true,"href":"https:\/\/zola-cosmetics.com\/pl\/wp-json\/wp\/v2\/product_cat?post=6027"},{"taxonomy":"product_tag","embeddable":true,"href":"https:\/\/zola-cosmetics.com\/pl\/wp-json\/wp\/v2\/product_tag?post=6027"}],"curies":[{"name":"wp","href":"https:\/\/api.w.org\/{rel}","templated":true}]}}