{"id":6026,"date":"2024-01-09T20:39:04","date_gmt":"2024-01-09T20:39:04","guid":{"rendered":"https:\/\/zola-cosmetics.com\/product\/zola-botox-for-eyebrows-and-eyelashes-in-sachet-botox-cure-1-5-ml-x-10-pcs\/"},"modified":"2025-07-26T08:28:13","modified_gmt":"2025-07-26T08:28:13","slug":"zola-botox-for-eyebrows-and-eyelashes-in-sachet-botox-cure-1-5-ml-x-10-pcs","status":"publish","type":"product","link":"https:\/\/zola-cosmetics.com\/pl\/produkt\/zola-botox-for-eyebrows-and-eyelashes-in-sachet-botox-cure-1-5-ml-x-10-pcs\/","title":{"rendered":"ZOLA Botox dla brwi i rz\u0119s w saszetkach Botox Cure 1,5 ml x 10 szt."},"content":{"rendered":"<p>Niezb\u0119dny w domowej piel\u0119gnacji i produkt, kt\u00f3ry jednocze\u015bnie przed\u0142u\u017ca efekt laminacji oraz zapewnia odpowiedni\u0105 piel\u0119gnacj\u0119 brwi i rz\u0119s po zabiegach w salonie. Zola Botox Cure to innowacyjny produkt, kt\u00f3ry \u0142\u0105czy \u0142atwo\u015b\u0107 u\u017cytkowania i profesjonalny sk\u0142ad. Unikalna formu\u0142a, kt\u00f3ra odbudowuje i stymuluje wzrost uszkodzonych w\u0142os\u00f3w, zawiera &#8211; bia\u0142ka niezb\u0119dne do naprawy, mianowicie keratyn\u0119, fibroin\u0119 i sericyn\u0119 &#8211; kolagen &#8211; fitosterole; &#8211; bioflawonoidy; &#8211; pantenol.<\/p>\n","protected":false},"excerpt":{"rendered":"<p>Niezb\u0119dny w domowej piel\u0119gnacji i produkt, kt\u00f3ry jednocze\u015bnie przed\u0142u\u017ca efekt laminacji oraz zapewnia odpowiedni\u0105 piel\u0119gnacj\u0119 brwi i rz\u0119s po zabiegach&#8230;<\/p>\n","protected":false},"featured_media":6969,"template":"","meta":[],"etheme_brands":[],"product_cat":[123,172,171,135],"product_tag":[197],"aioseo_notices":[],"_links":{"self":[{"href":"https:\/\/zola-cosmetics.com\/pl\/wp-json\/wp\/v2\/product\/6026"}],"collection":[{"href":"https:\/\/zola-cosmetics.com\/pl\/wp-json\/wp\/v2\/product"}],"about":[{"href":"https:\/\/zola-cosmetics.com\/pl\/wp-json\/wp\/v2\/types\/product"}],"version-history":[{"count":1,"href":"https:\/\/zola-cosmetics.com\/pl\/wp-json\/wp\/v2\/product\/6026\/revisions"}],"predecessor-version":[{"id":6242,"href":"https:\/\/zola-cosmetics.com\/pl\/wp-json\/wp\/v2\/product\/6026\/revisions\/6242"}],"wp:featuredmedia":[{"embeddable":true,"href":"https:\/\/zola-cosmetics.com\/pl\/wp-json\/wp\/v2\/media\/6969"}],"wp:attachment":[{"href":"https:\/\/zola-cosmetics.com\/pl\/wp-json\/wp\/v2\/media?parent=6026"}],"wp:term":[{"taxonomy":"brand","embeddable":true,"href":"https:\/\/zola-cosmetics.com\/pl\/wp-json\/wp\/v2\/etheme_brands?post=6026"},{"taxonomy":"product_cat","embeddable":true,"href":"https:\/\/zola-cosmetics.com\/pl\/wp-json\/wp\/v2\/product_cat?post=6026"},{"taxonomy":"product_tag","embeddable":true,"href":"https:\/\/zola-cosmetics.com\/pl\/wp-json\/wp\/v2\/product_tag?post=6026"}],"curies":[{"name":"wp","href":"https:\/\/api.w.org\/{rel}","templated":true}]}}