{"id":6024,"date":"2024-01-09T20:39:04","date_gmt":"2024-01-09T20:39:04","guid":{"rendered":"https:\/\/zola-cosmetics.com\/product\/zola-narrow-beveled-brush-01br-raspberry\/"},"modified":"2025-10-15T15:03:33","modified_gmt":"2025-10-15T15:03:33","slug":"zola-narrow-beveled-brush-01br-raspberry","status":"publish","type":"product","link":"https:\/\/zola-cosmetics.com\/pl\/produkt\/zola-narrow-beveled-brush-01br-raspberry\/","title":{"rendered":"ZOLA W\u0105ski p\u0119dzel ze skosem 01br Malina"},"content":{"rendered":"<p>W\u0105ski p\u0119dzel ze sko\u015bnym zako\u0144czeniem: Ten p\u0119dzel jest zaprojektowany do szczeg\u00f3\u0142owej aplikacji produktu. Jest idealny do tworzenia zdefiniowanych linii i podkre\u015blania kszta\u0142tu brwi. W\u0105skie, sko\u015bne w\u0142osie umo\u017cliwia najdok\u0142adniejsze kontrolowanie pracy nad detalami. Sk\u0142adniki: w\u0142osie syntetyczne.<\/p>\n","protected":false},"excerpt":{"rendered":"<p>W\u0105ski p\u0119dzel ze sko\u015bnym zako\u0144czeniem: Ten p\u0119dzel jest zaprojektowany do szczeg\u00f3\u0142owej aplikacji produktu. Jest idealny do tworzenia zdefiniowanych linii i&#8230;<\/p>\n","protected":false},"featured_media":4678,"template":"","meta":[],"etheme_brands":[],"product_cat":[126],"product_tag":[],"aioseo_notices":[],"_links":{"self":[{"href":"https:\/\/zola-cosmetics.com\/pl\/wp-json\/wp\/v2\/product\/6024"}],"collection":[{"href":"https:\/\/zola-cosmetics.com\/pl\/wp-json\/wp\/v2\/product"}],"about":[{"href":"https:\/\/zola-cosmetics.com\/pl\/wp-json\/wp\/v2\/types\/product"}],"version-history":[{"count":1,"href":"https:\/\/zola-cosmetics.com\/pl\/wp-json\/wp\/v2\/product\/6024\/revisions"}],"predecessor-version":[{"id":6244,"href":"https:\/\/zola-cosmetics.com\/pl\/wp-json\/wp\/v2\/product\/6024\/revisions\/6244"}],"wp:featuredmedia":[{"embeddable":true,"href":"https:\/\/zola-cosmetics.com\/pl\/wp-json\/wp\/v2\/media\/4678"}],"wp:attachment":[{"href":"https:\/\/zola-cosmetics.com\/pl\/wp-json\/wp\/v2\/media?parent=6024"}],"wp:term":[{"taxonomy":"brand","embeddable":true,"href":"https:\/\/zola-cosmetics.com\/pl\/wp-json\/wp\/v2\/etheme_brands?post=6024"},{"taxonomy":"product_cat","embeddable":true,"href":"https:\/\/zola-cosmetics.com\/pl\/wp-json\/wp\/v2\/product_cat?post=6024"},{"taxonomy":"product_tag","embeddable":true,"href":"https:\/\/zola-cosmetics.com\/pl\/wp-json\/wp\/v2\/product_tag?post=6024"}],"curies":[{"name":"wp","href":"https:\/\/api.w.org\/{rel}","templated":true}]}}