{"id":6022,"date":"2024-01-09T20:39:04","date_gmt":"2024-01-09T20:39:04","guid":{"rendered":"https:\/\/zola-cosmetics.com\/product\/zola-wide-beveled-brush-02br-raspberry\/"},"modified":"2025-08-12T16:26:18","modified_gmt":"2025-08-12T16:26:18","slug":"zola-wide-beveled-brush-02br-raspberry","status":"publish","type":"product","link":"https:\/\/zola-cosmetics.com\/pl\/produkt\/zola-wide-beveled-brush-02br-raspberry\/","title":{"rendered":"ZOLA Szeroki p\u0119dzel ze skosem 02br Malina"},"content":{"rendered":"<p>Szeroki, sko\u015bny p\u0119dzel: Ten p\u0119dzel jest idealny do wype\u0142niania brwi i tworzenia zdefiniowanego wygl\u0105du. Jego kszta\u0142t u\u0142atwia aplikacj\u0119 koloru lub produktu \u017celowego, wype\u0142niaj\u0105c luki i wyg\u0142adzaj\u0105c kszta\u0142t brwi. Sk\u0142adniki: w\u0142osie syntetyczne.<\/p>\n","protected":false},"excerpt":{"rendered":"<p>Szeroki, sko\u015bny p\u0119dzel: Ten p\u0119dzel jest idealny do wype\u0142niania brwi i tworzenia zdefiniowanego wygl\u0105du. Jego kszta\u0142t u\u0142atwia aplikacj\u0119 koloru lub&#8230;<\/p>\n","protected":false},"featured_media":4682,"template":"","meta":[],"etheme_brands":[],"product_cat":[126],"product_tag":[],"aioseo_notices":[],"_links":{"self":[{"href":"https:\/\/zola-cosmetics.com\/pl\/wp-json\/wp\/v2\/product\/6022"}],"collection":[{"href":"https:\/\/zola-cosmetics.com\/pl\/wp-json\/wp\/v2\/product"}],"about":[{"href":"https:\/\/zola-cosmetics.com\/pl\/wp-json\/wp\/v2\/types\/product"}],"version-history":[{"count":1,"href":"https:\/\/zola-cosmetics.com\/pl\/wp-json\/wp\/v2\/product\/6022\/revisions"}],"predecessor-version":[{"id":6246,"href":"https:\/\/zola-cosmetics.com\/pl\/wp-json\/wp\/v2\/product\/6022\/revisions\/6246"}],"wp:featuredmedia":[{"embeddable":true,"href":"https:\/\/zola-cosmetics.com\/pl\/wp-json\/wp\/v2\/media\/4682"}],"wp:attachment":[{"href":"https:\/\/zola-cosmetics.com\/pl\/wp-json\/wp\/v2\/media?parent=6022"}],"wp:term":[{"taxonomy":"brand","embeddable":true,"href":"https:\/\/zola-cosmetics.com\/pl\/wp-json\/wp\/v2\/etheme_brands?post=6022"},{"taxonomy":"product_cat","embeddable":true,"href":"https:\/\/zola-cosmetics.com\/pl\/wp-json\/wp\/v2\/product_cat?post=6022"},{"taxonomy":"product_tag","embeddable":true,"href":"https:\/\/zola-cosmetics.com\/pl\/wp-json\/wp\/v2\/product_tag?post=6022"}],"curies":[{"name":"wp","href":"https:\/\/api.w.org\/{rel}","templated":true}]}}