{"id":6021,"date":"2024-01-09T20:39:04","date_gmt":"2024-01-09T20:39:04","guid":{"rendered":"https:\/\/zola-cosmetics.com\/product\/zola-straight-brush-03p-light-pink\/"},"modified":"2026-03-04T19:03:20","modified_gmt":"2026-03-04T19:03:20","slug":"zola-straight-brush-03p-light-pink","status":"publish","type":"product","link":"https:\/\/zola-cosmetics.com\/pl\/produkt\/zola-straight-brush-03p-light-pink\/","title":{"rendered":"ZOLA Prosty p\u0119dzel 03p Jasny r\u00f3\u017c"},"content":{"rendered":"<p>Szeroki prosty p\u0119dzel: Ten p\u0119dzel jest przeznaczony do rysowania kszta\u0142tu brwi oraz do nak\u0142adania lub usuwania oznacze\u0144. Szeroki prosty p\u0119dzel jest r\u00f3wnie\u017c dobry do nak\u0142adania koloru na brwi z du\u017cymi przerwami. Sk\u0142ad: w\u0142osie syntetyczne.<\/p>\n","protected":false},"excerpt":{"rendered":"<p>Szeroki prosty p\u0119dzel: Ten p\u0119dzel jest przeznaczony do rysowania kszta\u0142tu brwi oraz do nak\u0142adania lub usuwania oznacze\u0144. Szeroki prosty p\u0119dzel&#8230;<\/p>\n","protected":false},"featured_media":4684,"template":"","meta":[],"etheme_brands":[],"product_cat":[126],"product_tag":[],"aioseo_notices":[],"_links":{"self":[{"href":"https:\/\/zola-cosmetics.com\/pl\/wp-json\/wp\/v2\/product\/6021"}],"collection":[{"href":"https:\/\/zola-cosmetics.com\/pl\/wp-json\/wp\/v2\/product"}],"about":[{"href":"https:\/\/zola-cosmetics.com\/pl\/wp-json\/wp\/v2\/types\/product"}],"version-history":[{"count":1,"href":"https:\/\/zola-cosmetics.com\/pl\/wp-json\/wp\/v2\/product\/6021\/revisions"}],"predecessor-version":[{"id":6247,"href":"https:\/\/zola-cosmetics.com\/pl\/wp-json\/wp\/v2\/product\/6021\/revisions\/6247"}],"wp:featuredmedia":[{"embeddable":true,"href":"https:\/\/zola-cosmetics.com\/pl\/wp-json\/wp\/v2\/media\/4684"}],"wp:attachment":[{"href":"https:\/\/zola-cosmetics.com\/pl\/wp-json\/wp\/v2\/media?parent=6021"}],"wp:term":[{"taxonomy":"brand","embeddable":true,"href":"https:\/\/zola-cosmetics.com\/pl\/wp-json\/wp\/v2\/etheme_brands?post=6021"},{"taxonomy":"product_cat","embeddable":true,"href":"https:\/\/zola-cosmetics.com\/pl\/wp-json\/wp\/v2\/product_cat?post=6021"},{"taxonomy":"product_tag","embeddable":true,"href":"https:\/\/zola-cosmetics.com\/pl\/wp-json\/wp\/v2\/product_tag?post=6021"}],"curies":[{"name":"wp","href":"https:\/\/api.w.org\/{rel}","templated":true}]}}