{"id":6020,"date":"2024-01-09T20:39:05","date_gmt":"2024-01-09T20:39:05","guid":{"rendered":"https:\/\/zola-cosmetics.com\/product\/zola-straight-brush-03br-raspberry\/"},"modified":"2025-07-26T08:28:08","modified_gmt":"2025-07-26T08:28:08","slug":"zola-straight-brush-03br-raspberry","status":"publish","type":"product","link":"https:\/\/zola-cosmetics.com\/pl\/produkt\/zola-straight-brush-03br-raspberry\/","title":{"rendered":"ZOLA Prosty p\u0119dzel 03br Malina"},"content":{"rendered":"<p>Szeroki prosty p\u0119dzel: Ten p\u0119dzel jest przeznaczony do rysowania kszta\u0142tu brwi oraz do nak\u0142adania lub usuwania oznacze\u0144. Szeroki prosty p\u0119dzel jest r\u00f3wnie\u017c dobry do nak\u0142adania koloru na brwi z du\u017cymi przerwami. Sk\u0142ad: w\u0142osie syntetyczne.<\/p>\n","protected":false},"excerpt":{"rendered":"<p>Szeroki prosty p\u0119dzel: Ten p\u0119dzel jest przeznaczony do rysowania kszta\u0142tu brwi oraz do nak\u0142adania lub usuwania oznacze\u0144. Szeroki prosty p\u0119dzel&#8230;<\/p>\n","protected":false},"featured_media":4686,"template":"","meta":[],"etheme_brands":[],"product_cat":[126],"product_tag":[],"aioseo_notices":[],"_links":{"self":[{"href":"https:\/\/zola-cosmetics.com\/pl\/wp-json\/wp\/v2\/product\/6020"}],"collection":[{"href":"https:\/\/zola-cosmetics.com\/pl\/wp-json\/wp\/v2\/product"}],"about":[{"href":"https:\/\/zola-cosmetics.com\/pl\/wp-json\/wp\/v2\/types\/product"}],"version-history":[{"count":1,"href":"https:\/\/zola-cosmetics.com\/pl\/wp-json\/wp\/v2\/product\/6020\/revisions"}],"predecessor-version":[{"id":6248,"href":"https:\/\/zola-cosmetics.com\/pl\/wp-json\/wp\/v2\/product\/6020\/revisions\/6248"}],"wp:featuredmedia":[{"embeddable":true,"href":"https:\/\/zola-cosmetics.com\/pl\/wp-json\/wp\/v2\/media\/4686"}],"wp:attachment":[{"href":"https:\/\/zola-cosmetics.com\/pl\/wp-json\/wp\/v2\/media?parent=6020"}],"wp:term":[{"taxonomy":"brand","embeddable":true,"href":"https:\/\/zola-cosmetics.com\/pl\/wp-json\/wp\/v2\/etheme_brands?post=6020"},{"taxonomy":"product_cat","embeddable":true,"href":"https:\/\/zola-cosmetics.com\/pl\/wp-json\/wp\/v2\/product_cat?post=6020"},{"taxonomy":"product_tag","embeddable":true,"href":"https:\/\/zola-cosmetics.com\/pl\/wp-json\/wp\/v2\/product_tag?post=6020"}],"curies":[{"name":"wp","href":"https:\/\/api.w.org\/{rel}","templated":true}]}}