{"id":6018,"date":"2024-01-09T20:39:05","date_gmt":"2024-01-09T20:39:05","guid":{"rendered":"https:\/\/zola-cosmetics.com\/product\/zola-professional-set-of-eyebrow-brushes-magic-brow-brushes-raspberry\/"},"modified":"2026-04-14T07:32:17","modified_gmt":"2026-04-14T07:32:17","slug":"zola-professional-set-of-eyebrow-brushes-magic-brow-brushes-raspberry","status":"publish","type":"product","link":"https:\/\/zola-cosmetics.com\/pl\/produkt\/zola-professional-set-of-eyebrow-brushes-magic-brow-brushes-raspberry\/","title":{"rendered":"ZOLA Profesjonalny zestaw p\u0119dzli do brwi MAGIC BROW BRUSHES Malina"},"content":{"rendered":"<p>Profesjonalny zestaw p\u0119dzli do koloryzacji brwi &#8211; Zola MAGIC BROW BRUSHES. Ten zestaw zosta\u0142 zaprojektowany, aby pom\u00f3c Ci \u0142atwo stworzy\u0107 idealne brwi. Ka\u017cdy p\u0119dzel w tym zestawie wykonany jest z wysokiej jako\u015bci syntetycznego w\u0142osia, co zapewnia mi\u0119kk\u0105 i komfortow\u0105 aplikacj\u0119 produktu, a tak\u017ce umo\u017cliwia \u0142atwe rozcieranie, aby osi\u0105gn\u0105\u0107 naturalny wygl\u0105d. Zestaw zawiera 3 r\u00f3\u017cne typy p\u0119dzli, kt\u00f3re pomog\u0105 Ci uzyska\u0107 po\u017c\u0105dany efekt: Szeroki sko\u015bny p\u0119dzel: Ten p\u0119dzel jest idealny do wype\u0142niania brwi i tworzenia zdefiniowanych kontur\u00f3w. Jego kszta\u0142t umo\u017cliwia \u0142atw\u0105 aplikacj\u0119 koloru lub produktu \u017celowego, wype\u0142niaj\u0105c luki i wyg\u0142adzaj\u0105c kszta\u0142t brwi. W\u0105ski sko\u015bny p\u0119dzel: Ten p\u0119dzel jest przeznaczony do szczeg\u00f3\u0142owej aplikacji produktu. Jest idealny do tworzenia zdefiniowanych linii i podkre\u015blania kszta\u0142tu brwi. W\u0105skie, sko\u015bne w\u0142osie pozwala osi\u0105gn\u0105\u0107 najbardziej precyzyjn\u0105 kontrol\u0119 podczas pracy nad detalami. Szeroki prosty p\u0119dzel: Ten p\u0119dzel s\u0142u\u017cy do rysowania kszta\u0142tu brwi oraz do nak\u0142adania lub usuwania oznacze\u0144. Szeroki prosty p\u0119dzel jest r\u00f3wnie\u017c dobry do nak\u0142adania koloru na brwi z du\u017cymi przerwami.<\/p>\n","protected":false},"excerpt":{"rendered":"<p>Profesjonalny zestaw p\u0119dzli do koloryzacji brwi &#8211; Zola MAGIC BROW BRUSHES. Ten zestaw zosta\u0142 zaprojektowany, aby pom\u00f3c Ci \u0142atwo stworzy\u0107&#8230;<\/p>\n","protected":false},"featured_media":4690,"template":"","meta":[],"etheme_brands":[],"product_cat":[128,146],"product_tag":[],"aioseo_notices":[],"_links":{"self":[{"href":"https:\/\/zola-cosmetics.com\/pl\/wp-json\/wp\/v2\/product\/6018"}],"collection":[{"href":"https:\/\/zola-cosmetics.com\/pl\/wp-json\/wp\/v2\/product"}],"about":[{"href":"https:\/\/zola-cosmetics.com\/pl\/wp-json\/wp\/v2\/types\/product"}],"version-history":[{"count":1,"href":"https:\/\/zola-cosmetics.com\/pl\/wp-json\/wp\/v2\/product\/6018\/revisions"}],"predecessor-version":[{"id":6250,"href":"https:\/\/zola-cosmetics.com\/pl\/wp-json\/wp\/v2\/product\/6018\/revisions\/6250"}],"wp:featuredmedia":[{"embeddable":true,"href":"https:\/\/zola-cosmetics.com\/pl\/wp-json\/wp\/v2\/media\/4690"}],"wp:attachment":[{"href":"https:\/\/zola-cosmetics.com\/pl\/wp-json\/wp\/v2\/media?parent=6018"}],"wp:term":[{"taxonomy":"brand","embeddable":true,"href":"https:\/\/zola-cosmetics.com\/pl\/wp-json\/wp\/v2\/etheme_brands?post=6018"},{"taxonomy":"product_cat","embeddable":true,"href":"https:\/\/zola-cosmetics.com\/pl\/wp-json\/wp\/v2\/product_cat?post=6018"},{"taxonomy":"product_tag","embeddable":true,"href":"https:\/\/zola-cosmetics.com\/pl\/wp-json\/wp\/v2\/product_tag?post=6018"}],"curies":[{"name":"wp","href":"https:\/\/api.w.org\/{rel}","templated":true}]}}