{"id":6017,"date":"2024-01-09T20:39:05","date_gmt":"2024-01-09T20:39:05","guid":{"rendered":"https:\/\/zola-cosmetics.com\/product\/zola-activator-for-henna-henna-mixer\/"},"modified":"2026-03-31T09:38:16","modified_gmt":"2026-03-31T09:38:16","slug":"zola-activator-for-henna-henna-mixer","status":"publish","type":"product","link":"https:\/\/zola-cosmetics.com\/pl\/produkt\/zola-activator-for-henna-henna-mixer\/","title":{"rendered":"ZOLA Aktywator do henny HENNA MIXER"},"content":{"rendered":"<p>Aktywator do henny ZOLA to niezb\u0119dny komponent do pracy z henn\u0105. Jego u\u017cycie pozwala uzyska\u0107 ja\u015bniejszy kolor i trwalsze farbowanie! Produkt zmniejsza zu\u017cycie henny, a dodatkowy sk\u0142adnik z podbia\u0142u wzmacnia korzenie w\u0142os\u00f3w. Naturalny polimer z morszczynu zatrzymuje wilgo\u0107 wewn\u0105trz kory i przed\u0142u\u017ca efekt henny. Dlatego farbowanie jest bardziej stabilne i trwa\u0142e. Spos\u00f3b u\u017cycia: Wymieszaj henn\u0119 w niemetalowym pojemniku z aktywatorem w proporcji 2:1. Mieszaj dok\u0142adnie, a\u017c do uzyskania jednolitej konsystencji. Rozpocznij proces farbowania, \u015bci\u015ble przestrzegaj\u0105c czasu utrzymywania: 30 ml Kraj produkcji: Ukraina<\/p>\n","protected":false},"excerpt":{"rendered":"<p>Aktywator do henny ZOLA to niezb\u0119dny komponent do pracy z henn\u0105. Jego u\u017cycie pozwala uzyska\u0107 ja\u015bniejszy kolor i trwalsze farbowanie!&#8230;<\/p>\n","protected":false},"featured_media":7782,"template":"","meta":[],"etheme_brands":[],"product_cat":[126,134],"product_tag":[197],"aioseo_notices":[],"_links":{"self":[{"href":"https:\/\/zola-cosmetics.com\/pl\/wp-json\/wp\/v2\/product\/6017"}],"collection":[{"href":"https:\/\/zola-cosmetics.com\/pl\/wp-json\/wp\/v2\/product"}],"about":[{"href":"https:\/\/zola-cosmetics.com\/pl\/wp-json\/wp\/v2\/types\/product"}],"version-history":[{"count":1,"href":"https:\/\/zola-cosmetics.com\/pl\/wp-json\/wp\/v2\/product\/6017\/revisions"}],"predecessor-version":[{"id":6251,"href":"https:\/\/zola-cosmetics.com\/pl\/wp-json\/wp\/v2\/product\/6017\/revisions\/6251"}],"wp:featuredmedia":[{"embeddable":true,"href":"https:\/\/zola-cosmetics.com\/pl\/wp-json\/wp\/v2\/media\/7782"}],"wp:attachment":[{"href":"https:\/\/zola-cosmetics.com\/pl\/wp-json\/wp\/v2\/media?parent=6017"}],"wp:term":[{"taxonomy":"brand","embeddable":true,"href":"https:\/\/zola-cosmetics.com\/pl\/wp-json\/wp\/v2\/etheme_brands?post=6017"},{"taxonomy":"product_cat","embeddable":true,"href":"https:\/\/zola-cosmetics.com\/pl\/wp-json\/wp\/v2\/product_cat?post=6017"},{"taxonomy":"product_tag","embeddable":true,"href":"https:\/\/zola-cosmetics.com\/pl\/wp-json\/wp\/v2\/product_tag?post=6017"}],"curies":[{"name":"wp","href":"https:\/\/api.w.org\/{rel}","templated":true}]}}