{"id":6010,"date":"2024-01-09T20:39:05","date_gmt":"2024-01-09T20:39:05","guid":{"rendered":"https:\/\/zola-cosmetics.com\/product\/zola-set-of-eyebrow-tint-with-collagen-sachet-5x5ml-5-colors\/"},"modified":"2025-12-19T16:14:56","modified_gmt":"2025-12-19T16:14:56","slug":"zola-set-of-eyebrow-tint-with-collagen-sachet-5x5ml-5-colors","status":"publish","type":"product","link":"https:\/\/zola-cosmetics.com\/pl\/produkt\/zola-set-of-eyebrow-tint-with-collagen-sachet-5x5ml-5-colors\/","title":{"rendered":"ZOLA Zestaw Farb do Brwi z Kolagenem w Saszetkach 5x5ml (5 kolor\u00f3w)"},"content":{"rendered":"<p>Zawarto\u015b\u0107 zestawu: farba &#8211; 5 szt., utleniacz &#8211; 5 szt. Trwa\u0142a Farba ZOLA zapewnia wysokiej jako\u015bci i bezpieczne farbowanie brwi, a dzi\u0119ki przydatnym sk\u0142adnikom piel\u0119gnuje brwi. Kolagen wzmacnia w\u0142osy, nadaje im elastyczno\u015b\u0107 i blask. Lanolina i nawil\u017caj\u0105cy sorbitol g\u0142\u0119boko penetruj\u0105 struktur\u0119 w\u0142os\u00f3w i intensywnie je nawil\u017caj\u0105. Unikalny sk\u0142ad i lamelarna tekstura umo\u017cliwiaj\u0105 stworzenie wysokiej jako\u015bci odbitki \u201eefekt henny na sk\u00f3rze\u201d. Farba ma mi\u0119kk\u0105 konsystencj\u0119, \u0142atwo miesza si\u0119 i aplikuje na brwi. Instrukcje farbowania brwi: Wyci\u015bnij oko\u0142o 1 cm koloru i tyle samo Oksydanta ZOLA 3% do plastikowego lub szklanego pojemnika. Dok\u0142adnie wymieszaj mieszank\u0119 do uzyskania jednolitej konsystencji. Czas ekspozycji wynosi 5-15 minut, w zale\u017cno\u015bci od po\u017c\u0105danego odcienia. Wa\u017cne! Czas ekspozycji liczy si\u0119 od momentu rozpocz\u0119cia aplikacji. Stosunek mieszania to 1:1.<\/p>\n","protected":false},"excerpt":{"rendered":"<p>Zawarto\u015b\u0107 zestawu: farba &#8211; 5 szt., utleniacz &#8211; 5 szt. Trwa\u0142a Farba ZOLA zapewnia wysokiej jako\u015bci i bezpieczne farbowanie brwi,&#8230;<\/p>\n","protected":false},"featured_media":6951,"template":"","meta":[],"etheme_brands":[],"product_cat":[126,131],"product_tag":[197],"aioseo_notices":[],"_links":{"self":[{"href":"https:\/\/zola-cosmetics.com\/pl\/wp-json\/wp\/v2\/product\/6010"}],"collection":[{"href":"https:\/\/zola-cosmetics.com\/pl\/wp-json\/wp\/v2\/product"}],"about":[{"href":"https:\/\/zola-cosmetics.com\/pl\/wp-json\/wp\/v2\/types\/product"}],"version-history":[{"count":1,"href":"https:\/\/zola-cosmetics.com\/pl\/wp-json\/wp\/v2\/product\/6010\/revisions"}],"predecessor-version":[{"id":6258,"href":"https:\/\/zola-cosmetics.com\/pl\/wp-json\/wp\/v2\/product\/6010\/revisions\/6258"}],"wp:featuredmedia":[{"embeddable":true,"href":"https:\/\/zola-cosmetics.com\/pl\/wp-json\/wp\/v2\/media\/6951"}],"wp:attachment":[{"href":"https:\/\/zola-cosmetics.com\/pl\/wp-json\/wp\/v2\/media?parent=6010"}],"wp:term":[{"taxonomy":"brand","embeddable":true,"href":"https:\/\/zola-cosmetics.com\/pl\/wp-json\/wp\/v2\/etheme_brands?post=6010"},{"taxonomy":"product_cat","embeddable":true,"href":"https:\/\/zola-cosmetics.com\/pl\/wp-json\/wp\/v2\/product_cat?post=6010"},{"taxonomy":"product_tag","embeddable":true,"href":"https:\/\/zola-cosmetics.com\/pl\/wp-json\/wp\/v2\/product_tag?post=6010"}],"curies":[{"name":"wp","href":"https:\/\/api.w.org\/{rel}","templated":true}]}}