{"id":6009,"date":"2024-01-09T20:39:05","date_gmt":"2024-01-09T20:39:05","guid":{"rendered":"https:\/\/zola-cosmetics.com\/product\/zola-professional-set-of-eyebrow-brushes-ukrainian-edition\/"},"modified":"2025-07-26T08:28:09","modified_gmt":"2025-07-26T08:28:09","slug":"zola-professional-set-of-eyebrow-brushes-ukrainian-edition","status":"publish","type":"product","link":"https:\/\/zola-cosmetics.com\/pl\/produkt\/zola-professional-set-of-eyebrow-brushes-ukrainian-edition\/","title":{"rendered":"ZOLA Profesjonalny zestaw p\u0119dzli do brwi UKRAINIAN EDITION"},"content":{"rendered":"<p>Profesjonalny zestaw p\u0119dzli do koloryzacji brwi \u2014 Zola MAGIC BROW BRUSHES. Ten zestaw zosta\u0142 zaprojektowany, aby pom\u00f3c Ci z \u0142atwo\u015bci\u0105 stworzy\u0107 idealne kszta\u0142ty brwi. Ka\u017cdy p\u0119dzel w tym zestawie jest wykonany z wysokiej jako\u015bci w\u0142osia syntetycznego, zapewniaj\u0105c mi\u0119kk\u0105 i wygodn\u0105 aplikacj\u0119 produktu, a tak\u017ce pozwala na \u0142atwe rozprowadzenie go w celu uzyskania naturalnego wygl\u0105du.<\/p>\n<p>Zestaw zawiera 3 r\u00f3\u017cne rodzaje p\u0119dzli, kt\u00f3re zapewniaj\u0105 uzyskanie po\u017c\u0105danego efektu:<\/p>\n<ul>\n<li>Szeroki sko\u015bny p\u0119dzel: Ten p\u0119dzel jest idealny do podkre\u015blania kszta\u0142tu brwi i nak\u0142adania farby. Kszta\u0142t p\u0119dzelka umo\u017cliwia \u0142atwe nak\u0142adanie farby lub \u017celu, wype\u0142niaj\u0105c luki i wyg\u0142adzaj\u0105c kszta\u0142t brwi.<\/li>\n<li>W\u0105ski p\u0119dzel ze skosem: Ten p\u0119dzel jest przeznaczony do szczeg\u00f3\u0142owej aplikacji produktu. Jest idealny do tworzenia wyg\u0142adzonych linii i podkre\u015blania kszta\u0142tu brwi. W\u0105skie \u015bci\u0119te w\u0142osie umo\u017cliwia zachowanie precyzyjnej kontroli przy pracy nad szczeg\u00f3\u0142ami.<\/li>\n<li>Szeroki p\u0119dzel ze skosem: Ten p\u0119dzel jest przeznaczony do rysowania kszta\u0142tu brwi oraz do nak\u0142adania lub usuwania oznacze\u0144 wok\u00f3\u0142 brwi. Szeroki p\u0119dzel prosty nadaje si\u0119 r\u00f3wnie\u017c do nak\u0142adania koloru na brwi o du\u017cych odst\u0119pach.<\/li>\n<\/ul>\n","protected":false},"excerpt":{"rendered":"<p>Profesjonalny zestaw p\u0119dzli do koloryzacji brwi \u2014 Zola MAGIC BROW BRUSHES. Ten zestaw zosta\u0142 zaprojektowany, aby pom\u00f3c Ci z \u0142atwo\u015bci\u0105&#8230;<\/p>\n","protected":false},"featured_media":4708,"template":"","meta":[],"etheme_brands":[],"product_cat":[128,146],"product_tag":[],"aioseo_notices":[],"_links":{"self":[{"href":"https:\/\/zola-cosmetics.com\/pl\/wp-json\/wp\/v2\/product\/6009"}],"collection":[{"href":"https:\/\/zola-cosmetics.com\/pl\/wp-json\/wp\/v2\/product"}],"about":[{"href":"https:\/\/zola-cosmetics.com\/pl\/wp-json\/wp\/v2\/types\/product"}],"version-history":[{"count":2,"href":"https:\/\/zola-cosmetics.com\/pl\/wp-json\/wp\/v2\/product\/6009\/revisions"}],"predecessor-version":[{"id":7256,"href":"https:\/\/zola-cosmetics.com\/pl\/wp-json\/wp\/v2\/product\/6009\/revisions\/7256"}],"wp:featuredmedia":[{"embeddable":true,"href":"https:\/\/zola-cosmetics.com\/pl\/wp-json\/wp\/v2\/media\/4708"}],"wp:attachment":[{"href":"https:\/\/zola-cosmetics.com\/pl\/wp-json\/wp\/v2\/media?parent=6009"}],"wp:term":[{"taxonomy":"brand","embeddable":true,"href":"https:\/\/zola-cosmetics.com\/pl\/wp-json\/wp\/v2\/etheme_brands?post=6009"},{"taxonomy":"product_cat","embeddable":true,"href":"https:\/\/zola-cosmetics.com\/pl\/wp-json\/wp\/v2\/product_cat?post=6009"},{"taxonomy":"product_tag","embeddable":true,"href":"https:\/\/zola-cosmetics.com\/pl\/wp-json\/wp\/v2\/product_tag?post=6009"}],"curies":[{"name":"wp","href":"https:\/\/api.w.org\/{rel}","templated":true}]}}