{"id":6008,"date":"2024-01-09T20:39:05","date_gmt":"2024-01-09T20:39:05","guid":{"rendered":"https:\/\/zola-cosmetics.com\/product\/zola-narrow-brush-with-bevel-01uk-ukrainian-edition\/"},"modified":"2026-03-05T09:17:37","modified_gmt":"2026-03-05T09:17:37","slug":"zola-narrow-brush-with-bevel-01uk-ukrainian-edition","status":"publish","type":"product","link":"https:\/\/zola-cosmetics.com\/pl\/produkt\/zola-narrow-brush-with-bevel-01uk-ukrainian-edition\/","title":{"rendered":"ZOLA W\u0105ski p\u0119dzel ze skosem 01uk UKRAINIAN EDITION"},"content":{"rendered":"<p>W\u0105ski p\u0119dzel ze skosem: Ten p\u0119dzel jest zaprojektowany do szczeg\u00f3\u0142owej aplikacji produktu. do podkre\u015blania kszta\u0142tu brwi i nak\u0142adania farby. W\u0105skie \u015bci\u0119te w\u0142osie umo\u017cliwia zachowanie precyzyjnej kontroli przy pracy nad szczeg\u00f3\u0142ami. Sk\u0142ad: w\u0142osie syntetyczne.<\/p>\n","protected":false},"excerpt":{"rendered":"<p>W\u0105ski p\u0119dzel ze skosem: Ten p\u0119dzel jest zaprojektowany do szczeg\u00f3\u0142owej aplikacji produktu. do podkre\u015blania kszta\u0142tu brwi i nak\u0142adania farby. W\u0105skie&#8230;<\/p>\n","protected":false},"featured_media":4710,"template":"","meta":[],"etheme_brands":[],"product_cat":[128,146],"product_tag":[],"aioseo_notices":[],"_links":{"self":[{"href":"https:\/\/zola-cosmetics.com\/pl\/wp-json\/wp\/v2\/product\/6008"}],"collection":[{"href":"https:\/\/zola-cosmetics.com\/pl\/wp-json\/wp\/v2\/product"}],"about":[{"href":"https:\/\/zola-cosmetics.com\/pl\/wp-json\/wp\/v2\/types\/product"}],"version-history":[{"count":2,"href":"https:\/\/zola-cosmetics.com\/pl\/wp-json\/wp\/v2\/product\/6008\/revisions"}],"predecessor-version":[{"id":7253,"href":"https:\/\/zola-cosmetics.com\/pl\/wp-json\/wp\/v2\/product\/6008\/revisions\/7253"}],"wp:featuredmedia":[{"embeddable":true,"href":"https:\/\/zola-cosmetics.com\/pl\/wp-json\/wp\/v2\/media\/4710"}],"wp:attachment":[{"href":"https:\/\/zola-cosmetics.com\/pl\/wp-json\/wp\/v2\/media?parent=6008"}],"wp:term":[{"taxonomy":"brand","embeddable":true,"href":"https:\/\/zola-cosmetics.com\/pl\/wp-json\/wp\/v2\/etheme_brands?post=6008"},{"taxonomy":"product_cat","embeddable":true,"href":"https:\/\/zola-cosmetics.com\/pl\/wp-json\/wp\/v2\/product_cat?post=6008"},{"taxonomy":"product_tag","embeddable":true,"href":"https:\/\/zola-cosmetics.com\/pl\/wp-json\/wp\/v2\/product_tag?post=6008"}],"curies":[{"name":"wp","href":"https:\/\/api.w.org\/{rel}","templated":true}]}}