{"id":6007,"date":"2024-01-09T20:39:05","date_gmt":"2024-01-09T20:39:05","guid":{"rendered":"https:\/\/zola-cosmetics.com\/product\/zola-wide-brush-with-bevel-02uk-ukrainian-edition\/"},"modified":"2026-02-28T15:27:41","modified_gmt":"2026-02-28T15:27:41","slug":"zola-wide-brush-with-bevel-02uk-ukrainian-edition","status":"publish","type":"product","link":"https:\/\/zola-cosmetics.com\/pl\/produkt\/zola-wide-brush-with-bevel-02uk-ukrainian-edition\/","title":{"rendered":"ZOLA Szeroki p\u0119dzel ze skosem 02uk UKRAINIAN EDITION"},"content":{"rendered":"<p>Szeroki p\u0119dzel ze skosem: Ten p\u0119dzel jest idealny do podkre\u015blania kszta\u0142tu brwi i nak\u0142adania farby. Kszta\u0142t p\u0119dzelka umo\u017cliwia \u0142atwe nak\u0142adanie farby lub \u017celu, wype\u0142niaj\u0105c luki i wyg\u0142adzaj\u0105c kszta\u0142t brwi. Sk\u0142adniki: w\u0142osie syntetyczne.<\/p>\n","protected":false},"excerpt":{"rendered":"<p>Szeroki p\u0119dzel ze skosem: Ten p\u0119dzel jest idealny do podkre\u015blania kszta\u0142tu brwi i nak\u0142adania farby. Kszta\u0142t p\u0119dzelka umo\u017cliwia \u0142atwe nak\u0142adanie&#8230;<\/p>\n","protected":false},"featured_media":4712,"template":"","meta":[],"etheme_brands":[],"product_cat":[128,146],"product_tag":[],"aioseo_notices":[],"_links":{"self":[{"href":"https:\/\/zola-cosmetics.com\/pl\/wp-json\/wp\/v2\/product\/6007"}],"collection":[{"href":"https:\/\/zola-cosmetics.com\/pl\/wp-json\/wp\/v2\/product"}],"about":[{"href":"https:\/\/zola-cosmetics.com\/pl\/wp-json\/wp\/v2\/types\/product"}],"version-history":[{"count":2,"href":"https:\/\/zola-cosmetics.com\/pl\/wp-json\/wp\/v2\/product\/6007\/revisions"}],"predecessor-version":[{"id":7255,"href":"https:\/\/zola-cosmetics.com\/pl\/wp-json\/wp\/v2\/product\/6007\/revisions\/7255"}],"wp:featuredmedia":[{"embeddable":true,"href":"https:\/\/zola-cosmetics.com\/pl\/wp-json\/wp\/v2\/media\/4712"}],"wp:attachment":[{"href":"https:\/\/zola-cosmetics.com\/pl\/wp-json\/wp\/v2\/media?parent=6007"}],"wp:term":[{"taxonomy":"brand","embeddable":true,"href":"https:\/\/zola-cosmetics.com\/pl\/wp-json\/wp\/v2\/etheme_brands?post=6007"},{"taxonomy":"product_cat","embeddable":true,"href":"https:\/\/zola-cosmetics.com\/pl\/wp-json\/wp\/v2\/product_cat?post=6007"},{"taxonomy":"product_tag","embeddable":true,"href":"https:\/\/zola-cosmetics.com\/pl\/wp-json\/wp\/v2\/product_tag?post=6007"}],"curies":[{"name":"wp","href":"https:\/\/api.w.org\/{rel}","templated":true}]}}