{"id":6006,"date":"2024-01-09T20:39:05","date_gmt":"2024-01-09T20:39:05","guid":{"rendered":"https:\/\/zola-cosmetics.com\/product\/zola-straight-brush-03uk-ukrainian-edition\/"},"modified":"2026-02-28T15:27:41","modified_gmt":"2026-02-28T15:27:41","slug":"zola-straight-brush-03uk-ukrainian-edition","status":"publish","type":"product","link":"https:\/\/zola-cosmetics.com\/pl\/produkt\/zola-straight-brush-03uk-ukrainian-edition\/","title":{"rendered":"ZOLA Prosty p\u0119dzel 03uk UKRAINIAN EDITION"},"content":{"rendered":"<p>Szeroki prosty p\u0119dzel: Ten p\u0119dzel jest przeznaczony do rysowania kszta\u0142tu brwi oraz do nak\u0142adania lub usuwania oznacze\u0144 wok\u00f3\u0142 brwi. Szeroki p\u0119dzel prosty nadaje si\u0119 r\u00f3wnie\u017c do nak\u0142adania koloru na brwi o du\u017cych odst\u0119pach. Sk\u0142ad: w\u0142osie syntetyczne.<\/p>\n","protected":false},"excerpt":{"rendered":"<p>Szeroki prosty p\u0119dzel: Ten p\u0119dzel jest przeznaczony do rysowania kszta\u0142tu brwi oraz do nak\u0142adania lub usuwania oznacze\u0144 wok\u00f3\u0142 brwi. Szeroki&#8230;<\/p>\n","protected":false},"featured_media":4714,"template":"","meta":[],"etheme_brands":[],"product_cat":[128,146],"product_tag":[],"aioseo_notices":[],"_links":{"self":[{"href":"https:\/\/zola-cosmetics.com\/pl\/wp-json\/wp\/v2\/product\/6006"}],"collection":[{"href":"https:\/\/zola-cosmetics.com\/pl\/wp-json\/wp\/v2\/product"}],"about":[{"href":"https:\/\/zola-cosmetics.com\/pl\/wp-json\/wp\/v2\/types\/product"}],"version-history":[{"count":2,"href":"https:\/\/zola-cosmetics.com\/pl\/wp-json\/wp\/v2\/product\/6006\/revisions"}],"predecessor-version":[{"id":7249,"href":"https:\/\/zola-cosmetics.com\/pl\/wp-json\/wp\/v2\/product\/6006\/revisions\/7249"}],"wp:featuredmedia":[{"embeddable":true,"href":"https:\/\/zola-cosmetics.com\/pl\/wp-json\/wp\/v2\/media\/4714"}],"wp:attachment":[{"href":"https:\/\/zola-cosmetics.com\/pl\/wp-json\/wp\/v2\/media?parent=6006"}],"wp:term":[{"taxonomy":"brand","embeddable":true,"href":"https:\/\/zola-cosmetics.com\/pl\/wp-json\/wp\/v2\/etheme_brands?post=6006"},{"taxonomy":"product_cat","embeddable":true,"href":"https:\/\/zola-cosmetics.com\/pl\/wp-json\/wp\/v2\/product_cat?post=6006"},{"taxonomy":"product_tag","embeddable":true,"href":"https:\/\/zola-cosmetics.com\/pl\/wp-json\/wp\/v2\/product_tag?post=6006"}],"curies":[{"name":"wp","href":"https:\/\/api.w.org\/{rel}","templated":true}]}}