{"id":6004,"date":"2024-01-09T20:39:06","date_gmt":"2024-01-09T20:39:06","guid":{"rendered":"https:\/\/zola-cosmetics.com\/product\/zola-multiuse-silicone-patches-for-eyes-1-pair-raspberry\/"},"modified":"2025-07-31T11:22:10","modified_gmt":"2025-07-31T11:22:10","slug":"zola-multiuse-silicone-patches-for-eyes-1-pair-raspberry","status":"publish","type":"product","link":"https:\/\/zola-cosmetics.com\/pl\/produkt\/zola-multiuse-silicone-patches-for-eyes-1-pair-raspberry\/","title":{"rendered":"Wielofunkcyjne silikonowe plastry na oczy ZOLA (1 para) (malinowe)"},"content":{"rendered":"<p>Silikonowe, wielokrotnego u\u017cytku plastry ZOLA to niezb\u0119dne narz\u0119dzie, kt\u00f3re znacz\u0105co podnosi efektywno\u015b\u0107 pracy profesjonalnych stylistek rz\u0119s! Plastry wykonane s\u0105 z hipoalergicznego elastycznego silikonu, maj\u0105 g\u0119st\u0105 konsystencj\u0119 i unikalny kszta\u0142t. Nie powoduj\u0105 podra\u017cnie\u0144, alergii, s\u0105 \u0142atwe do usuni\u0119cia. Plastry mo\u017cna \u0142atwo przymocowa\u0107 do dolnego rz\u0119du rz\u0119s, odpowiednie do ka\u017cdego anatomicznego typu oka, ca\u0142kowicie dociskaj\u0105c dolny rz\u0105d rz\u0119s. Dobrze trzymaj\u0105 si\u0119 w ustalonej pozycji przez d\u0142ugi czas, pozwalaj\u0105c technikowi skoncentrowa\u0107 si\u0119 na g\u0142\u00f3wnym procesie pracy bez rozpraszania uwagi. Materia\u0142: hipoalergiczny silikon     <\/p>\n","protected":false},"excerpt":{"rendered":"<p>Silikonowe, wielokrotnego u\u017cytku plastry ZOLA to niezb\u0119dne narz\u0119dzie, kt\u00f3re znacz\u0105co podnosi efektywno\u015b\u0107 pracy profesjonalnych stylistek rz\u0119s! Plastry wykonane s\u0105 z&#8230;<\/p>\n","protected":false},"featured_media":4718,"template":"","meta":[],"etheme_brands":[],"product_cat":[138,136],"product_tag":[],"aioseo_notices":[],"_links":{"self":[{"href":"https:\/\/zola-cosmetics.com\/pl\/wp-json\/wp\/v2\/product\/6004"}],"collection":[{"href":"https:\/\/zola-cosmetics.com\/pl\/wp-json\/wp\/v2\/product"}],"about":[{"href":"https:\/\/zola-cosmetics.com\/pl\/wp-json\/wp\/v2\/types\/product"}],"version-history":[{"count":1,"href":"https:\/\/zola-cosmetics.com\/pl\/wp-json\/wp\/v2\/product\/6004\/revisions"}],"predecessor-version":[{"id":8104,"href":"https:\/\/zola-cosmetics.com\/pl\/wp-json\/wp\/v2\/product\/6004\/revisions\/8104"}],"wp:featuredmedia":[{"embeddable":true,"href":"https:\/\/zola-cosmetics.com\/pl\/wp-json\/wp\/v2\/media\/4718"}],"wp:attachment":[{"href":"https:\/\/zola-cosmetics.com\/pl\/wp-json\/wp\/v2\/media?parent=6004"}],"wp:term":[{"taxonomy":"brand","embeddable":true,"href":"https:\/\/zola-cosmetics.com\/pl\/wp-json\/wp\/v2\/etheme_brands?post=6004"},{"taxonomy":"product_cat","embeddable":true,"href":"https:\/\/zola-cosmetics.com\/pl\/wp-json\/wp\/v2\/product_cat?post=6004"},{"taxonomy":"product_tag","embeddable":true,"href":"https:\/\/zola-cosmetics.com\/pl\/wp-json\/wp\/v2\/product_tag?post=6004"}],"curies":[{"name":"wp","href":"https:\/\/api.w.org\/{rel}","templated":true}]}}