{"id":6002,"date":"2024-01-09T20:39:06","date_gmt":"2024-01-09T20:39:06","guid":{"rendered":"https:\/\/zola-cosmetics.com\/product\/zola-eyebrow-tint-with-collagen-06-blue-black-15ml\/"},"modified":"2026-03-06T10:24:48","modified_gmt":"2026-03-06T10:24:48","slug":"zola-eyebrow-tint-with-collagen-06-blue-black-15ml","status":"publish","type":"product","link":"https:\/\/zola-cosmetics.com\/pl\/produkt\/zola-eyebrow-tint-with-collagen-06-blue-black-15ml\/","title":{"rendered":"ZOLA Farba do Brwi z Kolagenem 06 Niebiesko-czarna 15ml."},"content":{"rendered":"<p>ZOLA paint farbuje rz\u0119sy wysokiej jako\u015bci i bezpiecznie, zapewniaj\u0105c jednocze\u015bnie piel\u0119gnacj\u0119 dzi\u0119ki przydatnym sk\u0142adnikom. Kolagen wzmacnia w\u0142osy, nadaje im elastyczno\u015b\u0107 i blask. Lanolina i nawil\u017caj\u0105cy sorbitol g\u0142\u0119boko penetruj\u0105 struktur\u0119 w\u0142os\u00f3w i intensywnie je nawil\u017caj\u0105. Unikalny sk\u0142ad i lamelarna tekstura umo\u017cliwiaj\u0105 stworzenie wysokiej jako\u015bci odbitki. Farba ma mi\u0119kk\u0105 konsystencj\u0119, \u0142atwo si\u0119 miesza i aplikuje na rz\u0119sy. Instrukcje do farbowania rz\u0119s: Wyci\u015bnij oko\u0142o 1 cm farby i tyle samo Oksydanta ZOLA 1.8% do plastikowego lub szklanego pojemnika. Dok\u0142adnie wymieszaj mieszank\u0119 do uzyskania jednolitej konsystencji. Czas ekspozycji wynosi 5-15 minut, w zale\u017cno\u015bci od po\u017c\u0105danego odcienia. Wa\u017cne! Czas ekspozycji liczy si\u0119 od momentu rozpocz\u0119cia aplikacji. Stosunek mieszania to 1:1.<\/p>\n","protected":false},"excerpt":{"rendered":"<p>ZOLA paint farbuje rz\u0119sy wysokiej jako\u015bci i bezpiecznie, zapewniaj\u0105c jednocze\u015bnie piel\u0119gnacj\u0119 dzi\u0119ki przydatnym sk\u0142adnikom. Kolagen wzmacnia w\u0142osy, nadaje im elastyczno\u015b\u0107&#8230;<\/p>\n","protected":false},"featured_media":6912,"template":"","meta":[],"etheme_brands":[],"product_cat":[126,131],"product_tag":[197],"aioseo_notices":[],"_links":{"self":[{"href":"https:\/\/zola-cosmetics.com\/pl\/wp-json\/wp\/v2\/product\/6002"}],"collection":[{"href":"https:\/\/zola-cosmetics.com\/pl\/wp-json\/wp\/v2\/product"}],"about":[{"href":"https:\/\/zola-cosmetics.com\/pl\/wp-json\/wp\/v2\/types\/product"}],"version-history":[{"count":1,"href":"https:\/\/zola-cosmetics.com\/pl\/wp-json\/wp\/v2\/product\/6002\/revisions"}],"predecessor-version":[{"id":6266,"href":"https:\/\/zola-cosmetics.com\/pl\/wp-json\/wp\/v2\/product\/6002\/revisions\/6266"}],"wp:featuredmedia":[{"embeddable":true,"href":"https:\/\/zola-cosmetics.com\/pl\/wp-json\/wp\/v2\/media\/6912"}],"wp:attachment":[{"href":"https:\/\/zola-cosmetics.com\/pl\/wp-json\/wp\/v2\/media?parent=6002"}],"wp:term":[{"taxonomy":"brand","embeddable":true,"href":"https:\/\/zola-cosmetics.com\/pl\/wp-json\/wp\/v2\/etheme_brands?post=6002"},{"taxonomy":"product_cat","embeddable":true,"href":"https:\/\/zola-cosmetics.com\/pl\/wp-json\/wp\/v2\/product_cat?post=6002"},{"taxonomy":"product_tag","embeddable":true,"href":"https:\/\/zola-cosmetics.com\/pl\/wp-json\/wp\/v2\/product_tag?post=6002"}],"curies":[{"name":"wp","href":"https:\/\/api.w.org\/{rel}","templated":true}]}}