{"id":6001,"date":"2024-01-09T20:39:06","date_gmt":"2024-01-09T20:39:06","guid":{"rendered":"https:\/\/zola-cosmetics.com\/product\/zola-brow-epil-wax-pink-pearl-100-gr\/"},"modified":"2026-03-11T19:48:43","modified_gmt":"2026-03-11T19:48:43","slug":"zola-brow-epil-wax-pink-pearl-100-gr","status":"publish","type":"product","link":"https:\/\/zola-cosmetics.com\/pl\/produkt\/zola-brow-epil-wax-pink-pearl-100-gr\/","title":{"rendered":"ZOLA Wosk do epilacji brwi Pink Pearl 100 gr."},"content":{"rendered":"<p>Wosk granulowany ZOLA jest skuteczny w usuwaniu niechcianych w\u0142osk\u00f3w na wra\u017cliwej sk\u00f3rze w okolicach brwi i twarzy dzi\u0119ki swojej idealnej formule. \u0141atwo si\u0119 aplikuje i usuwa, nie tworzy paj\u0119czyn podczas aplikacji. Spos\u00f3b u\u017cycia: Umie\u015b\u0107 wymagan\u0105 ilo\u015b\u0107 granulek w podgrzewaczu do wosku i rozpu\u015b\u0107 je. Za pomoc\u0105 kosmetycznej szpatu\u0142ki na\u0142\u00f3\u017c cienk\u0105 warstw\u0119 wosku, dociskaj\u0105c go do sk\u00f3ry. Gdy wosk st\u0119\u017ceje na sk\u00f3rze i \u015bci\u015ble przytrzyma w\u0142oski, mo\u017cna go usun\u0105\u0107. Delikatnie naci\u0105gnij sk\u00f3r\u0119 i usu\u0144 wosk przeciwnie do kierunku wzrostu w\u0142osk\u00f3w. Je\u015bli u\u017cywasz wosku po raz pierwszy, przeprowad\u017a test na ma\u0142ym obszarze sk\u00f3ry. Pojemno\u015b\u0107: 500, 100 g.<\/p>\n","protected":false},"excerpt":{"rendered":"<p>Wosk granulowany ZOLA jest skuteczny w usuwaniu niechcianych w\u0142osk\u00f3w na wra\u017cliwej sk\u00f3rze w okolicach brwi i twarzy dzi\u0119ki swojej idealnej&#8230;<\/p>\n","protected":false},"featured_media":4724,"template":"","meta":[],"etheme_brands":[],"product_cat":[134],"product_tag":[197],"aioseo_notices":[],"_links":{"self":[{"href":"https:\/\/zola-cosmetics.com\/pl\/wp-json\/wp\/v2\/product\/6001"}],"collection":[{"href":"https:\/\/zola-cosmetics.com\/pl\/wp-json\/wp\/v2\/product"}],"about":[{"href":"https:\/\/zola-cosmetics.com\/pl\/wp-json\/wp\/v2\/types\/product"}],"version-history":[{"count":1,"href":"https:\/\/zola-cosmetics.com\/pl\/wp-json\/wp\/v2\/product\/6001\/revisions"}],"predecessor-version":[{"id":6267,"href":"https:\/\/zola-cosmetics.com\/pl\/wp-json\/wp\/v2\/product\/6001\/revisions\/6267"}],"wp:featuredmedia":[{"embeddable":true,"href":"https:\/\/zola-cosmetics.com\/pl\/wp-json\/wp\/v2\/media\/4724"}],"wp:attachment":[{"href":"https:\/\/zola-cosmetics.com\/pl\/wp-json\/wp\/v2\/media?parent=6001"}],"wp:term":[{"taxonomy":"brand","embeddable":true,"href":"https:\/\/zola-cosmetics.com\/pl\/wp-json\/wp\/v2\/etheme_brands?post=6001"},{"taxonomy":"product_cat","embeddable":true,"href":"https:\/\/zola-cosmetics.com\/pl\/wp-json\/wp\/v2\/product_cat?post=6001"},{"taxonomy":"product_tag","embeddable":true,"href":"https:\/\/zola-cosmetics.com\/pl\/wp-json\/wp\/v2\/product_tag?post=6001"}],"curies":[{"name":"wp","href":"https:\/\/api.w.org\/{rel}","templated":true}]}}