{"id":5999,"date":"2024-01-09T20:39:06","date_gmt":"2024-01-09T20:39:06","guid":{"rendered":"https:\/\/zola-cosmetics.com\/product\/zola-professional-eyebrow-tweezers-gold-beveled\/"},"modified":"2025-07-26T08:28:04","modified_gmt":"2025-07-26T08:28:04","slug":"zola-professional-eyebrow-tweezers-gold-beveled","status":"publish","type":"product","link":"https:\/\/zola-cosmetics.com\/pl\/produkt\/zola-professional-eyebrow-tweezers-gold-beveled\/","title":{"rendered":"ZOLA Profesjonalne P\u0119sety do Brwi GOLD (ze skosem)"},"content":{"rendered":"<p>Profesjonalne p\u0119sety ZOLA ze sko\u015bn\u0105 ko\u0144c\u00f3wk\u0105 s\u0105 wykonane z wysokiej jako\u015bci stali nierdzewnej, maj\u0105 ergonomiczny kszta\u0142t zapewniaj\u0105cy maksymalny komfort, a dzi\u0119ki r\u0119cznemu ostrzeniu roboczych kraw\u0119dzi, p\u0119sety doskonale chwytaj\u0105 w\u0142osy. S\u0105 odporne na wielokrotne dzia\u0142anie \u015brodk\u00f3w dezynfekuj\u0105cych.<\/p>\n","protected":false},"excerpt":{"rendered":"<p>Profesjonalne p\u0119sety ZOLA ze sko\u015bn\u0105 ko\u0144c\u00f3wk\u0105 s\u0105 wykonane z wysokiej jako\u015bci stali nierdzewnej, maj\u0105 ergonomiczny kszta\u0142t zapewniaj\u0105cy maksymalny komfort, a&#8230;<\/p>\n","protected":false},"featured_media":4728,"template":"","meta":[],"etheme_brands":[],"product_cat":[126,132],"product_tag":[],"aioseo_notices":[],"_links":{"self":[{"href":"https:\/\/zola-cosmetics.com\/pl\/wp-json\/wp\/v2\/product\/5999"}],"collection":[{"href":"https:\/\/zola-cosmetics.com\/pl\/wp-json\/wp\/v2\/product"}],"about":[{"href":"https:\/\/zola-cosmetics.com\/pl\/wp-json\/wp\/v2\/types\/product"}],"version-history":[{"count":1,"href":"https:\/\/zola-cosmetics.com\/pl\/wp-json\/wp\/v2\/product\/5999\/revisions"}],"predecessor-version":[{"id":6269,"href":"https:\/\/zola-cosmetics.com\/pl\/wp-json\/wp\/v2\/product\/5999\/revisions\/6269"}],"wp:featuredmedia":[{"embeddable":true,"href":"https:\/\/zola-cosmetics.com\/pl\/wp-json\/wp\/v2\/media\/4728"}],"wp:attachment":[{"href":"https:\/\/zola-cosmetics.com\/pl\/wp-json\/wp\/v2\/media?parent=5999"}],"wp:term":[{"taxonomy":"brand","embeddable":true,"href":"https:\/\/zola-cosmetics.com\/pl\/wp-json\/wp\/v2\/etheme_brands?post=5999"},{"taxonomy":"product_cat","embeddable":true,"href":"https:\/\/zola-cosmetics.com\/pl\/wp-json\/wp\/v2\/product_cat?post=5999"},{"taxonomy":"product_tag","embeddable":true,"href":"https:\/\/zola-cosmetics.com\/pl\/wp-json\/wp\/v2\/product_tag?post=5999"}],"curies":[{"name":"wp","href":"https:\/\/api.w.org\/{rel}","templated":true}]}}