{"id":5996,"date":"2024-01-09T20:39:06","date_gmt":"2024-01-09T20:39:06","guid":{"rendered":"https:\/\/zola-cosmetics.com\/product\/zola-professional-tweezers-for-eyebrows-silver-pointed\/"},"modified":"2026-02-02T11:35:47","modified_gmt":"2026-02-02T11:35:47","slug":"zola-professional-tweezers-for-eyebrows-silver-pointed","status":"publish","type":"product","link":"https:\/\/zola-cosmetics.com\/pl\/produkt\/zola-professional-tweezers-for-eyebrows-silver-pointed\/","title":{"rendered":"ZOLA Profesjonalne P\u0119sety do Brwi SILVER (szpiczaste)"},"content":{"rendered":"<p>Profesjonalne p\u0119sety ZOLA wykonane s\u0105 z wysokiej jako\u015bci stali nierdzewnej i maj\u0105 ostre ko\u0144c\u00f3wki, co pozwala na chwytanie nawet kr\u00f3tkich i cienkich w\u0142os\u00f3w bez ich \u0142amania. P\u0119sety s\u0105 odporne na wielokrotne dzia\u0142anie \u015brodk\u00f3w dezynfekuj\u0105cych.<\/p>\n","protected":false},"excerpt":{"rendered":"<p>Profesjonalne p\u0119sety ZOLA wykonane s\u0105 z wysokiej jako\u015bci stali nierdzewnej i maj\u0105 ostre ko\u0144c\u00f3wki, co pozwala na chwytanie nawet kr\u00f3tkich&#8230;<\/p>\n","protected":false},"featured_media":4734,"template":"","meta":[],"etheme_brands":[],"product_cat":[126,132],"product_tag":[],"aioseo_notices":[],"_links":{"self":[{"href":"https:\/\/zola-cosmetics.com\/pl\/wp-json\/wp\/v2\/product\/5996"}],"collection":[{"href":"https:\/\/zola-cosmetics.com\/pl\/wp-json\/wp\/v2\/product"}],"about":[{"href":"https:\/\/zola-cosmetics.com\/pl\/wp-json\/wp\/v2\/types\/product"}],"version-history":[{"count":1,"href":"https:\/\/zola-cosmetics.com\/pl\/wp-json\/wp\/v2\/product\/5996\/revisions"}],"predecessor-version":[{"id":6272,"href":"https:\/\/zola-cosmetics.com\/pl\/wp-json\/wp\/v2\/product\/5996\/revisions\/6272"}],"wp:featuredmedia":[{"embeddable":true,"href":"https:\/\/zola-cosmetics.com\/pl\/wp-json\/wp\/v2\/media\/4734"}],"wp:attachment":[{"href":"https:\/\/zola-cosmetics.com\/pl\/wp-json\/wp\/v2\/media?parent=5996"}],"wp:term":[{"taxonomy":"brand","embeddable":true,"href":"https:\/\/zola-cosmetics.com\/pl\/wp-json\/wp\/v2\/etheme_brands?post=5996"},{"taxonomy":"product_cat","embeddable":true,"href":"https:\/\/zola-cosmetics.com\/pl\/wp-json\/wp\/v2\/product_cat?post=5996"},{"taxonomy":"product_tag","embeddable":true,"href":"https:\/\/zola-cosmetics.com\/pl\/wp-json\/wp\/v2\/product_tag?post=5996"}],"curies":[{"name":"wp","href":"https:\/\/api.w.org\/{rel}","templated":true}]}}