{"id":5995,"date":"2024-01-09T20:39:06","date_gmt":"2024-01-09T20:39:06","guid":{"rendered":"https:\/\/zola-cosmetics.com\/product\/zola-viktorina-vika-eyebrow-wax-15-gr-paradise-wax-with-vitamin-e-and-argan-oil\/"},"modified":"2026-01-19T20:38:26","modified_gmt":"2026-01-19T20:38:26","slug":"zola-viktorina-vika-eyebrow-wax-15-gr-paradise-wax-with-vitamin-e-and-argan-oil","status":"publish","type":"product","link":"https:\/\/zola-cosmetics.com\/pl\/produkt\/zola-viktorina-vika-eyebrow-wax-15-gr-paradise-wax-with-vitamin-e-and-argan-oil\/","title":{"rendered":"ZOLA Viktorina Vika Wosk do Brwi 15 gr Paradise Wax z Witamin\u0105 E i Olejem Arganowym"},"content":{"rendered":"<p>Nowoczesny produkt kosmetyczny, kt\u00f3ry ju\u017c zdoby\u0142 uznanie tysi\u0119cy dziewczyn w ci\u0105gu 8 miesi\u0119cy od jego wprowadzenia na rynek. Zaktualizowana formu\u0142a delikatnie piel\u0119gnuje brwi dzi\u0119ki nowym sk\u0142adnikom w kompozycji &#8211; sk\u0142adnikom nawil\u017caj\u0105cym &#8211; witaminie E &#8211; olejowi arganowemu. Dzi\u0119ki woskowi Zola mo\u017cesz w ko\u0144cu osi\u0105gn\u0105\u0107 ten sam efekt laminacji w domu, jaki topowi styli\u015bci brwi osi\u0105gaj\u0105 dzi\u0119ki profesjonalnym produktom i umiej\u0119tno\u015bciom. Spos\u00f3b u\u017cycia: na\u0142\u00f3\u017c niewielk\u0105 ilo\u015b\u0107 wosku na p\u0119dzel do brwi, na\u0142\u00f3\u017c na brwi i uformuj je w po\u017c\u0105dany kszta\u0142t. Poczekaj na pe\u0142ne utrwalenie.<\/p>\n","protected":false},"excerpt":{"rendered":"<p>Nowoczesny produkt kosmetyczny, kt\u00f3ry ju\u017c zdoby\u0142 uznanie tysi\u0119cy dziewczyn w ci\u0105gu 8 miesi\u0119cy od jego wprowadzenia na rynek. Zaktualizowana formu\u0142a&#8230;<\/p>\n","protected":false},"featured_media":4736,"template":"","meta":[],"etheme_brands":[],"product_cat":[115],"product_tag":[195],"aioseo_notices":[],"_links":{"self":[{"href":"https:\/\/zola-cosmetics.com\/pl\/wp-json\/wp\/v2\/product\/5995"}],"collection":[{"href":"https:\/\/zola-cosmetics.com\/pl\/wp-json\/wp\/v2\/product"}],"about":[{"href":"https:\/\/zola-cosmetics.com\/pl\/wp-json\/wp\/v2\/types\/product"}],"version-history":[{"count":1,"href":"https:\/\/zola-cosmetics.com\/pl\/wp-json\/wp\/v2\/product\/5995\/revisions"}],"predecessor-version":[{"id":6273,"href":"https:\/\/zola-cosmetics.com\/pl\/wp-json\/wp\/v2\/product\/5995\/revisions\/6273"}],"wp:featuredmedia":[{"embeddable":true,"href":"https:\/\/zola-cosmetics.com\/pl\/wp-json\/wp\/v2\/media\/4736"}],"wp:attachment":[{"href":"https:\/\/zola-cosmetics.com\/pl\/wp-json\/wp\/v2\/media?parent=5995"}],"wp:term":[{"taxonomy":"brand","embeddable":true,"href":"https:\/\/zola-cosmetics.com\/pl\/wp-json\/wp\/v2\/etheme_brands?post=5995"},{"taxonomy":"product_cat","embeddable":true,"href":"https:\/\/zola-cosmetics.com\/pl\/wp-json\/wp\/v2\/product_cat?post=5995"},{"taxonomy":"product_tag","embeddable":true,"href":"https:\/\/zola-cosmetics.com\/pl\/wp-json\/wp\/v2\/product_tag?post=5995"}],"curies":[{"name":"wp","href":"https:\/\/api.w.org\/{rel}","templated":true}]}}