{"id":5994,"date":"2024-01-09T20:39:06","date_gmt":"2024-01-09T20:39:06","guid":{"rendered":"https:\/\/zola-cosmetics.com\/product\/zola-viktorina-vika-eyebrow-wax-30-gr-paradise-wax-with-vitamin-e-and-argan-oil\/"},"modified":"2026-03-09T18:47:23","modified_gmt":"2026-03-09T18:47:23","slug":"zola-viktorina-vika-eyebrow-wax-30-gr-paradise-wax-with-vitamin-e-and-argan-oil","status":"publish","type":"product","link":"https:\/\/zola-cosmetics.com\/pl\/produkt\/zola-viktorina-vika-eyebrow-wax-30-gr-paradise-wax-with-vitamin-e-and-argan-oil\/","title":{"rendered":"ZOLA Viktorina Vika Wosk do Brwi 30 gr Paradise Wax z Witamin\u0105 E i Olejem Arganowym"},"content":{"rendered":"<p>Zmodernizowany produkt kosmetyczny, kt\u00f3ry w ci\u0105gu 8 miesi\u0119cy od wprowadzenia na rynek zdoby\u0142 uznanie tysi\u0119cy dziewczyn. Zaktualizowana formu\u0142a delikatnie dba o brwi dzi\u0119ki nowym sk\u0142adnikom w kompozycji &#8211; sk\u0142adnikom nawil\u017caj\u0105cym, witaminie E oraz olejowi arganowemu. Dzi\u0119ki woskowi Zola mo\u017cesz w ko\u0144cu osi\u0105gn\u0105\u0107 efekt laminacji salonowej w domu, kt\u00f3ry najlepsi styli\u015bci brwi osi\u0105gaj\u0105 za pomoc\u0105 profesjonalnych produkt\u00f3w i umiej\u0119tno\u015bci. Spos\u00f3b u\u017cycia: we\u017a niewielk\u0105 ilo\u015b\u0107 wosku na p\u0119dzel do brwi, na\u0142\u00f3\u017c na brwi i uformuj je w po\u017c\u0105dany kszta\u0142t. Poczekaj na ca\u0142kowite utrwalenie.<\/p>\n","protected":false},"excerpt":{"rendered":"<p>Zmodernizowany produkt kosmetyczny, kt\u00f3ry w ci\u0105gu 8 miesi\u0119cy od wprowadzenia na rynek zdoby\u0142 uznanie tysi\u0119cy dziewczyn. Zaktualizowana formu\u0142a delikatnie dba&#8230;<\/p>\n","protected":false},"featured_media":4738,"template":"","meta":[],"etheme_brands":[],"product_cat":[129],"product_tag":[197],"aioseo_notices":[],"_links":{"self":[{"href":"https:\/\/zola-cosmetics.com\/pl\/wp-json\/wp\/v2\/product\/5994"}],"collection":[{"href":"https:\/\/zola-cosmetics.com\/pl\/wp-json\/wp\/v2\/product"}],"about":[{"href":"https:\/\/zola-cosmetics.com\/pl\/wp-json\/wp\/v2\/types\/product"}],"version-history":[{"count":1,"href":"https:\/\/zola-cosmetics.com\/pl\/wp-json\/wp\/v2\/product\/5994\/revisions"}],"predecessor-version":[{"id":6274,"href":"https:\/\/zola-cosmetics.com\/pl\/wp-json\/wp\/v2\/product\/5994\/revisions\/6274"}],"wp:featuredmedia":[{"embeddable":true,"href":"https:\/\/zola-cosmetics.com\/pl\/wp-json\/wp\/v2\/media\/4738"}],"wp:attachment":[{"href":"https:\/\/zola-cosmetics.com\/pl\/wp-json\/wp\/v2\/media?parent=5994"}],"wp:term":[{"taxonomy":"brand","embeddable":true,"href":"https:\/\/zola-cosmetics.com\/pl\/wp-json\/wp\/v2\/etheme_brands?post=5994"},{"taxonomy":"product_cat","embeddable":true,"href":"https:\/\/zola-cosmetics.com\/pl\/wp-json\/wp\/v2\/product_cat?post=5994"},{"taxonomy":"product_tag","embeddable":true,"href":"https:\/\/zola-cosmetics.com\/pl\/wp-json\/wp\/v2\/product_tag?post=5994"}],"curies":[{"name":"wp","href":"https:\/\/api.w.org\/{rel}","templated":true}]}}