{"id":5989,"date":"2024-01-09T20:39:07","date_gmt":"2024-01-09T20:39:07","guid":{"rendered":"https:\/\/zola-cosmetics.com\/product\/zola-lip-pencil-05-mauve\/"},"modified":"2025-09-13T09:18:44","modified_gmt":"2025-09-13T09:18:44","slug":"zola-lip-pencil-05-mauve","status":"publish","type":"product","link":"https:\/\/zola-cosmetics.com\/pl\/produkt\/zola-lip-pencil-05-mauve\/","title":{"rendered":"ZOLA Kredka do ust 05 Mauve"},"content":{"rendered":"<p>Kredki do ust Zola to idealne dope\u0142nienie Twojego uroczego u\u015bmiechu. Kolekcja kredek dost\u0119pna w 5 wyj\u0105tkowych odcieniach!<\/p>\n<ul>\n<li>NUDE PINK zosta\u0142 zaprojektowany, aby odda\u0107 delikatny, zmys\u0142owy nastr\u00f3j.<\/li>\n<li>NATURAL pozwala podkre\u015bli\u0107 naturalne pi\u0119kno i doda\u0107 elegancji.<\/li>\n<li>PALE ROSE to nowo\u015b\u0107 w\u015br\u00f3d delikatnych odcieni.<\/li>\n<li>TRUFFLE pozwala zauwa\u017cy\u0107, \u017ce idealne wyko\u0144czenie zale\u017cy od odpowiedniego dobrania koloru.<\/li>\n<li>MAUVE sprawia, Twoje usta brzmi\u0105 g\u0142o\u015bniej ni\u017c jakiekolwiek s\u0142owa<\/li>\n<\/ul>\n<p><strong>Zalety produktu:<\/strong> Stylowy r\u00f3\u017cowy design ze srebrnymi napisami. Delikatna formu\u0142a, kt\u00f3ra zapobiega nadmiernemu przesuszeniu i tworzeniu si\u0119 grudek. Mo\u017ce by\u0107 stosowany zar\u00f3wno jako kontur\u00f3wka, jak i samodzielny produkt do ust. Zapewnia doskona\u0142\u0105 trwa\u0142o\u015b\u0107 bez efektu filmu dzi\u0119ki wysokiej pigmentacji.<\/p>\n<p>&nbsp;<\/p>\n","protected":false},"excerpt":{"rendered":"<p>Kredki do ust Zola to idealne dope\u0142nienie Twojego uroczego u\u015bmiechu. Kolekcja kredek dost\u0119pna w 5 wyj\u0105tkowych odcieniach! NUDE PINK zosta\u0142&#8230;<\/p>\n","protected":false},"featured_media":6954,"template":"","meta":[],"etheme_brands":[],"product_cat":[139],"product_tag":[197],"aioseo_notices":[],"_links":{"self":[{"href":"https:\/\/zola-cosmetics.com\/pl\/wp-json\/wp\/v2\/product\/5989"}],"collection":[{"href":"https:\/\/zola-cosmetics.com\/pl\/wp-json\/wp\/v2\/product"}],"about":[{"href":"https:\/\/zola-cosmetics.com\/pl\/wp-json\/wp\/v2\/types\/product"}],"version-history":[{"count":2,"href":"https:\/\/zola-cosmetics.com\/pl\/wp-json\/wp\/v2\/product\/5989\/revisions"}],"predecessor-version":[{"id":7243,"href":"https:\/\/zola-cosmetics.com\/pl\/wp-json\/wp\/v2\/product\/5989\/revisions\/7243"}],"wp:featuredmedia":[{"embeddable":true,"href":"https:\/\/zola-cosmetics.com\/pl\/wp-json\/wp\/v2\/media\/6954"}],"wp:attachment":[{"href":"https:\/\/zola-cosmetics.com\/pl\/wp-json\/wp\/v2\/media?parent=5989"}],"wp:term":[{"taxonomy":"brand","embeddable":true,"href":"https:\/\/zola-cosmetics.com\/pl\/wp-json\/wp\/v2\/etheme_brands?post=5989"},{"taxonomy":"product_cat","embeddable":true,"href":"https:\/\/zola-cosmetics.com\/pl\/wp-json\/wp\/v2\/product_cat?post=5989"},{"taxonomy":"product_tag","embeddable":true,"href":"https:\/\/zola-cosmetics.com\/pl\/wp-json\/wp\/v2\/product_tag?post=5989"}],"curies":[{"name":"wp","href":"https:\/\/api.w.org\/{rel}","templated":true}]}}