{"id":5988,"date":"2024-01-09T20:39:07","date_gmt":"2024-01-09T20:39:07","guid":{"rendered":"https:\/\/zola-cosmetics.com\/product\/zola-x-romashka-fixing-ceramide-concentrate-10-ml\/"},"modified":"2026-01-23T16:04:25","modified_gmt":"2026-01-23T16:04:25","slug":"zola-x-romashka-fixing-ceramide-concentrate-10-ml","status":"publish","type":"product","link":"https:\/\/zola-cosmetics.com\/pl\/produkt\/zola-x-romashka-fixing-ceramide-concentrate-10-ml\/","title":{"rendered":"ZOLA x Romashka Fixing Ceramide Concentrate 10 ml."},"content":{"rendered":"<p>Koncentrat posiada unikaln\u0105 formu\u0142\u0119, kt\u00f3ra jednocze\u015bnie zapewnia perfekcyjne utrwalenie, szybkie wch\u0142anianie oraz delikatn\u0105 piel\u0119gnacj\u0119, daj\u0105c Ci pe\u0142ne poczucie komfortu i pewno\u015bci.<\/p>\n<p>Nowy produkt o innowacyjnym sk\u0142adzie oferuje nast\u0119puj\u0105ce korzy\u015bci:<\/p>\n<ul>\n<li>Kompleks naturalnych polisacharyd\u00f3w zapewnia d\u0142ugotrwa\u0142e utrwalenie bez efektu rozp\u0142ywania si\u0119.<\/li>\n<li>Hydrolizat keratyny odbudowuje uszkodzon\u0105 struktur\u0119 w\u0142osa.<\/li>\n<li>Hydrolizat kolagenu morskiego intensywnie nawil\u017ca i od\u017cywia, nadaj\u0105c naturaln\u0105 elastyczno\u015b\u0107.<\/li>\n<li>Ceramidy A2 chroni\u0105 przed agresywnym wp\u0142ywem czynnik\u00f3w \u015brodowiskowych.<\/li>\n<li>Lekka formu\u0142a zapobiega sklejaniu si\u0119 w\u0142osk\u00f3w i t\u0142ustemu wyko\u0144czeniu oraz szybko wch\u0142ania si\u0119 we w\u0142oski.<\/li>\n<\/ul>\n<p>Spos\u00f3b u\u017cycia:<br \/>\nNa\u0142\u00f3\u017c cienk\u0105 warstw\u0119 koncentratu na brwi i rz\u0119sy, a nast\u0119pnie pozostaw do ca\u0142kowitego wch\u0142oni\u0119cia Przed utrwaleniem produktu u\u0142\u00f3\u017c w\u0142oski w po\u017c\u0105danym kszta\u0142cie.<\/p>\n<p>&nbsp;<\/p>\n","protected":false},"excerpt":{"rendered":"<p>Koncentrat posiada unikaln\u0105 formu\u0142\u0119, kt\u00f3ra jednocze\u015bnie zapewnia perfekcyjne utrwalenie, szybkie wch\u0142anianie oraz delikatn\u0105 piel\u0119gnacj\u0119, daj\u0105c Ci pe\u0142ne poczucie komfortu i&#8230;<\/p>\n","protected":false},"featured_media":8441,"template":"","meta":[],"etheme_brands":[],"product_cat":[172,171,135],"product_tag":[],"aioseo_notices":[],"_links":{"self":[{"href":"https:\/\/zola-cosmetics.com\/pl\/wp-json\/wp\/v2\/product\/5988"}],"collection":[{"href":"https:\/\/zola-cosmetics.com\/pl\/wp-json\/wp\/v2\/product"}],"about":[{"href":"https:\/\/zola-cosmetics.com\/pl\/wp-json\/wp\/v2\/types\/product"}],"version-history":[{"count":1,"href":"https:\/\/zola-cosmetics.com\/pl\/wp-json\/wp\/v2\/product\/5988\/revisions"}],"predecessor-version":[{"id":8444,"href":"https:\/\/zola-cosmetics.com\/pl\/wp-json\/wp\/v2\/product\/5988\/revisions\/8444"}],"wp:featuredmedia":[{"embeddable":true,"href":"https:\/\/zola-cosmetics.com\/pl\/wp-json\/wp\/v2\/media\/8441"}],"wp:attachment":[{"href":"https:\/\/zola-cosmetics.com\/pl\/wp-json\/wp\/v2\/media?parent=5988"}],"wp:term":[{"taxonomy":"brand","embeddable":true,"href":"https:\/\/zola-cosmetics.com\/pl\/wp-json\/wp\/v2\/etheme_brands?post=5988"},{"taxonomy":"product_cat","embeddable":true,"href":"https:\/\/zola-cosmetics.com\/pl\/wp-json\/wp\/v2\/product_cat?post=5988"},{"taxonomy":"product_tag","embeddable":true,"href":"https:\/\/zola-cosmetics.com\/pl\/wp-json\/wp\/v2\/product_tag?post=5988"}],"curies":[{"name":"wp","href":"https:\/\/api.w.org\/{rel}","templated":true}]}}