{"id":5987,"date":"2024-01-09T20:39:07","date_gmt":"2024-01-09T20:39:07","guid":{"rendered":"https:\/\/zola-cosmetics.com\/product\/zola-x-romashka-fixing-ceramide-concentrate-15-ml\/"},"modified":"2025-07-26T08:27:58","modified_gmt":"2025-07-26T08:27:58","slug":"zola-x-romashka-fixing-ceramide-concentrate-15-ml","status":"publish","type":"product","link":"https:\/\/zola-cosmetics.com\/pl\/produkt\/zola-x-romashka-fixing-ceramide-concentrate-15-ml\/","title":{"rendered":"ZOLA x Romashka Koncentrat Ceramidowy Fixing 15 ml"},"content":{"rendered":"<p>&nbsp;<\/p>\n<p>Koncentrat ma unikaln\u0105 formu\u0142\u0119 zaprojektowan\u0105, aby da\u0107 Ci pewno\u015b\u0107 doskona\u0142ego utrzymania, szybkiego wch\u0142aniania i delikatnej piel\u0119gnacji jednocze\u015bnie.&nbsp;<\/p>\n<p>Nowy produkt z innowacyjn\u0105 kompozycj\u0105 ma nast\u0119puj\u0105ce korzy\u015bci:<\/p>\n<ul>\n<li>Kompleks naturalnych polisacharyd\u00f3w zapewnia d\u0142ugotrwa\u0142e utrzymanie bez rozlewania si\u0119.<\/li>\n<li>Hydrolizat keratyny przywraca uszkodzon\u0105 struktur\u0119 w\u0142os\u00f3w.<\/li>\n<li>Hydrolizat kolagenu morskiego nawil\u017ca i od\u017cywia, dodaj\u0105c naturaln\u0105 elastyczno\u015b\u0107.<\/li>\n<li>Ceramidy A2 chroni\u0105 przed agresywnymi wp\u0142ywami \u015brodowiska.<\/li>\n<li>Lekka formu\u0142a zapobiega rozlewaniu si\u0119 i przet\u0142uszczaniu, szybko wch\u0142aniaj\u0105c si\u0119 we w\u0142osy.<\/li>\n<\/ul>\n<p><strong>Spos\u00f3b u\u017cycia:<\/strong><br \/>\nNa\u0142\u00f3\u017c cienk\u0105 warstw\u0119 koncentratu na brwi i rz\u0119sy i pozostaw do ca\u0142kowitego wch\u0142oni\u0119cia. U\u0142\u00f3\u017c w\u0142oski w po\u017c\u0105dany kszta\u0142t przed utrwaleniem produktu.<\/p>\n<p>&nbsp;<\/p>\n","protected":false},"excerpt":{"rendered":"<p>&nbsp; Koncentrat ma unikaln\u0105 formu\u0142\u0119 zaprojektowan\u0105, aby da\u0107 Ci pewno\u015b\u0107 doskona\u0142ego utrzymania, szybkiego wch\u0142aniania i delikatnej piel\u0119gnacji jednocze\u015bnie.&nbsp; Nowy produkt&#8230;<\/p>\n","protected":false},"featured_media":7830,"template":"","meta":[],"etheme_brands":[],"product_cat":[172,171,135],"product_tag":[],"aioseo_notices":[],"_links":{"self":[{"href":"https:\/\/zola-cosmetics.com\/pl\/wp-json\/wp\/v2\/product\/5987"}],"collection":[{"href":"https:\/\/zola-cosmetics.com\/pl\/wp-json\/wp\/v2\/product"}],"about":[{"href":"https:\/\/zola-cosmetics.com\/pl\/wp-json\/wp\/v2\/types\/product"}],"version-history":[{"count":1,"href":"https:\/\/zola-cosmetics.com\/pl\/wp-json\/wp\/v2\/product\/5987\/revisions"}],"predecessor-version":[{"id":6281,"href":"https:\/\/zola-cosmetics.com\/pl\/wp-json\/wp\/v2\/product\/5987\/revisions\/6281"}],"wp:featuredmedia":[{"embeddable":true,"href":"https:\/\/zola-cosmetics.com\/pl\/wp-json\/wp\/v2\/media\/7830"}],"wp:attachment":[{"href":"https:\/\/zola-cosmetics.com\/pl\/wp-json\/wp\/v2\/media?parent=5987"}],"wp:term":[{"taxonomy":"brand","embeddable":true,"href":"https:\/\/zola-cosmetics.com\/pl\/wp-json\/wp\/v2\/etheme_brands?post=5987"},{"taxonomy":"product_cat","embeddable":true,"href":"https:\/\/zola-cosmetics.com\/pl\/wp-json\/wp\/v2\/product_cat?post=5987"},{"taxonomy":"product_tag","embeddable":true,"href":"https:\/\/zola-cosmetics.com\/pl\/wp-json\/wp\/v2\/product_tag?post=5987"}],"curies":[{"name":"wp","href":"https:\/\/api.w.org\/{rel}","templated":true}]}}