{"id":5986,"date":"2024-01-09T20:39:07","date_gmt":"2024-01-09T20:39:07","guid":{"rendered":"https:\/\/zola-cosmetics.com\/product\/zola-glue-for-laminating-lami-balm-orange-30-gr\/"},"modified":"2026-01-22T21:51:07","modified_gmt":"2026-01-22T21:51:07","slug":"zola-glue-for-laminating-lami-balm-orange-30-gr","status":"publish","type":"product","link":"https:\/\/zola-cosmetics.com\/pl\/produkt\/zola-glue-for-laminating-lami-balm-orange-30-gr\/","title":{"rendered":"ZOLA Klej do laminacji Lami Balm Orange 30 gr"},"content":{"rendered":"<p>&nbsp;<\/p>\n<p>ZOLA Lami Balm Lash Lamination Glue &#8211; innowacyjny produkt zaprojektowany, aby osi\u0105gn\u0105\u0107 doskona\u0142y efekt laminacji rz\u0119s.<\/p>\n<p>G\u0142\u00f3wne cechy:<\/p>\n<ul>\n<li>Uproszcza proces aplikacji rz\u0119s i umo\u017cliwia dostosowania bez pe\u0142nego utrwalenia.<\/li>\n<li>Skutecznie skraca czas procedury dzi\u0119ki \u0142atwej aplikacji i optymalnemu przyleganiu.<\/li>\n<li>Nie tworzy filmu, co pozwala sk\u0142adnikom aktywnym kleju przenika\u0107 do por\u00f3w rz\u0119s.<\/li>\n<li>Zapobiega sklejaniu si\u0119 rz\u0119s g\u00f3rnych i dolnych, zapewniaj\u0105c naturalny wygl\u0105d.<\/li>\n<li>Wzbogacony organicznymi olejami kokosowym, oliwkowym i jojoba oraz witamin\u0105 E dla od\u017cywienia i nawil\u017cenia rz\u0119s.<\/li>\n<li>Ekstrakt z oczaru wirginijskiego zmi\u0119kcza rz\u0119sy i zapewnia dodatkowe w\u0142a\u015bciwo\u015bci wi\u0105\u017c\u0105ce kleju.<\/li>\n<li>Dost\u0119pny w dw\u00f3ch przyjemnych zapachach: pomara\u0144czowym z aromatem pomara\u0144czy i r\u00f3\u017cowym z aromatem owocowym.<\/li>\n<\/ul>\n<p>ZOLA Lami Balm Lash Lamination Glue pozwala osi\u0105gn\u0105\u0107 niezr\u00f3wnany efekt &#8222;digni\u0119tych na Instagramie&#8221; rz\u0119s, oferuj\u0105c trwa\u0142e i profesjonalne rozwi\u0105zanie dla salon\u00f3w kosmetycznych i artyst\u00f3w laminacji rz\u0119s.<\/p>\n<p>&nbsp;<\/p>\n","protected":false},"excerpt":{"rendered":"<p>&nbsp; ZOLA Lami Balm Lash Lamination Glue &#8211; innowacyjny produkt zaprojektowany, aby osi\u0105gn\u0105\u0107 doskona\u0142y efekt laminacji rz\u0119s. G\u0142\u00f3wne cechy: Uproszcza&#8230;<\/p>\n","protected":false},"featured_media":4754,"template":"","meta":[],"etheme_brands":[],"product_cat":[136],"product_tag":[],"aioseo_notices":[],"_links":{"self":[{"href":"https:\/\/zola-cosmetics.com\/pl\/wp-json\/wp\/v2\/product\/5986"}],"collection":[{"href":"https:\/\/zola-cosmetics.com\/pl\/wp-json\/wp\/v2\/product"}],"about":[{"href":"https:\/\/zola-cosmetics.com\/pl\/wp-json\/wp\/v2\/types\/product"}],"version-history":[{"count":1,"href":"https:\/\/zola-cosmetics.com\/pl\/wp-json\/wp\/v2\/product\/5986\/revisions"}],"predecessor-version":[{"id":6282,"href":"https:\/\/zola-cosmetics.com\/pl\/wp-json\/wp\/v2\/product\/5986\/revisions\/6282"}],"wp:featuredmedia":[{"embeddable":true,"href":"https:\/\/zola-cosmetics.com\/pl\/wp-json\/wp\/v2\/media\/4754"}],"wp:attachment":[{"href":"https:\/\/zola-cosmetics.com\/pl\/wp-json\/wp\/v2\/media?parent=5986"}],"wp:term":[{"taxonomy":"brand","embeddable":true,"href":"https:\/\/zola-cosmetics.com\/pl\/wp-json\/wp\/v2\/etheme_brands?post=5986"},{"taxonomy":"product_cat","embeddable":true,"href":"https:\/\/zola-cosmetics.com\/pl\/wp-json\/wp\/v2\/product_cat?post=5986"},{"taxonomy":"product_tag","embeddable":true,"href":"https:\/\/zola-cosmetics.com\/pl\/wp-json\/wp\/v2\/product_tag?post=5986"}],"curies":[{"name":"wp","href":"https:\/\/api.w.org\/{rel}","templated":true}]}}