{"id":5981,"date":"2024-01-09T20:39:07","date_gmt":"2024-01-09T20:39:07","guid":{"rendered":"https:\/\/zola-cosmetics.com\/product\/zola-lamination-silicone-pads-extra-curl-styling-xs-s-m-m1-l-xl\/"},"modified":"2025-10-22T08:48:16","modified_gmt":"2025-10-22T08:48:16","slug":"zola-lamination-silicone-pads-extra-curl-styling-xs-s-m-m1-l-xl","status":"publish","type":"product","link":"https:\/\/zola-cosmetics.com\/pl\/produkt\/zola-lamination-silicone-pads-extra-curl-styling-xs-s-m-m1-l-xl\/","title":{"rendered":"ZOLA Silikonowe Wa\u0142eczki do laminacji Extra Curl Styling (XS, S, M, M1, L, XL)"},"content":{"rendered":"<p>Podk\u0142adki do stylizacji Extra Curl to podk\u0142adki do laminacji od ZOLA, kt\u00f3re s\u0105 idealne do tworzenia r\u00f3\u017cnych efekt\u00f3w skr\u0119cenia. Dost\u0119pne s\u0105 w sze\u015bciu rozmiarach: XS, S, M, M1, L i XL. Wykonane s\u0105 z wysokiej jako\u015bci ultra-mi\u0119kkiego silikonu, co zapewnia pewne utrzymanie w\u0142os\u00f3w podczas laminacji. Podk\u0142adki do stylizacji Extra Curl pomog\u0105 Ci stworzy\u0107 r\u00f3\u017cne efekty skr\u0119cenia, w tym spektakularne skr\u0119cenie o efekcie lalkowym lub ekstremalnym.<\/p>\n","protected":false},"excerpt":{"rendered":"<p>Podk\u0142adki do stylizacji Extra Curl to podk\u0142adki do laminacji od ZOLA, kt\u00f3re s\u0105 idealne do tworzenia r\u00f3\u017cnych efekt\u00f3w skr\u0119cenia. Dost\u0119pne&#8230;<\/p>\n","protected":false},"featured_media":4764,"template":"","meta":[],"etheme_brands":[],"product_cat":[137,175,136],"product_tag":[],"aioseo_notices":[],"_links":{"self":[{"href":"https:\/\/zola-cosmetics.com\/pl\/wp-json\/wp\/v2\/product\/5981"}],"collection":[{"href":"https:\/\/zola-cosmetics.com\/pl\/wp-json\/wp\/v2\/product"}],"about":[{"href":"https:\/\/zola-cosmetics.com\/pl\/wp-json\/wp\/v2\/types\/product"}],"version-history":[{"count":1,"href":"https:\/\/zola-cosmetics.com\/pl\/wp-json\/wp\/v2\/product\/5981\/revisions"}],"predecessor-version":[{"id":6287,"href":"https:\/\/zola-cosmetics.com\/pl\/wp-json\/wp\/v2\/product\/5981\/revisions\/6287"}],"wp:featuredmedia":[{"embeddable":true,"href":"https:\/\/zola-cosmetics.com\/pl\/wp-json\/wp\/v2\/media\/4764"}],"wp:attachment":[{"href":"https:\/\/zola-cosmetics.com\/pl\/wp-json\/wp\/v2\/media?parent=5981"}],"wp:term":[{"taxonomy":"brand","embeddable":true,"href":"https:\/\/zola-cosmetics.com\/pl\/wp-json\/wp\/v2\/etheme_brands?post=5981"},{"taxonomy":"product_cat","embeddable":true,"href":"https:\/\/zola-cosmetics.com\/pl\/wp-json\/wp\/v2\/product_cat?post=5981"},{"taxonomy":"product_tag","embeddable":true,"href":"https:\/\/zola-cosmetics.com\/pl\/wp-json\/wp\/v2\/product_tag?post=5981"}],"curies":[{"name":"wp","href":"https:\/\/api.w.org\/{rel}","templated":true}]}}