{"id":5980,"date":"2024-01-09T20:39:07","date_gmt":"2024-01-09T20:39:07","guid":{"rendered":"https:\/\/zola-cosmetics.com\/product\/zola-lamination-silicone-pads-cloud-ss-s-m-l-ll\/"},"modified":"2026-03-21T15:21:21","modified_gmt":"2026-03-21T15:21:21","slug":"zola-lamination-silicone-pads-cloud-ss-s-m-l-ll","status":"publish","type":"product","link":"https:\/\/zola-cosmetics.com\/pl\/produkt\/zola-lamination-silicone-pads-cloud-ss-s-m-l-ll\/","title":{"rendered":"ZOLA Silikonowe Wa\u0142eczki do laminacji Cloud (SS, S, M, L, LL)"},"content":{"rendered":"<p>Podk\u0142adki Cloud firmy ZOLA to podk\u0142adki do laminacji, kt\u00f3re pomog\u0105 Ci stworzy\u0107 spektakularne skr\u0119cenie w\u0142os\u00f3w. Dost\u0119pne s\u0105 w sze\u015bciu rozmiarach: SS, S, M, M, L i LL. Wykonane s\u0105 z wysokiej jako\u015bci ultra-mi\u0119kkiego silikonu, co zapewnia pewne utrzymanie w\u0142os\u00f3w podczas procedury laminacji. Podk\u0142adki Cloud pozwalaj\u0105 stworzy\u0107 spektakularne skr\u0119cenie z doskona\u0142ym utrzymaniem i d\u0142ugotrwa\u0142ym kszta\u0142tem na w\u0142osach.<\/p>\n","protected":false},"excerpt":{"rendered":"<p>Podk\u0142adki Cloud firmy ZOLA to podk\u0142adki do laminacji, kt\u00f3re pomog\u0105 Ci stworzy\u0107 spektakularne skr\u0119cenie w\u0142os\u00f3w. Dost\u0119pne s\u0105 w sze\u015bciu rozmiarach:&#8230;<\/p>\n","protected":false},"featured_media":4766,"template":"","meta":[],"etheme_brands":[],"product_cat":[137,175,136],"product_tag":[],"aioseo_notices":[],"_links":{"self":[{"href":"https:\/\/zola-cosmetics.com\/pl\/wp-json\/wp\/v2\/product\/5980"}],"collection":[{"href":"https:\/\/zola-cosmetics.com\/pl\/wp-json\/wp\/v2\/product"}],"about":[{"href":"https:\/\/zola-cosmetics.com\/pl\/wp-json\/wp\/v2\/types\/product"}],"version-history":[{"count":1,"href":"https:\/\/zola-cosmetics.com\/pl\/wp-json\/wp\/v2\/product\/5980\/revisions"}],"predecessor-version":[{"id":6288,"href":"https:\/\/zola-cosmetics.com\/pl\/wp-json\/wp\/v2\/product\/5980\/revisions\/6288"}],"wp:featuredmedia":[{"embeddable":true,"href":"https:\/\/zola-cosmetics.com\/pl\/wp-json\/wp\/v2\/media\/4766"}],"wp:attachment":[{"href":"https:\/\/zola-cosmetics.com\/pl\/wp-json\/wp\/v2\/media?parent=5980"}],"wp:term":[{"taxonomy":"brand","embeddable":true,"href":"https:\/\/zola-cosmetics.com\/pl\/wp-json\/wp\/v2\/etheme_brands?post=5980"},{"taxonomy":"product_cat","embeddable":true,"href":"https:\/\/zola-cosmetics.com\/pl\/wp-json\/wp\/v2\/product_cat?post=5980"},{"taxonomy":"product_tag","embeddable":true,"href":"https:\/\/zola-cosmetics.com\/pl\/wp-json\/wp\/v2\/product_tag?post=5980"}],"curies":[{"name":"wp","href":"https:\/\/api.w.org\/{rel}","templated":true}]}}