{"id":5979,"date":"2024-01-09T20:39:07","date_gmt":"2024-01-09T20:39:07","guid":{"rendered":"https:\/\/zola-cosmetics.com\/product\/zola-lamination-silicone-pads-candy-extreme-curl-xs-s-m-l-xl\/"},"modified":"2025-09-12T11:37:13","modified_gmt":"2025-09-12T11:37:13","slug":"zola-lamination-silicone-pads-candy-extreme-curl-xs-s-m-l-xl","status":"publish","type":"product","link":"https:\/\/zola-cosmetics.com\/pl\/produkt\/zola-lamination-silicone-pads-candy-extreme-curl-xs-s-m-l-xl\/","title":{"rendered":"ZOLA Silikonowe Wa\u0142eczki do laminacji Candy Extreme Curl (XS, S, M, L, XL)"},"content":{"rendered":"<p>Candy Extreme Curl to podk\u0142adki do laminacji od ZOLA, kt\u00f3re pozwalaj\u0105 stworzy\u0107 spektakularne skr\u0119cenie o efekcie lalkowym lub ekstremalnym. Dost\u0119pne s\u0105 w sze\u015bciu rozmiarach: XS, S, M, M, L i XL. Wykonane s\u0105 z wysokiej jako\u015bci ultra-mi\u0119kkiego silikonu, co gwarantuje niezawodne i wygodne utrwalenie w\u0142os\u00f3w podczas procedury laminacji. Podk\u0142adki Candy Extreme Curl pozwalaj\u0105 osi\u0105gn\u0105\u0107 doskona\u0142e skr\u0119cenie o pi\u0119knym kszta\u0142cie i efekcie na w\u0142osach.<\/p>\n","protected":false},"excerpt":{"rendered":"<p>Candy Extreme Curl to podk\u0142adki do laminacji od ZOLA, kt\u00f3re pozwalaj\u0105 stworzy\u0107 spektakularne skr\u0119cenie o efekcie lalkowym lub ekstremalnym. Dost\u0119pne&#8230;<\/p>\n","protected":false},"featured_media":4768,"template":"","meta":[],"etheme_brands":[],"product_cat":[137,175,136],"product_tag":[],"aioseo_notices":[],"_links":{"self":[{"href":"https:\/\/zola-cosmetics.com\/pl\/wp-json\/wp\/v2\/product\/5979"}],"collection":[{"href":"https:\/\/zola-cosmetics.com\/pl\/wp-json\/wp\/v2\/product"}],"about":[{"href":"https:\/\/zola-cosmetics.com\/pl\/wp-json\/wp\/v2\/types\/product"}],"version-history":[{"count":1,"href":"https:\/\/zola-cosmetics.com\/pl\/wp-json\/wp\/v2\/product\/5979\/revisions"}],"predecessor-version":[{"id":6289,"href":"https:\/\/zola-cosmetics.com\/pl\/wp-json\/wp\/v2\/product\/5979\/revisions\/6289"}],"wp:featuredmedia":[{"embeddable":true,"href":"https:\/\/zola-cosmetics.com\/pl\/wp-json\/wp\/v2\/media\/4768"}],"wp:attachment":[{"href":"https:\/\/zola-cosmetics.com\/pl\/wp-json\/wp\/v2\/media?parent=5979"}],"wp:term":[{"taxonomy":"brand","embeddable":true,"href":"https:\/\/zola-cosmetics.com\/pl\/wp-json\/wp\/v2\/etheme_brands?post=5979"},{"taxonomy":"product_cat","embeddable":true,"href":"https:\/\/zola-cosmetics.com\/pl\/wp-json\/wp\/v2\/product_cat?post=5979"},{"taxonomy":"product_tag","embeddable":true,"href":"https:\/\/zola-cosmetics.com\/pl\/wp-json\/wp\/v2\/product_tag?post=5979"}],"curies":[{"name":"wp","href":"https:\/\/api.w.org\/{rel}","templated":true}]}}