{"id":5978,"date":"2024-01-09T20:39:07","date_gmt":"2024-01-09T20:39:07","guid":{"rendered":"https:\/\/zola-cosmetics.com\/product\/zola-lamination-silicone-pads-marshmallow-ss-s-m-l-ll-xl\/"},"modified":"2025-07-26T08:27:59","modified_gmt":"2025-07-26T08:27:59","slug":"zola-lamination-silicone-pads-marshmallow-ss-s-m-l-ll-xl","status":"publish","type":"product","link":"https:\/\/zola-cosmetics.com\/pl\/produkt\/zola-lamination-silicone-pads-marshmallow-ss-s-m-l-ll-xl\/","title":{"rendered":"ZOLA Silikonowe Wa\u0142eczki do laminacji Marshmallow (SS, S, M, L, LL, XL)"},"content":{"rendered":"<p>Podk\u0142adki Marshmallow Lami firmy ZOLA to podk\u0142adki do laminacji, kt\u00f3re s\u0105 idealne do tworzenia efektu podniesienia. Dost\u0119pne s\u0105 w sze\u015bciu rozmiarach: SS, S, M, L, LL i XL. Wykonane s\u0105 z wysokiej jako\u015bci ultra-mi\u0119kkiego silikonu, co pozwala na bezpieczne i wygodne utrzymanie w\u0142os\u00f3w. Podk\u0142adki Marshmallow Lami pomog\u0105 stworzy\u0107 nieskazitelny efekt podniesienia i uniesionej krzywej w\u0142os\u00f3w podczas laminacji.<\/p>\n","protected":false},"excerpt":{"rendered":"<p>Podk\u0142adki Marshmallow Lami firmy ZOLA to podk\u0142adki do laminacji, kt\u00f3re s\u0105 idealne do tworzenia efektu podniesienia. Dost\u0119pne s\u0105 w sze\u015bciu&#8230;<\/p>\n","protected":false},"featured_media":4770,"template":"","meta":[],"etheme_brands":[],"product_cat":[137,175,136],"product_tag":[],"aioseo_notices":[],"_links":{"self":[{"href":"https:\/\/zola-cosmetics.com\/pl\/wp-json\/wp\/v2\/product\/5978"}],"collection":[{"href":"https:\/\/zola-cosmetics.com\/pl\/wp-json\/wp\/v2\/product"}],"about":[{"href":"https:\/\/zola-cosmetics.com\/pl\/wp-json\/wp\/v2\/types\/product"}],"version-history":[{"count":1,"href":"https:\/\/zola-cosmetics.com\/pl\/wp-json\/wp\/v2\/product\/5978\/revisions"}],"predecessor-version":[{"id":6290,"href":"https:\/\/zola-cosmetics.com\/pl\/wp-json\/wp\/v2\/product\/5978\/revisions\/6290"}],"wp:featuredmedia":[{"embeddable":true,"href":"https:\/\/zola-cosmetics.com\/pl\/wp-json\/wp\/v2\/media\/4770"}],"wp:attachment":[{"href":"https:\/\/zola-cosmetics.com\/pl\/wp-json\/wp\/v2\/media?parent=5978"}],"wp:term":[{"taxonomy":"brand","embeddable":true,"href":"https:\/\/zola-cosmetics.com\/pl\/wp-json\/wp\/v2\/etheme_brands?post=5978"},{"taxonomy":"product_cat","embeddable":true,"href":"https:\/\/zola-cosmetics.com\/pl\/wp-json\/wp\/v2\/product_cat?post=5978"},{"taxonomy":"product_tag","embeddable":true,"href":"https:\/\/zola-cosmetics.com\/pl\/wp-json\/wp\/v2\/product_tag?post=5978"}],"curies":[{"name":"wp","href":"https:\/\/api.w.org\/{rel}","templated":true}]}}