{"id":5977,"date":"2024-01-09T20:39:07","date_gmt":"2024-01-09T20:39:07","guid":{"rendered":"https:\/\/zola-cosmetics.com\/product\/zola-lamination-silicone-pads-round-curl-pink-green-s-s1-m-m1-l-l1-xl-xl1\/"},"modified":"2025-10-22T08:48:16","modified_gmt":"2025-10-22T08:48:16","slug":"zola-lamination-silicone-pads-round-curl-pink-green-s-s1-m-m1-l-l1-xl-xl1","status":"publish","type":"product","link":"https:\/\/zola-cosmetics.com\/pl\/produkt\/zola-lamination-silicone-pads-round-curl-pink-green-s-s1-m-m1-l-l1-xl-xl1\/","title":{"rendered":"ZOLA Silikonowe Wa\u0142eczki do laminacji Round Curl Pink &#038; Green (S, S1, M, M1, L, L1, XL, XL1)"},"content":{"rendered":"<p>Podk\u0142adki do laminacji ZOLA Round Curl Pink &#038; Green to doskona\u0142y wyb\u00f3r do stworzenia fantastycznego po\u0142\u0105czonego efektu podniesienia i skr\u0119cenia. Dost\u0119pne s\u0105 w o\u015bmiu rozmiarach: S, S1, M, M1, L, L1, XL i XL1. Wykonane s\u0105 z wysokiej jako\u015bci ultra-mi\u0119kkiego silikonu, co pozwala delikatnie i pewnie utrzyma\u0107 w\u0142osy podczas laminacji.<\/p>\n","protected":false},"excerpt":{"rendered":"<p>Podk\u0142adki do laminacji ZOLA Round Curl Pink &#038; Green to doskona\u0142y wyb\u00f3r do stworzenia fantastycznego po\u0142\u0105czonego efektu podniesienia i skr\u0119cenia&#8230;.<\/p>\n","protected":false},"featured_media":4772,"template":"","meta":[],"etheme_brands":[],"product_cat":[137,175,136],"product_tag":[],"aioseo_notices":[],"_links":{"self":[{"href":"https:\/\/zola-cosmetics.com\/pl\/wp-json\/wp\/v2\/product\/5977"}],"collection":[{"href":"https:\/\/zola-cosmetics.com\/pl\/wp-json\/wp\/v2\/product"}],"about":[{"href":"https:\/\/zola-cosmetics.com\/pl\/wp-json\/wp\/v2\/types\/product"}],"version-history":[{"count":1,"href":"https:\/\/zola-cosmetics.com\/pl\/wp-json\/wp\/v2\/product\/5977\/revisions"}],"predecessor-version":[{"id":6291,"href":"https:\/\/zola-cosmetics.com\/pl\/wp-json\/wp\/v2\/product\/5977\/revisions\/6291"}],"wp:featuredmedia":[{"embeddable":true,"href":"https:\/\/zola-cosmetics.com\/pl\/wp-json\/wp\/v2\/media\/4772"}],"wp:attachment":[{"href":"https:\/\/zola-cosmetics.com\/pl\/wp-json\/wp\/v2\/media?parent=5977"}],"wp:term":[{"taxonomy":"brand","embeddable":true,"href":"https:\/\/zola-cosmetics.com\/pl\/wp-json\/wp\/v2\/etheme_brands?post=5977"},{"taxonomy":"product_cat","embeddable":true,"href":"https:\/\/zola-cosmetics.com\/pl\/wp-json\/wp\/v2\/product_cat?post=5977"},{"taxonomy":"product_tag","embeddable":true,"href":"https:\/\/zola-cosmetics.com\/pl\/wp-json\/wp\/v2\/product_tag?post=5977"}],"curies":[{"name":"wp","href":"https:\/\/api.w.org\/{rel}","templated":true}]}}