{"id":5976,"date":"2024-01-09T20:39:07","date_gmt":"2024-01-09T20:39:07","guid":{"rendered":"https:\/\/zola-cosmetics.com\/product\/zola-lamination-silicone-pads-pinky-shiny-xs-s-m-l-xl\/"},"modified":"2025-07-26T08:27:59","modified_gmt":"2025-07-26T08:27:59","slug":"zola-lamination-silicone-pads-pinky-shiny-xs-s-m-l-xl","status":"publish","type":"product","link":"https:\/\/zola-cosmetics.com\/pl\/produkt\/zola-lamination-silicone-pads-pinky-shiny-xs-s-m-l-xl\/","title":{"rendered":"ZOLA Silikonowe Wa\u0142eczki do laminacji Pinky Shiny (XS, S, M, L, XL)"},"content":{"rendered":"<p>Podk\u0142adki Pinky Shiny to kolekcja wa\u0142\u0119czk\u00f3w do laminacji od ZOLA, kt\u00f3re s\u0105 idealne dla tych, kt\u00f3rzy chc\u0105 osi\u0105gn\u0105\u0107 po\u0142\u0105czony efekt podniesienia i skr\u0119cenia. Dost\u0119pne s\u0105 w pi\u0119ciu rozmiarach: XS, S, M, L i XL. Dzi\u0119ki swojemu unikalnemu kszta\u0142towi i zastosowaniu wysokiej jako\u015bci ultra-mi\u0119kkiego silikonu, zapewniaj\u0105 one maksymalny komfort podczas zabiegu laminacji i tworz\u0105 doskona\u0142y efekt na w\u0142oskach.<\/p>\n","protected":false},"excerpt":{"rendered":"<p>Podk\u0142adki Pinky Shiny to kolekcja wa\u0142\u0119czk\u00f3w do laminacji od ZOLA, kt\u00f3re s\u0105 idealne dla tych, kt\u00f3rzy chc\u0105 osi\u0105gn\u0105\u0107 po\u0142\u0105czony efekt&#8230;<\/p>\n","protected":false},"featured_media":4774,"template":"","meta":[],"etheme_brands":[],"product_cat":[137,175,136],"product_tag":[],"aioseo_notices":[],"_links":{"self":[{"href":"https:\/\/zola-cosmetics.com\/pl\/wp-json\/wp\/v2\/product\/5976"}],"collection":[{"href":"https:\/\/zola-cosmetics.com\/pl\/wp-json\/wp\/v2\/product"}],"about":[{"href":"https:\/\/zola-cosmetics.com\/pl\/wp-json\/wp\/v2\/types\/product"}],"version-history":[{"count":2,"href":"https:\/\/zola-cosmetics.com\/pl\/wp-json\/wp\/v2\/product\/5976\/revisions"}],"predecessor-version":[{"id":7283,"href":"https:\/\/zola-cosmetics.com\/pl\/wp-json\/wp\/v2\/product\/5976\/revisions\/7283"}],"wp:featuredmedia":[{"embeddable":true,"href":"https:\/\/zola-cosmetics.com\/pl\/wp-json\/wp\/v2\/media\/4774"}],"wp:attachment":[{"href":"https:\/\/zola-cosmetics.com\/pl\/wp-json\/wp\/v2\/media?parent=5976"}],"wp:term":[{"taxonomy":"brand","embeddable":true,"href":"https:\/\/zola-cosmetics.com\/pl\/wp-json\/wp\/v2\/etheme_brands?post=5976"},{"taxonomy":"product_cat","embeddable":true,"href":"https:\/\/zola-cosmetics.com\/pl\/wp-json\/wp\/v2\/product_cat?post=5976"},{"taxonomy":"product_tag","embeddable":true,"href":"https:\/\/zola-cosmetics.com\/pl\/wp-json\/wp\/v2\/product_tag?post=5976"}],"curies":[{"name":"wp","href":"https:\/\/api.w.org\/{rel}","templated":true}]}}