{"id":5975,"date":"2024-01-09T20:39:08","date_gmt":"2024-01-09T20:39:08","guid":{"rendered":"https:\/\/zola-cosmetics.com\/product\/zola-lamination-silicone-pads-shiny-candy-s-series-s-m-l-m-series-s-m-l\/"},"modified":"2025-07-26T08:27:52","modified_gmt":"2025-07-26T08:27:52","slug":"zola-lamination-silicone-pads-shiny-candy-s-series-s-m-l-m-series-s-m-l","status":"publish","type":"product","link":"https:\/\/zola-cosmetics.com\/pl\/produkt\/zola-lamination-silicone-pads-shiny-candy-s-series-s-m-l-m-series-s-m-l\/","title":{"rendered":"ZOLA Silikonowe Wa\u0142eczki do laminacji Shiny &amp; Candy (Seria S -S, M, L, Seria M -S, M, L)"},"content":{"rendered":"<p>Wa\u0142eczki do laminacji ZOLA z kolekcji Shiny &amp; Candy Lami Pads to niezb\u0119dne narz\u0119dzie do tworzenia efektu podniesienia. Dost\u0119pne s\u0105 w dw\u00f3ch seriach: seria S \u2014 S, M, L i seria M \u2014 S, M, L. Dzi\u0119ki swojemu rozmiarowi i kszta\u0142towi \u0142atwo tworz\u0105 podniesione skr\u0119ty. Dzi\u0119ki zastosowaniu wysokiej jako\u015bci ultra-mi\u0119kkiego silikonu, wa\u0142\u0119czki zapewniaj\u0105 delikatny i bezpieczny przebieg zabiegu laminacji.<\/p>\n","protected":false},"excerpt":{"rendered":"<p>Wa\u0142eczki do laminacji ZOLA z kolekcji Shiny &amp; Candy Lami Pads to niezb\u0119dne narz\u0119dzie do tworzenia efektu podniesienia. Dost\u0119pne s\u0105&#8230;<\/p>\n","protected":false},"featured_media":4776,"template":"","meta":[],"etheme_brands":[],"product_cat":[137,175,136],"product_tag":[],"aioseo_notices":[],"_links":{"self":[{"href":"https:\/\/zola-cosmetics.com\/pl\/wp-json\/wp\/v2\/product\/5975"}],"collection":[{"href":"https:\/\/zola-cosmetics.com\/pl\/wp-json\/wp\/v2\/product"}],"about":[{"href":"https:\/\/zola-cosmetics.com\/pl\/wp-json\/wp\/v2\/types\/product"}],"version-history":[{"count":2,"href":"https:\/\/zola-cosmetics.com\/pl\/wp-json\/wp\/v2\/product\/5975\/revisions"}],"predecessor-version":[{"id":7284,"href":"https:\/\/zola-cosmetics.com\/pl\/wp-json\/wp\/v2\/product\/5975\/revisions\/7284"}],"wp:featuredmedia":[{"embeddable":true,"href":"https:\/\/zola-cosmetics.com\/pl\/wp-json\/wp\/v2\/media\/4776"}],"wp:attachment":[{"href":"https:\/\/zola-cosmetics.com\/pl\/wp-json\/wp\/v2\/media?parent=5975"}],"wp:term":[{"taxonomy":"brand","embeddable":true,"href":"https:\/\/zola-cosmetics.com\/pl\/wp-json\/wp\/v2\/etheme_brands?post=5975"},{"taxonomy":"product_cat","embeddable":true,"href":"https:\/\/zola-cosmetics.com\/pl\/wp-json\/wp\/v2\/product_cat?post=5975"},{"taxonomy":"product_tag","embeddable":true,"href":"https:\/\/zola-cosmetics.com\/pl\/wp-json\/wp\/v2\/product_tag?post=5975"}],"curies":[{"name":"wp","href":"https:\/\/api.w.org\/{rel}","templated":true}]}}