{"id":5974,"date":"2024-01-09T20:39:08","date_gmt":"2024-01-09T20:39:08","guid":{"rendered":"https:\/\/zola-cosmetics.com\/product\/zola-lamination-silicone-pads-rainbow-l-curl-2s-2-5m-3l-4xl-4-5xll\/"},"modified":"2025-07-26T08:27:52","modified_gmt":"2025-07-26T08:27:52","slug":"zola-lamination-silicone-pads-rainbow-l-curl-2s-2-5m-3l-4xl-4-5xll","status":"publish","type":"product","link":"https:\/\/zola-cosmetics.com\/pl\/produkt\/zola-lamination-silicone-pads-rainbow-l-curl-2s-2-5m-3l-4xl-4-5xll\/","title":{"rendered":"ZOLA Silikonowe Wa\u0142eczki do laminacji Rainbow L-Curl (2S, 2.5M, 3L, 4XL, 4.5XLL)"},"content":{"rendered":"<p>Wa\u0142eczki do laminacji ZOLA Rainbow L-Curl to doskona\u0142y wyb\u00f3r dla tych, kt\u00f3rzy chc\u0105 stworzy\u0107 rz\u0119sy o skr\u0119cie L. Dost\u0119pne s\u0105 w pi\u0119ciu rozmiarach: 2S, 2,5M, 3L, 4XL i 4,5XLL. Wykonane s\u0105 z wysokiej jako\u015bci ultra-mi\u0119kkiego silikonu, co zapewnia pewne utrzymanie w\u0142os\u00f3w i komfortowy przebieg zabiegu laminacji. Dzi\u0119ki swojemu kszta\u0142towi i unikalnemu skr\u0119cie typu L, te wa\u0142\u0119czki pozwalaj\u0105 osi\u0105gn\u0105\u0107 doskona\u0142e rezultaty z efektem podniesienia.<\/p>\n","protected":false},"excerpt":{"rendered":"<p>Wa\u0142eczki do laminacji ZOLA Rainbow L-Curl to doskona\u0142y wyb\u00f3r dla tych, kt\u00f3rzy chc\u0105 stworzy\u0107 rz\u0119sy o skr\u0119cie L. Dost\u0119pne s\u0105&#8230;<\/p>\n","protected":false},"featured_media":4778,"template":"","meta":[],"etheme_brands":[],"product_cat":[137,175,136],"product_tag":[],"aioseo_notices":[],"_links":{"self":[{"href":"https:\/\/zola-cosmetics.com\/pl\/wp-json\/wp\/v2\/product\/5974"}],"collection":[{"href":"https:\/\/zola-cosmetics.com\/pl\/wp-json\/wp\/v2\/product"}],"about":[{"href":"https:\/\/zola-cosmetics.com\/pl\/wp-json\/wp\/v2\/types\/product"}],"version-history":[{"count":2,"href":"https:\/\/zola-cosmetics.com\/pl\/wp-json\/wp\/v2\/product\/5974\/revisions"}],"predecessor-version":[{"id":7280,"href":"https:\/\/zola-cosmetics.com\/pl\/wp-json\/wp\/v2\/product\/5974\/revisions\/7280"}],"wp:featuredmedia":[{"embeddable":true,"href":"https:\/\/zola-cosmetics.com\/pl\/wp-json\/wp\/v2\/media\/4778"}],"wp:attachment":[{"href":"https:\/\/zola-cosmetics.com\/pl\/wp-json\/wp\/v2\/media?parent=5974"}],"wp:term":[{"taxonomy":"brand","embeddable":true,"href":"https:\/\/zola-cosmetics.com\/pl\/wp-json\/wp\/v2\/etheme_brands?post=5974"},{"taxonomy":"product_cat","embeddable":true,"href":"https:\/\/zola-cosmetics.com\/pl\/wp-json\/wp\/v2\/product_cat?post=5974"},{"taxonomy":"product_tag","embeddable":true,"href":"https:\/\/zola-cosmetics.com\/pl\/wp-json\/wp\/v2\/product_tag?post=5974"}],"curies":[{"name":"wp","href":"https:\/\/api.w.org\/{rel}","templated":true}]}}