{"id":5973,"date":"2024-01-09T20:39:08","date_gmt":"2024-01-09T20:39:08","guid":{"rendered":"https:\/\/zola-cosmetics.com\/product\/zola-case-with-sharpener-and-lip-pencils\/"},"modified":"2025-07-26T08:27:52","modified_gmt":"2025-07-26T08:27:52","slug":"zola-case-with-sharpener-and-lip-pencils","status":"publish","type":"product","link":"https:\/\/zola-cosmetics.com\/pl\/produkt\/zola-case-with-sharpener-and-lip-pencils\/","title":{"rendered":"ZOLA Etui z temper\u00f3wk\u0105 i kredkami do ust"},"content":{"rendered":"<p>&nbsp;<\/p>\n<p>Spraw, by Tw\u00f3j wyb\u00f3r by\u0142 jeszcze bardziej op\u0142acalny, wybieraj\u0105c o\u0142\u00f3wki z temper\u00f3wk\u0105.<\/p>\n<p>Wszystkie nasze o\u0142\u00f3wki do ust s\u0105 prezentowane w naszym opakowaniu z logo, co gwarantuje jako\u015b\u0107 i niezawodno\u015b\u0107 produktu.<\/p>\n<ul>\n<li>NUDE PINK: ten odcie\u0144 zosta\u0142 stworzony, aby przekaza\u0107 delikatny i zmys\u0142owy nastr\u00f3j.<\/li>\n<li>NATURAL: odcie\u0144, kt\u00f3ry podkre\u015bla Twoje naturalne pi\u0119kno i dodaje wyrafinowania.<\/li>\n<li>PALE ROSE: wa\u017cny gracz w\u015br\u00f3d delikatnych kolor\u00f3w, kt\u00f3ry zmieni Twoje postrzeganie delikatno\u015bci.<\/li>\n<li>TRUFFLE: ten odcie\u0144 przypomina Ci, \u017ce idealne wyko\u0144czenie zale\u017cy od wyboru w\u0142a\u015bciwego koloru.<\/li>\n<li>MAUVE: dzi\u0119ki temu o\u0142\u00f3wkowi Twoje usta b\u0119d\u0105 m\u00f3wi\u0107 g\u0142o\u015bniej ni\u017c jakiekolwiek s\u0142owa.<\/li>\n<\/ul>\n<p>Wybierz zestaw o\u0142\u00f3wk\u00f3w ZOLA i ciesz si\u0119 nieskazitelnym wygl\u0105dem swoich ust ka\u017cdego dnia.<\/p>\n<p>&nbsp;<\/p>\n","protected":false},"excerpt":{"rendered":"<p>&nbsp; Spraw, by Tw\u00f3j wyb\u00f3r by\u0142 jeszcze bardziej op\u0142acalny, wybieraj\u0105c o\u0142\u00f3wki z temper\u00f3wk\u0105. Wszystkie nasze o\u0142\u00f3wki do ust s\u0105 prezentowane&#8230;<\/p>\n","protected":false},"featured_media":4780,"template":"","meta":[],"etheme_brands":[],"product_cat":[139],"product_tag":[],"aioseo_notices":[],"_links":{"self":[{"href":"https:\/\/zola-cosmetics.com\/pl\/wp-json\/wp\/v2\/product\/5973"}],"collection":[{"href":"https:\/\/zola-cosmetics.com\/pl\/wp-json\/wp\/v2\/product"}],"about":[{"href":"https:\/\/zola-cosmetics.com\/pl\/wp-json\/wp\/v2\/types\/product"}],"version-history":[{"count":1,"href":"https:\/\/zola-cosmetics.com\/pl\/wp-json\/wp\/v2\/product\/5973\/revisions"}],"predecessor-version":[{"id":6295,"href":"https:\/\/zola-cosmetics.com\/pl\/wp-json\/wp\/v2\/product\/5973\/revisions\/6295"}],"wp:featuredmedia":[{"embeddable":true,"href":"https:\/\/zola-cosmetics.com\/pl\/wp-json\/wp\/v2\/media\/4780"}],"wp:attachment":[{"href":"https:\/\/zola-cosmetics.com\/pl\/wp-json\/wp\/v2\/media?parent=5973"}],"wp:term":[{"taxonomy":"brand","embeddable":true,"href":"https:\/\/zola-cosmetics.com\/pl\/wp-json\/wp\/v2\/etheme_brands?post=5973"},{"taxonomy":"product_cat","embeddable":true,"href":"https:\/\/zola-cosmetics.com\/pl\/wp-json\/wp\/v2\/product_cat?post=5973"},{"taxonomy":"product_tag","embeddable":true,"href":"https:\/\/zola-cosmetics.com\/pl\/wp-json\/wp\/v2\/product_tag?post=5973"}],"curies":[{"name":"wp","href":"https:\/\/api.w.org\/{rel}","templated":true}]}}