{"id":5972,"date":"2024-01-09T20:39:08","date_gmt":"2024-01-09T20:39:08","guid":{"rendered":"https:\/\/zola-cosmetics.com\/product\/zola-x-romashka-compensators-for-lamination-of-eyelashes\/"},"modified":"2025-07-26T08:27:53","modified_gmt":"2025-07-26T08:27:53","slug":"zola-x-romashka-compensators-for-lamination-of-eyelashes","status":"publish","type":"product","link":"https:\/\/zola-cosmetics.com\/pl\/produkt\/zola-x-romashka-compensators-for-lamination-of-eyelashes\/","title":{"rendered":"ZOLA x Romashka Kompensatory do Laminacji Rz\u0119s"},"content":{"rendered":"<p>Kompensatory do laminacji rz\u0119s \u2014 unikalna wsp\u00f3\u0142praca Zola x Anna Romashenko! Doskonal swoj\u0105 technik\u0119 dzi\u0119ki narz\u0119dziom od wiod\u0105cej marki i wp\u0142ywowej influencerki w bran\u017cy beauty!<\/p>\n<p>Unikalne zalety:<\/p>\n<ul>\n<li>Forma zaprojektowana specjalnie dla marki Zola;<\/li>\n<li>Instagram-friendly design do tworzenia najlepszych zdj\u0119\u0107;<\/li>\n<li>Cienki, wysokiej jako\u015bci silikon i ergonomiczny kszta\u0142t pomagaj\u0105 bezpiecznie trzyma\u0107 rz\u0119sy podczas zabiegu laminowania, zapewniaj\u0105c profesjonalne i d\u0142ugotrwa\u0142e rezultaty poprzez wygod\u0119 u\u017cytkowania.<\/li>\n<li>Stworzone z my\u015bl\u0105 o specjalnych potrzebach stylist\u00f3w brwi.<\/li>\n<\/ul>\n","protected":false},"excerpt":{"rendered":"<p>Kompensatory do laminacji rz\u0119s \u2014 unikalna wsp\u00f3\u0142praca Zola x Anna Romashenko! Doskonal swoj\u0105 technik\u0119 dzi\u0119ki narz\u0119dziom od wiod\u0105cej marki i&#8230;<\/p>\n","protected":false},"featured_media":4782,"template":"","meta":[],"etheme_brands":[],"product_cat":[138,136],"product_tag":[],"aioseo_notices":[],"_links":{"self":[{"href":"https:\/\/zola-cosmetics.com\/pl\/wp-json\/wp\/v2\/product\/5972"}],"collection":[{"href":"https:\/\/zola-cosmetics.com\/pl\/wp-json\/wp\/v2\/product"}],"about":[{"href":"https:\/\/zola-cosmetics.com\/pl\/wp-json\/wp\/v2\/types\/product"}],"version-history":[{"count":2,"href":"https:\/\/zola-cosmetics.com\/pl\/wp-json\/wp\/v2\/product\/5972\/revisions"}],"predecessor-version":[{"id":7278,"href":"https:\/\/zola-cosmetics.com\/pl\/wp-json\/wp\/v2\/product\/5972\/revisions\/7278"}],"wp:featuredmedia":[{"embeddable":true,"href":"https:\/\/zola-cosmetics.com\/pl\/wp-json\/wp\/v2\/media\/4782"}],"wp:attachment":[{"href":"https:\/\/zola-cosmetics.com\/pl\/wp-json\/wp\/v2\/media?parent=5972"}],"wp:term":[{"taxonomy":"brand","embeddable":true,"href":"https:\/\/zola-cosmetics.com\/pl\/wp-json\/wp\/v2\/etheme_brands?post=5972"},{"taxonomy":"product_cat","embeddable":true,"href":"https:\/\/zola-cosmetics.com\/pl\/wp-json\/wp\/v2\/product_cat?post=5972"},{"taxonomy":"product_tag","embeddable":true,"href":"https:\/\/zola-cosmetics.com\/pl\/wp-json\/wp\/v2\/product_tag?post=5972"}],"curies":[{"name":"wp","href":"https:\/\/api.w.org\/{rel}","templated":true}]}}