{"id":5967,"date":"2024-01-09T20:39:08","date_gmt":"2024-01-09T20:39:08","guid":{"rendered":"https:\/\/zola-cosmetics.com\/product\/zola-compensators-for-lamination-of-eyelashes-pink\/"},"modified":"2026-03-09T13:18:16","modified_gmt":"2026-03-09T13:18:16","slug":"zola-compensators-for-lamination-of-eyelashes-pink","status":"publish","type":"product","link":"https:\/\/zola-cosmetics.com\/pl\/produkt\/zola-compensators-for-lamination-of-eyelashes-pink\/","title":{"rendered":"ZOLA Kompensatory do laminacji rz\u0119s (R\u00f3\u017cowy)"},"content":{"rendered":"<p>Kompensatory do laminacji rz\u0119s \u2014 udoskonal swoj\u0105 technik\u0119 dzi\u0119ki narz\u0119dziom kosmetycznym marki Zola!<\/p>\n<p>Charakterystyka serii:<\/p>\n<ul>\n<li>4 jaskrawe kolory, kt\u00f3re zamieni\u0105 proces laminacji w sztuk\u0119 \u2014 r\u00f3\u017cowy, fioletowy, pomara\u0144czowy i \u017c\u00f3\u0142ty;<\/li>\n<li>2 specjalne odcienie \u2014 to wsp\u00f3\u0142praca z Ann\u0105 Romashenko i kompensatory w stylowym \u017c\u00f3\u0142to-niebieskim kolorze;<\/li>\n<li>Wysokiej jako\u015bci trwa\u0142e materia\u0142y;<\/li>\n<li>Zaprojektowany do u\u017cytku profesjonalnego.<\/li>\n<\/ul>\n<p>Unikalne zalety:<\/p>\n<ul>\n<li>Forma zaprojektowana specjalnie dla marki Zola;<\/li>\n<li>Instagram-friendly design do tworzenia najlepszych zdj\u0119\u0107;<\/li>\n<li>Cienki, wysokiej jako\u015bci silikon i ergonomiczny kszta\u0142t pomagaj\u0105 bezpiecznie trzyma\u0107 rz\u0119sy podczas zabiegu laminowania, zapewniaj\u0105c profesjonalne i d\u0142ugotrwa\u0142e rezultaty poprzez wygod\u0119 u\u017cytkowania.<\/li>\n<\/ul>\n","protected":false},"excerpt":{"rendered":"<p>Kompensatory do laminacji rz\u0119s \u2014 udoskonal swoj\u0105 technik\u0119 dzi\u0119ki narz\u0119dziom kosmetycznym marki Zola! Charakterystyka serii: 4 jaskrawe kolory, kt\u00f3re zamieni\u0105&#8230;<\/p>\n","protected":false},"featured_media":4792,"template":"","meta":[],"etheme_brands":[],"product_cat":[138,136],"product_tag":[],"aioseo_notices":[],"_links":{"self":[{"href":"https:\/\/zola-cosmetics.com\/pl\/wp-json\/wp\/v2\/product\/5967"}],"collection":[{"href":"https:\/\/zola-cosmetics.com\/pl\/wp-json\/wp\/v2\/product"}],"about":[{"href":"https:\/\/zola-cosmetics.com\/pl\/wp-json\/wp\/v2\/types\/product"}],"version-history":[{"count":1,"href":"https:\/\/zola-cosmetics.com\/pl\/wp-json\/wp\/v2\/product\/5967\/revisions"}],"predecessor-version":[{"id":7271,"href":"https:\/\/zola-cosmetics.com\/pl\/wp-json\/wp\/v2\/product\/5967\/revisions\/7271"}],"wp:featuredmedia":[{"embeddable":true,"href":"https:\/\/zola-cosmetics.com\/pl\/wp-json\/wp\/v2\/media\/4792"}],"wp:attachment":[{"href":"https:\/\/zola-cosmetics.com\/pl\/wp-json\/wp\/v2\/media?parent=5967"}],"wp:term":[{"taxonomy":"brand","embeddable":true,"href":"https:\/\/zola-cosmetics.com\/pl\/wp-json\/wp\/v2\/etheme_brands?post=5967"},{"taxonomy":"product_cat","embeddable":true,"href":"https:\/\/zola-cosmetics.com\/pl\/wp-json\/wp\/v2\/product_cat?post=5967"},{"taxonomy":"product_tag","embeddable":true,"href":"https:\/\/zola-cosmetics.com\/pl\/wp-json\/wp\/v2\/product_tag?post=5967"}],"curies":[{"name":"wp","href":"https:\/\/api.w.org\/{rel}","templated":true}]}}