{"id":5963,"date":"2024-01-09T20:39:08","date_gmt":"2024-01-09T20:39:08","guid":{"rendered":"https:\/\/zola-cosmetics.com\/product\/zola-marking-thread-30-m-gold\/"},"modified":"2025-07-26T08:27:57","modified_gmt":"2025-07-26T08:27:57","slug":"zola-marking-thread-30-m-gold","status":"publish","type":"product","link":"https:\/\/zola-cosmetics.com\/pl\/produkt\/zola-marking-thread-30-m-gold\/","title":{"rendered":"ZOLA Ni\u0107 barwi\u0105ca 30 m (Z\u0142ota)"},"content":{"rendered":"<p>Nitka do znakowania brwi nas\u0105czona pigmentem barwi\u0105cym, kt\u00f3ry umo\u017cliwia precyzyjne oznaczenie przysz\u0142ych obszar\u00f3w do korekty i koloryzacji brwi, lub przed zabiegiem permanentnego makija\u017cu.<\/p>\n","protected":false},"excerpt":{"rendered":"<p>Nitka do znakowania brwi nas\u0105czona pigmentem barwi\u0105cym, kt\u00f3ry umo\u017cliwia precyzyjne oznaczenie przysz\u0142ych obszar\u00f3w do korekty i koloryzacji brwi, lub przed&#8230;<\/p>\n","protected":false},"featured_media":4800,"template":"","meta":[],"etheme_brands":[],"product_cat":[126,134],"product_tag":[],"aioseo_notices":[],"_links":{"self":[{"href":"https:\/\/zola-cosmetics.com\/pl\/wp-json\/wp\/v2\/product\/5963"}],"collection":[{"href":"https:\/\/zola-cosmetics.com\/pl\/wp-json\/wp\/v2\/product"}],"about":[{"href":"https:\/\/zola-cosmetics.com\/pl\/wp-json\/wp\/v2\/types\/product"}],"version-history":[{"count":1,"href":"https:\/\/zola-cosmetics.com\/pl\/wp-json\/wp\/v2\/product\/5963\/revisions"}],"predecessor-version":[{"id":6305,"href":"https:\/\/zola-cosmetics.com\/pl\/wp-json\/wp\/v2\/product\/5963\/revisions\/6305"}],"wp:featuredmedia":[{"embeddable":true,"href":"https:\/\/zola-cosmetics.com\/pl\/wp-json\/wp\/v2\/media\/4800"}],"wp:attachment":[{"href":"https:\/\/zola-cosmetics.com\/pl\/wp-json\/wp\/v2\/media?parent=5963"}],"wp:term":[{"taxonomy":"brand","embeddable":true,"href":"https:\/\/zola-cosmetics.com\/pl\/wp-json\/wp\/v2\/etheme_brands?post=5963"},{"taxonomy":"product_cat","embeddable":true,"href":"https:\/\/zola-cosmetics.com\/pl\/wp-json\/wp\/v2\/product_cat?post=5963"},{"taxonomy":"product_tag","embeddable":true,"href":"https:\/\/zola-cosmetics.com\/pl\/wp-json\/wp\/v2\/product_tag?post=5963"}],"curies":[{"name":"wp","href":"https:\/\/api.w.org\/{rel}","templated":true}]}}