{"id":5961,"date":"2024-01-09T20:39:09","date_gmt":"2024-01-09T20:39:09","guid":{"rendered":"https:\/\/zola-cosmetics.com\/product\/zola-laminating-set-new-browlash-protein-reconstruction-system\/"},"modified":"2026-01-25T14:29:28","modified_gmt":"2026-01-25T14:29:28","slug":"zola-laminating-set-new-browlash-protein-reconstruction-system","status":"publish","type":"product","link":"https:\/\/zola-cosmetics.com\/pl\/produkt\/zola-laminating-set-new-browlash-protein-reconstruction-system\/","title":{"rendered":"ZOLA Nowy zestaw do laminowania Brow&#038;Lash Protein Reconstruction System"},"content":{"rendered":"<p>PROTEIN RECONSTRUCTION to realizacja rozwoju naukowego stworzonego z innowacyjnymi formu\u0142ami, specjalnie dla ZOLA. Produkt jest w 100% uniwersalny i przeznaczony do u\u017cytku na bardzo twardych, jak r\u00f3wnie\u017c na normalnych i os\u0142abionych w\u0142osach, dzi\u0119ki regulowanemu czasowi ekspozycji, aby osi\u0105gn\u0105\u0107 doskona\u0142y wynik na ka\u017cdym typie w\u0142os\u00f3w. System zawiera trzy wysoce skuteczne formu\u0142y, kt\u00f3re zapewniaj\u0105 kompleksowy efekt utrwalenia do regeneracji: Protein Strong Lifting, Protein Fixer, Protein Care. Przydatne sk\u0142adniki systemu laminacji brwi i rz\u0119s PROTEIN RECONSTRUCTION: &#8211; Kompleks mikrobia\u0142ek (hydrolizowana keratyna NUTRILAN\u00ae + bia\u0142ka pszeniczne GLUADIN W40 (BASF, Niemcy) + kolagen) &#8211; Cysteamina HCL i Tioglikolan Amonu &#8211; PROTEOM-kompleks (hydrolizowane bia\u0142ka pszenicy, owsa, \u017ce\u0144-szenia, chmielu i bia\u0142ka jedwabiu) &#8211; Hydrolizowane bia\u0142ko sojowe &#8211; Olej awokado &#8211; NMF-kompleks (ekstrakty z korzenia \u0142opianu, \u0142opianu, pokrzywy, kwasu mlekowego i mleczanu sodu) &#8211; LIPID-kompleks (oleje z awokado i krumbi, witamina E) Rozw\u00f3j opiera si\u0119 na do\u015bwiadczeniu koncernu chemicznego BASF (Niemcy), znanego z doskona\u0142ej jako\u015bci i innowacyjnych rozwi\u0105za\u0144. Efekt kompozycji ma na celu nie tylko utrwalenie i efekt wizualny, ale tak\u017ce regeneracj\u0119 i ochron\u0119.<\/p>\n","protected":false},"excerpt":{"rendered":"<p>PROTEIN RECONSTRUCTION to realizacja rozwoju naukowego stworzonego z innowacyjnymi formu\u0142ami, specjalnie dla ZOLA. Produkt jest w 100% uniwersalny i przeznaczony&#8230;<\/p>\n","protected":false},"featured_media":6933,"template":"","meta":[],"etheme_brands":[],"product_cat":[126],"product_tag":[197],"aioseo_notices":[],"_links":{"self":[{"href":"https:\/\/zola-cosmetics.com\/pl\/wp-json\/wp\/v2\/product\/5961"}],"collection":[{"href":"https:\/\/zola-cosmetics.com\/pl\/wp-json\/wp\/v2\/product"}],"about":[{"href":"https:\/\/zola-cosmetics.com\/pl\/wp-json\/wp\/v2\/types\/product"}],"version-history":[{"count":1,"href":"https:\/\/zola-cosmetics.com\/pl\/wp-json\/wp\/v2\/product\/5961\/revisions"}],"predecessor-version":[{"id":6307,"href":"https:\/\/zola-cosmetics.com\/pl\/wp-json\/wp\/v2\/product\/5961\/revisions\/6307"}],"wp:featuredmedia":[{"embeddable":true,"href":"https:\/\/zola-cosmetics.com\/pl\/wp-json\/wp\/v2\/media\/6933"}],"wp:attachment":[{"href":"https:\/\/zola-cosmetics.com\/pl\/wp-json\/wp\/v2\/media?parent=5961"}],"wp:term":[{"taxonomy":"brand","embeddable":true,"href":"https:\/\/zola-cosmetics.com\/pl\/wp-json\/wp\/v2\/etheme_brands?post=5961"},{"taxonomy":"product_cat","embeddable":true,"href":"https:\/\/zola-cosmetics.com\/pl\/wp-json\/wp\/v2\/product_cat?post=5961"},{"taxonomy":"product_tag","embeddable":true,"href":"https:\/\/zola-cosmetics.com\/pl\/wp-json\/wp\/v2\/product_tag?post=5961"}],"curies":[{"name":"wp","href":"https:\/\/api.w.org\/{rel}","templated":true}]}}