{"id":5959,"date":"2024-01-09T20:39:09","date_gmt":"2024-01-09T20:39:09","guid":{"rendered":"https:\/\/zola-cosmetics.com\/product\/zola-laminating-compound-new-02-protein-fixer\/"},"modified":"2026-04-15T11:39:34","modified_gmt":"2026-04-15T11:39:34","slug":"zola-laminating-compound-new-02-protein-fixer","status":"publish","type":"product","link":"https:\/\/zola-cosmetics.com\/pl\/produkt\/zola-laminating-compound-new-02-protein-fixer\/","title":{"rendered":"ZOLA Nowy \u015brodek do laminowania 02 Protein Fixer"},"content":{"rendered":"<p>PROTEIN FIXER to drugi krok w innowacyjnym systemie do laminacji brwi i rz\u0119s marki Zola. Produkt zapewnia neutralizacj\u0119 dzia\u0142ania pierwszego preparatu i tworzenie nowych wi\u0105za\u0144 dwusiarczkowych w odnowionej konfiguracji (utrwalenie nadanego kszta\u0142tu). Formu\u0142a produktu zapewnia odbudow\u0119 naturalnej warstwy w\u0142osa w miejscach podatnych na uszkodzenia, zmniejszaj\u0105c ich \u0142amliwo\u015b\u0107 i wyr\u00f3wnuj\u0105c indeks wodorowy w\u0142osa. PROTEIN FIXER uzupe\u0142nia dzia\u0142anie pierwszego preparatu i zapewnia gwarantowany efekt laminowania + piel\u0119gnacji w\u0142os\u00f3w dla ich osza\u0142amiaj\u0105cego pi\u0119kna.<\/p>\n<p>Sk\u0142adniki aktywne PROTEIN FIXER \u2014 drugi krok systemu do laminacji brwi i rz\u0119s PROTEIN RECONSTRUCTION:<\/p>\n<p>1. Hydrolizowane bia\u0142ko sojowe:<\/p>\n<ul>\n<li>Zawiera aminokwasy i bia\u0142ka, kt\u00f3re pozwalaj\u0105 wzmocni\u0107 rz\u0119sy i brwi. Mog\u0105 one sta\u0107 si\u0119 mniej \u0142amliwe i podatne na wypadanie w przypadku nara\u017cenia na dzia\u0142anie agresywnych czynnik\u00f3w zewn\u0119trznych.<\/li>\n<li>W po\u0142\u0105czeniu z mikroproteinami wzmacnia w\u0142osy i przywraca ich naturaln\u0105 kondycj\u0119.<\/li>\n<li>Zmniejsza utrat\u0119 wilgoci, poprawiaj\u0105c w ten spos\u00f3b wygl\u0105d i tekstur\u0119 w\u0142os\u00f3w.<\/li>\n<\/ul>\n<p>2. Hydrolizowana keratyna:<\/p>\n<ul>\n<li>Pozwala naprawi\u0107 uszkodzone w\u0142osy, wzmacnia ich struktur\u0119 i sprawia, \u017ce w\u0142osy staj\u0105 si\u0119 mocniejsze i zdrowsze.<\/li>\n<li>Keratyna poprawia r\u00f3wnie\u017c tekstur\u0119 i wygl\u0105d w\u0142os\u00f3w, nadaj\u0105c im g\u0142adsze i bardziej l\u015bni\u0105ce wyko\u0144czenie<\/li>\n<li>Hydrolizowana keratyna tworzy barier\u0119 ochronn\u0105 na powierzchni rz\u0119s i brwi, zapobiegaj\u0105c ich uszkodzeniu przez szkodliwe czynniki, takie jak promienie s\u0142oneczne, wiatr czy zanieczyszczenia.<\/li>\n<\/ul>\n<p>3. Olej z awokado:<\/p>\n<ul>\n<li>Charakteryzuje si\u0119 wysok\u0105 zawarto\u015bci\u0105 kwas\u00f3w t\u0142uszczowych, takich jak kwas oleinowy i palmitynowy, kt\u00f3re od\u017cywiaj\u0105, zmi\u0119kczaj\u0105 w\u0142osy i maj\u0105 w\u0142a\u015bciwo\u015bci antystatyczne.<\/li>\n<li>Witaminy i minera\u0142y obecne w oleju z awokado wzmacniaj\u0105 mieszki w\u0142osowe i przyspieszaj\u0105 wzrost rz\u0119s i brwi.<\/li>\n<li>Przeciwutleniacze zawarte w oleju z awokado chroni\u0105 rz\u0119sy i brwi przed wolnymi rodnikami i czynnikami zewn\u0119trznymi, kt\u00f3re mog\u0105 powodowa\u0107 uszkodzenia i utrat\u0119 ich atrakcyjnego wygl\u0105du.<\/li>\n<\/ul>\n<p>Spos\u00f3b u\u017cycia: po u\u017cyciu pierwszego produktu na\u0142\u00f3\u017c niewielk\u0105 ilo\u015b\u0107 PROTEIN FIXER na w\u0142oski brwi lub rz\u0119s, pozostaw na 7-8 minut bez wzgl\u0119du na rodzaj w\u0142osk\u00f3w. Usu\u0144 pozosta\u0142o\u015bci produktu za pomoc\u0105 p\u0142atka kosmetycznego nas\u0105czonego wod\u0105. Zapoznaj si\u0119 z instrukcjami, aby uzyska\u0107 bardziej szczeg\u00f3\u0142owe informacje na temat aplikacji!<\/p>\n","protected":false},"excerpt":{"rendered":"<p>PROTEIN FIXER to drugi krok w innowacyjnym systemie do laminacji brwi i rz\u0119s marki Zola. Produkt zapewnia neutralizacj\u0119 dzia\u0142ania pierwszego&#8230;<\/p>\n","protected":false},"featured_media":6936,"template":"","meta":[],"etheme_brands":[],"product_cat":[126,174,137,173],"product_tag":[197],"aioseo_notices":[],"_links":{"self":[{"href":"https:\/\/zola-cosmetics.com\/pl\/wp-json\/wp\/v2\/product\/5959"}],"collection":[{"href":"https:\/\/zola-cosmetics.com\/pl\/wp-json\/wp\/v2\/product"}],"about":[{"href":"https:\/\/zola-cosmetics.com\/pl\/wp-json\/wp\/v2\/types\/product"}],"version-history":[{"count":2,"href":"https:\/\/zola-cosmetics.com\/pl\/wp-json\/wp\/v2\/product\/5959\/revisions"}],"predecessor-version":[{"id":7295,"href":"https:\/\/zola-cosmetics.com\/pl\/wp-json\/wp\/v2\/product\/5959\/revisions\/7295"}],"wp:featuredmedia":[{"embeddable":true,"href":"https:\/\/zola-cosmetics.com\/pl\/wp-json\/wp\/v2\/media\/6936"}],"wp:attachment":[{"href":"https:\/\/zola-cosmetics.com\/pl\/wp-json\/wp\/v2\/media?parent=5959"}],"wp:term":[{"taxonomy":"brand","embeddable":true,"href":"https:\/\/zola-cosmetics.com\/pl\/wp-json\/wp\/v2\/etheme_brands?post=5959"},{"taxonomy":"product_cat","embeddable":true,"href":"https:\/\/zola-cosmetics.com\/pl\/wp-json\/wp\/v2\/product_cat?post=5959"},{"taxonomy":"product_tag","embeddable":true,"href":"https:\/\/zola-cosmetics.com\/pl\/wp-json\/wp\/v2\/product_tag?post=5959"}],"curies":[{"name":"wp","href":"https:\/\/api.w.org\/{rel}","templated":true}]}}