{"id":5958,"date":"2024-01-09T20:39:09","date_gmt":"2024-01-09T20:39:09","guid":{"rendered":"https:\/\/zola-cosmetics.com\/product\/zola-laminating-compound-new-03-protein-care\/"},"modified":"2026-04-15T11:39:34","modified_gmt":"2026-04-15T11:39:34","slug":"zola-laminating-compound-new-03-protein-care","status":"publish","type":"product","link":"https:\/\/zola-cosmetics.com\/pl\/produkt\/zola-laminating-compound-new-03-protein-care\/","title":{"rendered":"ZOLA Nowy \u015brodek do laminowania 03 Protein Care"},"content":{"rendered":"<p>PROTEIN CARE to trzeci krok w innowacyjnym systemie do laminacji brwi i rz\u0119s Zola. Sk\u0142adniki produktu zapewni\u0105 g\u0142\u0119bok\u0105 rekonstrukcj\u0119 i odbudow\u0119 w\u0142osk\u00f3w. Specjalna formu\u0142a 3 kompozycji ma na celu odbudow\u0119 w\u0142asnej masy bia\u0142kowej i lipidowej w\u0142osa (KORA W\u0141OSA) na 3 poziomach: odbudowa-nawil\u017cenie-od\u017cywienie .<\/p>\n<ol>\n<li>PROTEIN CARE zapewnia gwarantowane efekty na TRZECH poziomach: ODBUDOWA dzi\u0119ki zawarto\u015bci 5 specjalnych hydrolizowanych protein \u2014 PROTEOM-complex.<\/li>\n<li>NAWI\u0141\u017bENIE KORY W\u0141\u00d3SA dzi\u0119ki specjalnemu kompleksowi NMF.<\/li>\n<li>OD\u017bYWIANIE KORY W\u0141OSA: KOMPLEKS LIPIDOWY oparty na olejach o g\u0142\u0119bokiej przepuszczalno\u015bci (awokado i krambi) witamina E, wzbogacony specjalnymi polimerami.<\/li>\n<\/ol>\n<p>Sk\u0142adniki aktywne PROTEIN CARE \u2014 trzeci krok systemu laminacji brwi i rz\u0119s PROTEIN RECONSTRUCTION:<\/p>\n<p>1. Specjalny hydrolizowany kompleks proteinowy zawieraj\u0105cy pi\u0119\u0107 sk\u0142adnik\u00f3w:<\/p>\n<ul>\n<li>Proteiny pszenicy i owsa wzmacniaj\u0105 rz\u0119sy i brwi, zmniejszaj\u0105c ich \u0142amliwo\u015b\u0107 i naprawiaj\u0105c uszkodzone obszary.<\/li>\n<li>Proteiny \u017ce\u0144-szenia i chmielu zwi\u0119kszaj\u0105 poziom nawil\u017cenia rz\u0119s i brwi, a tak\u017ce je od\u017cywiaj\u0105. Jest to szczeg\u00f3lnie wa\u017cne dla poprawy kondycji suchych i zniszczonych rz\u0119s i brwi.<\/li>\n<li>Proteiny jedwabiu maj\u0105 w\u0142a\u015bciwo\u015bci chroni\u0105ce rz\u0119sy i brwi przed czynnikami zewn\u0119trznymi.<\/li>\n<\/ul>\n<p>2. Kompleks NMF (Naturalny Czynnik Nawil\u017caj\u0105cy):<\/p>\n<ul>\n<li>Kwas mlekowy i mleczan sodu s\u0105 skutecznymi \u015brodkami nawil\u017caj\u0105cymi w\u0142osy i sk\u00f3r\u0119. Ich stosowanie mo\u017ce pom\u00f3c rz\u0119som i brwiom pozosta\u0107 nawil\u017conymi i zdrowymi, zapobiegaj\u0105c sucho\u015bci i \u0142amliwo\u015bci.<\/li>\n<li>Ekstrakty z korzenia \u0142opianu, aira i pokrzywy zawieraj\u0105 witaminy i minera\u0142y, kt\u00f3re wzmacniaj\u0105 rz\u0119sy i brwi, a tak\u017ce pomagaj\u0105 regenerowa\u0107 i naprawia\u0107 ich struktur\u0119.<\/li>\n<\/ul>\n<p>3. Kompleks LIPID + polimery:<\/p>\n<ul>\n<li>Oleje z awokado i olej abisy\u0144ski maj\u0105 w\u0142a\u015bciwo\u015bci g\u0142\u0119bokiej przenikalno\u015bci, kt\u00f3re pozwalaj\u0105 im wnika\u0107 g\u0142\u0119boko w struktur\u0119 rz\u0119s i brwi. Dzi\u0119ki temu skutecznie nawil\u017caj\u0105 i od\u017cywiaj\u0105 w\u0142oski, pozostawiaj\u0105c je mi\u0119kkie, g\u0142adkie i bardziej odporne na uszkodzenia.<\/li>\n<li>Regularne stosowanie witaminy E pomaga zapobiega\u0107 \u0142amliwo\u015bci rz\u0119s i brwi, czyni\u0105c je mniej podatnymi na kruszenie i rozdwajanie.<\/li>\n<li>Polimery tworz\u0105 barier\u0119 ochronn\u0105 na powierzchni rz\u0119s i brwi, co pozwala uchroni\u0107 je przed uszkodzeniami spowodowanymi czynnikami zewn\u0119trznymi, takimi jak promienie s\u0142oneczne czy zanieczyszczenia.<\/li>\n<\/ul>\n<p>Spos\u00f3b u\u017cycia: Po zastosowaniu pierwszego i drugiego produktu na\u0142\u00f3\u017c niewielk\u0105 ilo\u015b\u0107 PROTEIN CARE na w\u0142oski brwi lub rz\u0119s, pozostaw na 3-5 minut. Usu\u0144 pozosta\u0142o\u015bci produktu za pomoc\u0105 p\u0142atka kosmetycznego nas\u0105czonego wod\u0105. Zapoznaj si\u0119 z instrukcjami, aby uzyska\u0107 bardziej szczeg\u00f3\u0142owe informacje na temat aplikacji!<\/p>\n","protected":false},"excerpt":{"rendered":"<p>PROTEIN CARE to trzeci krok w innowacyjnym systemie do laminacji brwi i rz\u0119s Zola. Sk\u0142adniki produktu zapewni\u0105 g\u0142\u0119bok\u0105 rekonstrukcj\u0119 i&#8230;<\/p>\n","protected":false},"featured_media":6930,"template":"","meta":[],"etheme_brands":[],"product_cat":[126,174,137,173],"product_tag":[197],"aioseo_notices":[],"_links":{"self":[{"href":"https:\/\/zola-cosmetics.com\/pl\/wp-json\/wp\/v2\/product\/5958"}],"collection":[{"href":"https:\/\/zola-cosmetics.com\/pl\/wp-json\/wp\/v2\/product"}],"about":[{"href":"https:\/\/zola-cosmetics.com\/pl\/wp-json\/wp\/v2\/types\/product"}],"version-history":[{"count":2,"href":"https:\/\/zola-cosmetics.com\/pl\/wp-json\/wp\/v2\/product\/5958\/revisions"}],"predecessor-version":[{"id":7294,"href":"https:\/\/zola-cosmetics.com\/pl\/wp-json\/wp\/v2\/product\/5958\/revisions\/7294"}],"wp:featuredmedia":[{"embeddable":true,"href":"https:\/\/zola-cosmetics.com\/pl\/wp-json\/wp\/v2\/media\/6930"}],"wp:attachment":[{"href":"https:\/\/zola-cosmetics.com\/pl\/wp-json\/wp\/v2\/media?parent=5958"}],"wp:term":[{"taxonomy":"brand","embeddable":true,"href":"https:\/\/zola-cosmetics.com\/pl\/wp-json\/wp\/v2\/etheme_brands?post=5958"},{"taxonomy":"product_cat","embeddable":true,"href":"https:\/\/zola-cosmetics.com\/pl\/wp-json\/wp\/v2\/product_cat?post=5958"},{"taxonomy":"product_tag","embeddable":true,"href":"https:\/\/zola-cosmetics.com\/pl\/wp-json\/wp\/v2\/product_tag?post=5958"}],"curies":[{"name":"wp","href":"https:\/\/api.w.org\/{rel}","templated":true}]}}