{"id":5957,"date":"2024-01-09T20:39:09","date_gmt":"2024-01-09T20:39:09","guid":{"rendered":"https:\/\/zola-cosmetics.com\/product\/zola-viktorina-vika-eyebrow-brightening-purple-bb-powder-10-g\/"},"modified":"2026-03-23T14:57:39","modified_gmt":"2026-03-23T14:57:39","slug":"zola-viktorina-vika-eyebrow-brightening-purple-bb-powder-10-g","status":"publish","type":"product","link":"https:\/\/zola-cosmetics.com\/pl\/produkt\/zola-viktorina-vika-eyebrow-brightening-purple-bb-powder-10-g\/","title":{"rendered":"ZOLA Viktorina Vika Puder rozja\u015bniaj\u0105cy do brwi Purple BB Powder 10 g."},"content":{"rendered":"<p>BB Blond Powder to profesjonalny fioletowy proszek do rozja\u015bniania brwi.<\/p>\n<p>Po wymieszaniu z utleniaczem (3%) tworzy jednolit\u0105 konsystencj\u0119 kremow\u0105, kt\u00f3ra \u0142atwo rozprowadza si\u0119 na w\u0142oskach i nie rozprzestrzenia si\u0119.<\/p>\n<p>Proszek BB Blond ma delikatne dzia\u0142anie, r\u00f3wnomiernie i \u0142agodnie rozja\u015bnia naturalne lub farbowane w\u0142oski dzi\u0119ki specjalnym fioletowym pigmentom, kt\u00f3re s\u0105 zawarte w sk\u0142adzie, neutralizuj\u0105c niepo\u017c\u0105dane \u017c\u00f3\u0142kni\u0119cie.<\/p>\n<p>Produkt przeznaczony jest wy\u0142\u0105cznie do u\u017cytku profesjonalnego!<\/p>\n<p>&nbsp;<\/p>\n","protected":false},"excerpt":{"rendered":"<p>BB Blond Powder to profesjonalny fioletowy proszek do rozja\u015bniania brwi. Po wymieszaniu z utleniaczem (3%) tworzy jednolit\u0105 konsystencj\u0119 kremow\u0105, kt\u00f3ra&#8230;<\/p>\n","protected":false},"featured_media":4812,"template":"","meta":[],"etheme_brands":[],"product_cat":[134],"product_tag":[197],"aioseo_notices":[],"_links":{"self":[{"href":"https:\/\/zola-cosmetics.com\/pl\/wp-json\/wp\/v2\/product\/5957"}],"collection":[{"href":"https:\/\/zola-cosmetics.com\/pl\/wp-json\/wp\/v2\/product"}],"about":[{"href":"https:\/\/zola-cosmetics.com\/pl\/wp-json\/wp\/v2\/types\/product"}],"version-history":[{"count":1,"href":"https:\/\/zola-cosmetics.com\/pl\/wp-json\/wp\/v2\/product\/5957\/revisions"}],"predecessor-version":[{"id":6311,"href":"https:\/\/zola-cosmetics.com\/pl\/wp-json\/wp\/v2\/product\/5957\/revisions\/6311"}],"wp:featuredmedia":[{"embeddable":true,"href":"https:\/\/zola-cosmetics.com\/pl\/wp-json\/wp\/v2\/media\/4812"}],"wp:attachment":[{"href":"https:\/\/zola-cosmetics.com\/pl\/wp-json\/wp\/v2\/media?parent=5957"}],"wp:term":[{"taxonomy":"brand","embeddable":true,"href":"https:\/\/zola-cosmetics.com\/pl\/wp-json\/wp\/v2\/etheme_brands?post=5957"},{"taxonomy":"product_cat","embeddable":true,"href":"https:\/\/zola-cosmetics.com\/pl\/wp-json\/wp\/v2\/product_cat?post=5957"},{"taxonomy":"product_tag","embeddable":true,"href":"https:\/\/zola-cosmetics.com\/pl\/wp-json\/wp\/v2\/product_tag?post=5957"}],"curies":[{"name":"wp","href":"https:\/\/api.w.org\/{rel}","templated":true}]}}