{"id":5955,"date":"2024-01-09T20:39:09","date_gmt":"2024-01-09T20:39:09","guid":{"rendered":"https:\/\/zola-cosmetics.com\/product\/zola-x-maks-bilokonskyi-multifunctional-moisturising-aqua-fluid-10ml\/"},"modified":"2025-07-26T08:27:51","modified_gmt":"2025-07-26T08:27:51","slug":"zola-x-maks-bilokonskyi-multifunctional-moisturising-aqua-fluid-10ml","status":"publish","type":"product","link":"https:\/\/zola-cosmetics.com\/pl\/produkt\/zola-x-maks-bilokonskyi-multifunctional-moisturising-aqua-fluid-10ml\/","title":{"rendered":"ZOLA x Maks Bilokonskyi Wielofunkcyjny P\u0142yn Nawil\u017caj\u0105cy AQUA FLUID 10ml"},"content":{"rendered":"<p><strong>Poznaj NOWY PRODUKT marki Zola we wsp\u00f3\u0142pracy z Maxem Bilokonskim!<\/strong><\/p>\n<p>Genialny, wszechstronny, dodatkowo nawil\u017caj\u0105cy &#8211; AQUA FLUID!<\/p>\n<p><strong>AQUA FLUID<\/strong> to z\u0142oty standard nawil\u017cania, kt\u00f3ry dzia\u0142a na dw\u00f3ch poziomach jednocze\u015bnie:<\/p>\n<p><strong>1. SZYBKI NAWIL\u017bAJ\u0104CY &#8211; Poziom \u201eTutaj i teraz\u201d<\/strong><\/p>\n<p>Intensywnie nawil\u017caj\u0105cy, ale lekki p\u0142yn wzbogacony formu\u0142\u0105 opart\u0105 na pot\u0119\u017cnym kompleksie nawil\u017caj\u0105cym NMF, kt\u00f3ry pomaga utrzyma\u0107 optymalny poziom nawil\u017cenia w\u0142os\u00f3w i sk\u00f3ry, zapewniaj\u0105c natychmiastowy efekt nawil\u017caj\u0105cy: \u201etutaj i teraz\u201d.<\/p>\n<p><strong>2. D\u0141UGOTERMINOWY &#8211; Poziom \u201eD\u0142ugotrwa\u0142e nawil\u017cenie\u201d<\/strong><\/p>\n<p>Aqua Fluid zawiera specjalne substancje kosmetyczne &#8211; \u201epu\u0142apki\u201d, kt\u00f3re zatrzymuj\u0105 i blokuj\u0105 wilgo\u0107 we w\u0142osach i sk\u00f3rze. Ta technologia zapewnia wolne uwalnianie wody, optymalizuje r\u00f3wnowag\u0119 nawil\u017cenia i tworzy niewidoczn\u0105 mikropow\u0142ok\u0119, chroni\u0105c sk\u00f3r\u0119 przed sucho\u015bci\u0105, uczuciem zaciskania i \u0142uszczeniem, sprawiaj\u0105c, \u017ce staje si\u0119 ona bardziej j\u0119drna i g\u0142adka, a w\u0142osy nawil\u017cone na d\u0142ugi czas.<\/p>\n<p><strong>7 zastosowa\u0144 w jednej butelce:<\/strong><\/p>\n<ul>\n<li>Produkt do codziennej piel\u0119gnacji.<\/li>\n<li>Rozcie\u0144czalnik masy pigmentowej farby do w\u0142os\u00f3w.<\/li>\n<li>\u015arodek do rozpuszczania kredki w proszku i nak\u0142adania jej metod\u0105 mokr\u0105.<\/li>\n<li>P\u0142ynne plastry pod oczy.<\/li>\n<li>\u015arodek \u0142agodz\u0105cy po depilacji brwi i ust.<\/li>\n<li>Etap po\u015bredni mi\u0119dzy koloryzacj\u0105 brwi i rz\u0119s a laminowaniem.<\/li>\n<li>Ochrona sk\u00f3ry przed depilacj\u0105 woskiem.<\/li>\n<\/ul>\n<p>Dodaj z\u0142oty blask swojej pracy z klientami lub swojej codziennej rutynie urody dzi\u0119ki AQUA FLUID!<\/p>\n<p>&nbsp;<\/p>\n","protected":false},"excerpt":{"rendered":"<p>Poznaj NOWY PRODUKT marki Zola we wsp\u00f3\u0142pracy z Maxem Bilokonskim! Genialny, wszechstronny, dodatkowo nawil\u017caj\u0105cy &#8211; AQUA FLUID! AQUA FLUID to&#8230;<\/p>\n","protected":false},"featured_media":4816,"template":"","meta":[],"etheme_brands":[],"product_cat":[172,171],"product_tag":[],"aioseo_notices":[],"_links":{"self":[{"href":"https:\/\/zola-cosmetics.com\/pl\/wp-json\/wp\/v2\/product\/5955"}],"collection":[{"href":"https:\/\/zola-cosmetics.com\/pl\/wp-json\/wp\/v2\/product"}],"about":[{"href":"https:\/\/zola-cosmetics.com\/pl\/wp-json\/wp\/v2\/types\/product"}],"version-history":[{"count":1,"href":"https:\/\/zola-cosmetics.com\/pl\/wp-json\/wp\/v2\/product\/5955\/revisions"}],"predecessor-version":[{"id":6313,"href":"https:\/\/zola-cosmetics.com\/pl\/wp-json\/wp\/v2\/product\/5955\/revisions\/6313"}],"wp:featuredmedia":[{"embeddable":true,"href":"https:\/\/zola-cosmetics.com\/pl\/wp-json\/wp\/v2\/media\/4816"}],"wp:attachment":[{"href":"https:\/\/zola-cosmetics.com\/pl\/wp-json\/wp\/v2\/media?parent=5955"}],"wp:term":[{"taxonomy":"brand","embeddable":true,"href":"https:\/\/zola-cosmetics.com\/pl\/wp-json\/wp\/v2\/etheme_brands?post=5955"},{"taxonomy":"product_cat","embeddable":true,"href":"https:\/\/zola-cosmetics.com\/pl\/wp-json\/wp\/v2\/product_cat?post=5955"},{"taxonomy":"product_tag","embeddable":true,"href":"https:\/\/zola-cosmetics.com\/pl\/wp-json\/wp\/v2\/product_tag?post=5955"}],"curies":[{"name":"wp","href":"https:\/\/api.w.org\/{rel}","templated":true}]}}