{"id":5954,"date":"2024-01-09T20:39:09","date_gmt":"2024-01-09T20:39:09","guid":{"rendered":"https:\/\/zola-cosmetics.com\/product\/zola-eyebrow-and-lash-oil-oil-mix-10-ml\/"},"modified":"2026-02-02T11:35:46","modified_gmt":"2026-02-02T11:35:46","slug":"zola-eyebrow-and-lash-oil-oil-mix-10-ml","status":"publish","type":"product","link":"https:\/\/zola-cosmetics.com\/pl\/produkt\/zola-eyebrow-and-lash-oil-oil-mix-10-ml\/","title":{"rendered":"ZOLA Olejek do brwi i rz\u0119s OIL MIX 10 ml"},"content":{"rendered":"<p>Poznaj EXTRA od\u017cywcz\u0105 nowo\u015b\u0107 od Zola &#8211; Olejek Mix! Nowy produkt ma nast\u0119puj\u0105ce zalety: Wzbogaca w\u0142oski brwi i rz\u0119s w niezb\u0119dne sk\u0142adniki od\u017cywcze, zapobiegaj\u0105c ich wysuszaniu si\u0119 i \u0142amaniu po zabiegach koloryzacji\/laminacji. \u0141agodzi sk\u00f3r\u0119 wok\u00f3\u0142 brwi, zmniejszaj\u0105c mo\u017cliwo\u015b\u0107 wyst\u0119powania sucho\u015bci, \u0142uszczenia i podra\u017cnie\u0144, szczeg\u00f3lnie po korekcie. Przed koloryzacj\u0105 brwi, olejek mo\u017cna stosowa\u0107 do utworzenia ochronnej warstwy filmowej, kt\u00f3ra pomo\u017ce unikn\u0105\u0107 zabarwienia niepo\u017c\u0105danych obszar\u00f3w sk\u00f3ry. Nadaje brwiom i rz\u0119som zdrowy po\u0142ysk oraz poprawia ich tekstur\u0119, sprawiaj\u0105c, \u017ce staj\u0105 si\u0119 g\u0142adkie i lepiej wypiel\u0119gnowane. Regularne stosowanie olejku do brwi mo\u017ce stymulowa\u0107 wzrost w\u0142os\u00f3w, sprawiaj\u0105c, \u017ce brwi i rz\u0119sy staj\u0105 si\u0119 grubsze i bardziej atrakcyjne. Olejek nadaje si\u0119 do codziennej piel\u0119gnacji, zapewniaj\u0105c niezb\u0119dn\u0105 wilgotno\u015b\u0107 i od\u017cywienie, szczeg\u00f3lnie w okresach mi\u0119dzy zabiegami w salonie.<\/p>\n","protected":false},"excerpt":{"rendered":"<p>Poznaj EXTRA od\u017cywcz\u0105 nowo\u015b\u0107 od Zola &#8211; Olejek Mix! Nowy produkt ma nast\u0119puj\u0105ce zalety: Wzbogaca w\u0142oski brwi i rz\u0119s w&#8230;<\/p>\n","protected":false},"featured_media":4818,"template":"","meta":[],"etheme_brands":[],"product_cat":[126,134],"product_tag":[197],"aioseo_notices":[],"_links":{"self":[{"href":"https:\/\/zola-cosmetics.com\/pl\/wp-json\/wp\/v2\/product\/5954"}],"collection":[{"href":"https:\/\/zola-cosmetics.com\/pl\/wp-json\/wp\/v2\/product"}],"about":[{"href":"https:\/\/zola-cosmetics.com\/pl\/wp-json\/wp\/v2\/types\/product"}],"version-history":[{"count":1,"href":"https:\/\/zola-cosmetics.com\/pl\/wp-json\/wp\/v2\/product\/5954\/revisions"}],"predecessor-version":[{"id":6314,"href":"https:\/\/zola-cosmetics.com\/pl\/wp-json\/wp\/v2\/product\/5954\/revisions\/6314"}],"wp:featuredmedia":[{"embeddable":true,"href":"https:\/\/zola-cosmetics.com\/pl\/wp-json\/wp\/v2\/media\/4818"}],"wp:attachment":[{"href":"https:\/\/zola-cosmetics.com\/pl\/wp-json\/wp\/v2\/media?parent=5954"}],"wp:term":[{"taxonomy":"brand","embeddable":true,"href":"https:\/\/zola-cosmetics.com\/pl\/wp-json\/wp\/v2\/etheme_brands?post=5954"},{"taxonomy":"product_cat","embeddable":true,"href":"https:\/\/zola-cosmetics.com\/pl\/wp-json\/wp\/v2\/product_cat?post=5954"},{"taxonomy":"product_tag","embeddable":true,"href":"https:\/\/zola-cosmetics.com\/pl\/wp-json\/wp\/v2\/product_tag?post=5954"}],"curies":[{"name":"wp","href":"https:\/\/api.w.org\/{rel}","templated":true}]}}